{"id":937,"date":"2024-09-24T23:40:07","date_gmt":"2024-09-24T14:40:07","guid":{"rendered":"https:\/\/ki-sho.co.jp\/ket-qua-thi-cong\/"},"modified":"2024-11-29T13:19:43","modified_gmt":"2024-11-29T04:19:43","slug":"ket-qua-thi-cong","status":"publish","type":"page","link":"https:\/\/ki-sho.co.jp\/vi\/ket-qua-thi-cong\/","title":{"rendered":"K\u1ebft qu\u1ea3 thi c\u00f4ng"},"content":{"rendered":"\n<p><span style=\"font-size:18px\" class=\"swl-fz\">\u0110\u00e2y l\u00e0 k\u1ebft qu\u1ea3 x\u00e2y d\u1ef1ng ch\u00ednh c\u1ee7a ch\u00fang t\u00f4i trong nh\u1eefng n\u0103m g\u1ea7n \u0111\u00e2y. Takasho ch\u1ee7 y\u1ebfu l\u00e0m vi\u1ec7c \u1edf Tokyo, ngo\u00e0i ra c\u00f2n \u1edf c\u00e1c qu\u1eadn Chiba, Kanagawa v\u00e0 Saitama. Ch\u00fang t\u00f4i \u0111\u1ea3m nh\u1eadn c\u00f4ng vi\u1ec7c tr\u00e1t t\u01b0\u1eddng cho nhi\u1ec1u lo\u1ea1i t\u00f2a nh\u00e0, bao g\u1ed3m c\u00f4ng vi\u1ec7c c\u1ea3i t\u1ea1o c\u00e1c c\u00f4ng tr\u00ecnh c\u00f4ng c\u1ed9ng v\u00e0 x\u00e2y d\u1ef1ng m\u1edbi c\u00e1c t\u00f2a nh\u00e0 chung c\u01b0.<\/span><\/p>\n\n<figure class=\"wp-block-image size-large\"><img decoding=\"async\" width=\"1024\" height=\"225\" src=\"http:\/\/junjunwebdesign.work\/test_kishou\/wp-content\/uploads\/2024\/09\/3baf73fb39d5908615a22a18084ce409-1024x225.png\" alt=\"\" class=\"wp-image-139\" srcset=\"https:\/\/ki-sho.co.jp\/wp-content\/uploads\/2024\/09\/3baf73fb39d5908615a22a18084ce409-1024x225.png 1024w, https:\/\/ki-sho.co.jp\/wp-content\/uploads\/2024\/09\/3baf73fb39d5908615a22a18084ce409-300x66.png 300w, https:\/\/ki-sho.co.jp\/wp-content\/uploads\/2024\/09\/3baf73fb39d5908615a22a18084ce409-768x168.png 768w, https:\/\/ki-sho.co.jp\/wp-content\/uploads\/2024\/09\/3baf73fb39d5908615a22a18084ce409-1536x337.png 1536w, https:\/\/ki-sho.co.jp\/wp-content\/uploads\/2024\/09\/3baf73fb39d5908615a22a18084ce409-2048x449.png 2048w\" sizes=\"(max-width: 1024px) 100vw, 1024px\" \/><\/figure>\n\n<h2 class=\"wp-block-heading\">Reiwa 6<\/h2>\n\n<figure class=\"wp-block-table\"><table class=\"has-fixed-layout\"><tbody><tr><td>(t\u00ean d\u1ef1 ki\u1ebfn) D\u1ef1 \u00e1n x\u00e2y d\u1ef1ng m\u1edbi Proud Flat Yotsuya 3-chome<\/td><td>C\u00f4ng tr\u00ecnh x\u00e2y d\u1ef1ng m\u1edbi Nerima Ward Tatenomachi PJ<\/td><\/tr><tr><td>(t\u00ean d\u1ef1 ki\u1ebfn) C\u00f4ng tr\u00ecnh x\u00e2y d\u1ef1ng chung c\u01b0 Estem Plaza Arakawa 4-chome<\/td><td>(T\u00ean d\u1ef1 ki\u1ebfn) D\u1ef1 \u00e1n chung c\u01b0 Sagami-Ono 2-chome, Minami-ku, th\u00e0nh ph\u1ed1 Sagamihara<\/td><\/tr><tr><td>(t\u00ean d\u1ef1 ki\u1ebfn) C\u00f4ng tr\u00ecnh x\u00e2y d\u1ef1ng m\u1edbi b\u1ec7nh vi\u1ec7n Matsue<\/td><td>K-Dash Sports x\u00e2y d\u1ef1ng m\u1edbi<\/td><\/tr><tr><td>D\u1ef1 \u00e1n s\u1eed d\u1ee5ng kh\u1ed1i t\u00f2a th\u1ecb ch\u00ednh c\u0169 c\u1ee7a th\u00e0nh ph\u1ed1 Yokohama<\/td><td>(t\u00ean d\u1ef1 ki\u1ebfn) D\u1ef1 \u00e1n Shimura<\/td><\/tr><tr><td>D\u1ef1 \u00e1n x\u00e2y d\u1ef1ng m\u1edbi Iriya 2-chome, ph\u01b0\u1eddng Taito<\/td><td>(t\u00ean d\u1ef1 ki\u1ebfn) D\u1ef1 \u00e1n Nakahara-ku Shimoodanaka 4-chome<\/td><\/tr><tr><td>D\u1ef1 \u00e1n s\u1eed d\u1ee5ng kh\u1ed1i t\u00f2a th\u1ecb ch\u00ednh c\u0169 c\u1ee7a th\u00e0nh ph\u1ed1 Yokohama<\/td><td>(t\u00ean d\u1ef1 ki\u1ebfn) Tama Ward Noborito Plan<\/td><\/tr><tr><td>(t\u00ean d\u1ef1 ki\u1ebfn) C\u00f4ng tr\u00ecnh x\u00e2y d\u1ef1ng m\u1edbi d\u1ef1 \u00e1n Wakamatsucho 036<\/td><td>(t\u00ean d\u1ef1 ki\u1ebfn) C\u00f4ng tr\u00ecnh x\u00e2y d\u1ef1ng m\u1edbi Louvre Yako 3-chome<\/td><\/tr><tr><td>(t\u00ean d\u1ef1 ki\u1ebfn) D\u1ef1 \u00e1n Nishi-ku Momijigaoka c\u1ee7a Th\u00e0nh ph\u1ed1 Yokohama<\/td><td>(t\u00ean d\u1ef1 ki\u1ebfn) C\u00f4ng tr\u00ecnh x\u00e2y d\u1ef1ng m\u1edbi Gala Kawasaki Minamisaiwaicho<\/td><\/tr><tr><td>(T\u00ean d\u1ef1 ki\u1ebfn) C\u00f4ng tr\u00ecnh x\u00e2y d\u1ef1ng m\u1edbi Ota-ku Kamata 4-chome PJ<\/td><td>C\u00f4ng tr\u00ecnh c\u1ea3i t\u1ea1o dinh th\u1ef1 Hachioji Shimoji<\/td><\/tr><tr><td>(t\u00ean d\u1ef1 ki\u1ebfn) Kitazawa 3-chome X\u00e2y d\u1ef1ng c\u00f4ng tr\u00ecnh x\u00e2y d\u1ef1ng m\u1edbi<\/td><td>C\u00f4ng tr\u00ecnh c\u1ea3i t\u1ea1o Nh\u00e0 h\u00e1t Ngh\u1ec7 thu\u1eadt Fuchunomori Th\u00e0nh ph\u1ed1 Fuchu<\/td><\/tr><tr><td>(t\u00ean d\u1ef1 ki\u1ebfn) S\u01a1 \u0111\u1ed3 k\u00fd t\u00fac x\u00e1 sinh vi\u00ean Kawasaki City Kizuki 4-chome<\/td><td>X\u00e2y d\u1ef1ng m\u1edf r\u1ed9ng Trung t\u00e2m Y t\u1ebf Kh\u1ea9n c\u1ea5p \u0110\u1ed9ng v\u1eadt Koganei Danchi Koganei c\u1ee7a \u0110\u1ea1i h\u1ecdc N\u00f4ng nghi\u1ec7p v\u00e0 C\u00f4ng ngh\u1ec7 Tokyo<\/td><\/tr><tr><td>(t\u00ean d\u1ef1 ki\u1ebfn) D\u1ef1 \u00e1n k\u00fd t\u00fac x\u00e1 sinh vi\u00ean qu\u1ed1c t\u1ebf 2-chome \u0110\u1ea1i h\u1ecdc Juntendo Hongo<\/td><td>(t\u00ean d\u1ef1 ki\u1ebfn) D\u1ef1 \u00e1n b\u1ea3o tr\u00ec x\u00e2y d\u1ef1ng m\u1edbi nh\u00e0 \u1edf Matsubara C\u00f4ng tr\u00ecnh x\u00e2y d\u1ef1ng m\u1edbi<\/td><\/tr><tr><td>(t\u00ean d\u1ef1 ki\u1ebfn) C\u00f4ng tr\u00ecnh x\u00e2y d\u1ef1ng m\u1edbi chung c\u01b0 Soei Sangyo<\/td><td>(t\u00ean d\u1ef1 ki\u1ebfn) T\u00f2a nh\u00e0 Fujita Kenso (t\u00f2a nh\u00e0 c\u00f4ng ty m\u1edbi) c\u00f4ng tr\u00ecnh x\u00e2y d\u1ef1ng m\u1edbi<\/td><\/tr><tr><td>(t\u00ean d\u1ef1 ki\u1ebfn) C\u00f4ng tr\u00ecnh x\u00e2y d\u1ef1ng m\u1edbi B\u1ec7nh vi\u1ec7n Toneri Park<\/td><td>(t\u00ean d\u1ef1 ki\u1ebfn) K\u1ebf ho\u1ea1ch x\u00e2y d\u1ef1ng Kudan<\/td><\/tr><tr><td>(t\u00ean d\u1ef1 ki\u1ebfn) K\u1ebf ho\u1ea1ch x\u00e2y d\u1ef1ng m\u1edbi Shibuya 2-1<\/td><td>(t\u00ean d\u1ef1 ki\u1ebfn) D\u1ef1 \u00e1n x\u00e2y d\u1ef1ng m\u1edbi \u0111\u01b0\u1ee3c quy ho\u1ea1ch Suginami-ku Ogikubo 2-chome<\/td><\/tr><tr><td>(t\u00ean d\u1ef1 ki\u1ebfn) D\u1ef1 \u00e1n x\u00e2y d\u1ef1ng m\u1edbi Kikugawa 3-chome, Sumida-ku<\/td><td>C\u00f4ng tr\u00ecnh c\u1ea3i t\u1ea1o k\u00fd t\u00fac x\u00e1 Hiyoshi tr\u01b0\u1eddng \u0111ua ng\u1ef1a Tokyo<\/td><\/tr><tr><td>(t\u00ean d\u1ef1 ki\u1ebfn) C\u00f4ng tr\u00ecnh x\u00e2y d\u1ef1ng m\u1edbi t\u00f2a nh\u00e0 chung c\u01b0 Hiratsuka City Matsukazecho<\/td><td>(t\u00ean d\u1ef1 ki\u1ebfn) Koto Ward Shin-Ohashi 2-chome K\u1ebf ho\u1ea1ch<\/td><\/tr><tr><td>C\u00f4ng tr\u00ecnh ph\u1ee5c h\u1ed3i t\u01b0\u1eddng ngo\u00e0i t\u1ea7ng 2 c\u1ee7a T\u00f2a nh\u00e0 Er v\u1ec1 t\u00ecnh tr\u1ea1ng ban \u0111\u1ea7u<\/td><td>(t\u00ean d\u1ef1 ki\u1ebfn) C\u00f4ng tr\u00ecnh x\u00e2y d\u1ef1ng m\u1edbi Miki Shoji Building<\/td><\/tr><tr><td>(t\u00ean d\u1ef1 ki\u1ebfn) Kichijoji Honmachi 2-chome d\u1ef1 ki\u1ebfn \u200b\u200bx\u00e2y d\u1ef1ng c\u00f4ng tr\u00ecnh m\u1edbi<\/td><td>C\u00f4ng tr\u00ecnh x\u00e2y d\u1ef1ng m\u1edbi c\u1eeda h\u00e0ng Subaru Nerima \u1edf Tokyo<\/td><\/tr><tr><td>Creo Residence Hachioji Central Marks x\u00e2y d\u1ef1ng m\u1edbi<\/td><td>(t\u00ean d\u1ef1 ki\u1ebfn) C\u00f4ng tr\u00ecnh x\u00e2y d\u1ef1ng m\u1edbi Koenji Minami 2-33<\/td><\/tr><tr><td>D\u1ef1 \u00e1n x\u00e2y d\u1ef1ng m\u1edbi Nihonbashi Ningyocho 2-chome, Chuo-ku<\/td><td>(t\u00ean d\u1ef1 ki\u1ebfn) D\u1ef1 \u00e1n x\u00e2y d\u1ef1ng m\u1edbi Bricia Aobadai<\/td><\/tr><tr><td>(t\u00ean d\u1ef1 ki\u1ebfn) C\u00f4ng tr\u00ecnh x\u00e2y d\u1ef1ng m\u1edbi Louvre Higashi-Ayase 1-chome<\/td><td>(t\u00ean d\u1ef1 ki\u1ebfn) C\u00f4ng tr\u00ecnh x\u00e2y d\u1ef1ng m\u1edbi khu d\u00e2n c\u01b0 Katsura<\/td><\/tr><tr><td>(t\u00ean d\u1ef1 ki\u1ebfn) C\u00f4ng tr\u00ecnh x\u00e2y d\u1ef1ng m\u1edbi Toshima-ku Minami-Nagasaki 5-chome PJ<\/td><td>(t\u00ean d\u1ef1 ki\u1ebfn) C\u00f4ng tr\u00ecnh m\u1edbi Renaissance Sendagaya III<\/td><\/tr><tr><td>(t\u00ean d\u1ef1 ki\u1ebfn) X\u00e2y d\u1ef1ng m\u1edbi d\u1ef1 \u00e1n Sakaemachi t\u1ea1i ph\u01b0\u1eddng Nerima<\/td><td>(t\u00ean d\u1ef1 ki\u1ebfn) C\u00f4ng tr\u00ecnh x\u00e2y d\u1ef1ng m\u1edbi Kinshicho PJ<\/td><\/tr><tr><td>(T\u00ean d\u1ef1 ki\u1ebfn) D\u1ef1 \u00e1n x\u00e2y d\u1ef1ng chung c\u01b0 Kitamagome 2-chome<\/td><td>(t\u00ean d\u1ef1 ki\u1ebfn) C\u00f4ng tr\u00ecnh x\u00e2y d\u1ef1ng m\u1edbi c\u1ee7a d\u1ef1 \u00e1n Hachioji<\/td><\/tr><\/tbody><\/table><\/figure>\n\n<h2 class=\"wp-block-heading\">Reiwa 5<\/h2>\n\n<figure class=\"wp-block-table\"><table class=\"has-fixed-layout\"><tbody><tr><td>(t\u00ean d\u1ef1 ki\u1ebfn) Tr\u01b0\u1eddng m\u1eabu gi\u00e1o lo\u1ea1i h\u1ee3p t\u00e1c \u0111\u01b0\u1ee3c ch\u1ee9ng nh\u1eadn tr\u01b0\u1eddng m\u1eabu gi\u00e1o Keiai<\/td><td>C\u00f4ng tr\u00ecnh c\u1ea3i t\u1ea1o nh\u00e0 v\u1ec7 sinh c\u1ee7a tr\u01b0\u1eddng ti\u1ec3u h\u1ecdc Fuchu City Wakamatsu<\/td><\/tr><tr><td>(t\u00ean d\u1ef1 ki\u1ebfn) C\u00f4ng tr\u00ecnh x\u00e2y d\u1ef1ng m\u1edbi Valore Higashi Kanagawa<\/td><td>C\u00f4ng tr\u00ecnh c\u1ea3i t\u1ea1o nh\u00e0 v\u1ec7 sinh c\u1ee7a tr\u01b0\u1eddng trung h\u1ecdc c\u01a1 s\u1edf Fuchu City Asama<\/td><\/tr><tr><td>(t\u00ean d\u1ef1 ki\u1ebfn) D\u1ef1 \u00e1n x\u00e2y d\u1ef1ng m\u1edbi Hachioji City Teramachi<\/td><td>C\u00f4ng tr\u00ecnh c\u1ea3i t\u1ea1o nh\u00e0 v\u1ec7 sinh c\u1ee7a tr\u01b0\u1eddng ti\u1ec3u h\u1ecdc Fuchu City Minamimachi<\/td><\/tr><tr><td>(t\u00ean d\u1ef1 ki\u1ebfn) C\u00f4ng tr\u00ecnh x\u00e2y d\u1ef1ng m\u1edbi BMW Nerima<\/td><td>(t\u00ean d\u1ef1 ki\u1ebfn) C\u00f4ng tr\u00ecnh x\u00e2y d\u1ef1ng m\u1edbi Louvre Kiba<\/td><\/tr><tr><td>D\u1ef1 \u00e1n t\u00e1i ph\u00e1t tri\u1ec3n Fureai Plaza th\u00e0nh ph\u1ed1 Atsugi<\/td><td>(T\u00ean d\u1ef1 ki\u1ebfn) D\u1ef1 \u00e1n x\u00e2y d\u1ef1ng m\u1edbi Takadanobaba 4-chome, Shinjuku-ku, Tokyo<\/td><\/tr><tr><td>(t\u00ean d\u1ef1 ki\u1ebfn) D\u1ef1 \u00e1n Higashi-Nakano 5-chome<\/td><td>(t\u00ean d\u1ef1 ki\u1ebfn) C\u00f4ng tr\u00ecnh x\u00e2y d\u1ef1ng m\u1edbi Alpha Court Kameido 2<\/td><\/tr><tr><td>(t\u00ean d\u1ef1 ki\u1ebfn) Th\u00e0nh ph\u1ed1 Hachioji, c\u00f4ng tr\u00ecnh x\u00e2y d\u1ef1ng chung c\u01b0 m\u1edbi Ito-sama<\/td><td>C\u00f4ng tr\u00ecnh c\u1ea3i t\u1ea1o Tr\u01b0\u1eddng ti\u1ec3u h\u1ecdc s\u1ed1 2 Suginami Ward Suginami v\u00e0 hai c\u01a1 s\u1edf tr\u1ef1c thu\u1ed9c<\/td><\/tr><tr><td>(t\u00ean d\u1ef1 ki\u1ebfn) Suncradle Hino II x\u00e2y d\u1ef1ng m\u1edbi<\/td><td>X\u00e2y d\u1ef1ng Metropolitan Housing 3H-112 West (Suwa 4-chome, Th\u00e0nh ph\u1ed1 Tama)<\/td><\/tr><tr><td>(t\u00ean d\u1ef1 ki\u1ebfn) C\u00f4ng tr\u00ecnh x\u00e2y d\u1ef1ng m\u1edbi Yamaden NSJ Fab-02<\/td><td>C\u00f4ng tr\u00ecnh c\u1ea3i t\u1ea1o T\u00f2a nh\u00e0 Khoa h\u1ecdc Mitaka c\u1ee7a \u0110\u1ea1i h\u1ecdc Christian Qu\u1ed1c t\u1ebf<\/td><\/tr><tr><td>C\u00f4ng tr\u00ecnh x\u00e2y d\u1ef1ng l\u1ea1i k\u00fd t\u00fac x\u00e1 sinh vi\u00ean TI Nerima<\/td><td>C\u00f4ng tr\u00ecnh x\u00e2y d\u1ef1ng m\u1edbi Minato Building<\/td><\/tr><tr><td>(t\u00ean d\u1ef1 ki\u1ebfn) C\u00f4ng tr\u00ecnh x\u00e2y d\u1ef1ng m\u1edbi B\u1ec7nh vi\u1ec7n th\u00fa y Kawabata<\/td><td>C\u00f4ng tr\u00ecnh x\u00e2y d\u1ef1ng m\u1edbi t\u00f2a nh\u00e0 Grishina Bashamichi<\/td><\/tr><tr><td>X\u00e2y d\u1ef1ng m\u1edbi nh\u00e0 \u0111\u1ec3 tro ngh\u0129a trang Tokyo<\/td><td>(t\u00ean d\u1ef1 ki\u1ebfn) D\u1ef1 \u00e1n x\u00e2y d\u1ef1ng m\u1edbi \u0111\u01b0\u1ee3c l\u00ean k\u1ebf ho\u1ea1ch cho Shinyoshida-cho, Kohoku-ku, Th\u00e0nh ph\u1ed1 Yokohama<\/td><\/tr><tr><td>(T\u00ean d\u1ef1 ki\u1ebfn) D\u1ef1 \u00e1n Suginami Ward Takaido Higashi 2-chome<\/td><td>C\u00f4ng ty TNHH Arai Seisakusho C\u00f4ng tr\u00ecnh x\u00e2y d\u1ef1ng m\u1edbi nh\u00e0 m\u00e1y Hidaka<\/td><\/tr><tr><td>(t\u00ean d\u1ef1 ki\u1ebfn) LOGIFRONT C\u00f4ng tr\u00ecnh x\u00e2y d\u1ef1ng m\u1edbi Atsugi<\/td><td>C\u00f4ng tr\u00ecnh x\u00e2y d\u1ef1ng m\u1edf r\u1ed9ng ph\u00f2ng h\u1ecdc th\u01b0\u1eddng l\u1ec7 c\u1ee7a Tr\u01b0\u1eddng Ti\u1ec3u h\u1ecdc Yato v\u00e0 c\u00e1c c\u00f4ng tr\u00ecnh x\u00e2y d\u1ef1ng kh\u00e1c<\/td><\/tr><tr><td>(t\u00ean d\u1ef1 ki\u1ebfn) C\u00f4ng tr\u00ecnh x\u00e2y d\u1ef1ng m\u1edbi Baus Fuchu<\/td><td>C\u00f4ng tr\u00ecnh c\u1ea3i t\u1ea1o ph\u00f2ng v\u1ec7 sinh t\u1ea7ng 1 c\u1ee7a S\u00e2n v\u1eadn \u0111\u1ed9ng Th\u00e0nh ph\u1ed1 Fuchu<\/td><\/tr><tr><td>(t\u00ean d\u1ef1 ki\u1ebfn) C\u00f4ng tr\u00ecnh x\u00e2y d\u1ef1ng m\u1edbi d\u1ef1 \u00e1n Sanwa Ginza 5-chome<\/td><td>(t\u00ean d\u1ef1 ki\u1ebfn) C\u00f4ng tr\u00ecnh x\u00e2y d\u1ef1ng m\u1edbi Augusta Hachioji<\/td><\/tr><tr><td>(t\u00ean d\u1ef1 ki\u1ebfn) Hino Manganji 4-chome d\u1ef1 ki\u1ebfn \u200b\u200bx\u00e2y d\u1ef1ng c\u00f4ng tr\u00ecnh m\u1edbi<\/td><td>(t\u00ean d\u1ef1 ki\u1ebfn) K\u1ebf ho\u1ea1ch t\u00e1i thi\u1ebft H\u1ed9i tr\u01b0\u1eddng Y t\u1ebf Ph\u01b0\u1eddng Sakae (ph\u00f2ng kh\u00e1m c\u1ea5p c\u1ee9u trong k\u1ef3 ngh\u1ec9)<\/td><\/tr><tr><td>(t\u00ean d\u1ef1 ki\u1ebfn) C\u00f4ng tr\u00ecnh x\u00e2y d\u1ef1ng nh\u00e0 \u1edf m\u1edbi Higashigotanda<\/td><td>K\u1ebf ho\u1ea1ch m\u1edf r\u1ed9ng t\u00f2a nh\u00e0 AM Kyobashi<\/td><\/tr><tr><td>(t\u00ean d\u1ef1 ki\u1ebfn) C\u00f4ng tr\u00ecnh m\u1edbi El Faro Ookayama II<\/td><td>X\u00e2y d\u1ef1ng m\u1edbi t\u00f2a nh\u00e0 ph\u00f2ng \u0111i\u1ec1u tr\u1ecb RI \u0111\u01a1n gi\u1ea3n t\u1ea1i B\u1ec7nh vi\u1ec7n Trung t\u00e2m Ung th\u01b0 Qu\u1ed1c gia mi\u1ec1n \u0110\u00f4ng<\/td><\/tr><tr><td>(t\u00ean d\u1ef1 ki\u1ebfn) C\u00f4ng tr\u00ecnh x\u00e2y d\u1ef1ng m\u1edbi chung c\u01b0 Kashiwa City\/Kaneko<\/td><td>(t\u00ean d\u1ef1 ki\u1ebfn) C\u00f4ng tr\u00ecnh x\u00e2y d\u1ef1ng m\u1edbi Jingumae Avac Building<\/td><\/tr><tr><td>(t\u00ean d\u1ef1 ki\u1ebfn) K\u1ebf ho\u1ea1ch x\u00e2y d\u1ef1ng m\u1edbi Ichibancho 1-chome<\/td><td>C\u00f4ng tr\u00ecnh c\u1ea3i t\u1ea1o tr\u1ea7n nh\u00e0 B\u1ea3o t\u00e0ng Kyodonomori Th\u00e0nh ph\u1ed1 Fuchu T\u00f2a nh\u00e0 ch\u00ednh Ph\u00f2ng tri\u1ec3n l\u00e3m c\u1ed1 \u0111\u1ecbnh<\/td><\/tr><tr><td>X\u00e2y d\u1ef1ng m\u1edbi Ch\u00f9a Senryuji<\/td><td>C\u00f4ng tr\u00ecnh kh\u00f4i ph\u1ee5c t\u1ea7ng 1 v\u00e0 t\u1ea7ng 2 c\u1ee7a T\u00f2a nh\u00e0 Hikawa tr\u1edf l\u1ea1i t\u00ecnh tr\u1ea1ng ban \u0111\u1ea7u<\/td><\/tr><tr><td>(t\u00ean d\u1ef1 ki\u1ebfn) K\u1ebf ho\u1ea1ch Minami-cho Th\u00e0nh ph\u1ed1 Fuchu<\/td><td>(t\u00ean d\u1ef1 ki\u1ebfn) Ga Nakano l\u1ed1i ra ph\u00eda t\u00e2y d\u1ef1 ki\u1ebfn \u200b\u200bx\u00e2y d\u1ef1ng c\u00f4ng tr\u00ecnh m\u1edbi<\/td><\/tr><tr><td>(t\u00ean d\u1ef1 ki\u1ebfn) M\u1eb7t b\u1eb1ng c\u0103n h\u1ed9 Uchikoshicho t\u1ea1i Th\u00e0nh ph\u1ed1 Hachioji<\/td><td>D\u1ef1 \u00e1n x\u00e2y d\u1ef1ng m\u1edbi Tomioka 2-chome, ph\u01b0\u1eddng Koto<\/td><\/tr><tr><td>(T\u00ean d\u1ef1 ki\u1ebfn) D\u1ef1 \u00e1n x\u00e2y d\u1ef1ng m\u1edbi Tamagawa 2-chome, Setagaya-ku<\/td><td>(t\u00ean d\u1ef1 ki\u1ebfn) C\u00f4ng tr\u00ecnh x\u00e2y d\u1ef1ng m\u1edbi t\u1ea1i Nihonbashi Bakurocho 1-chome, Chuo-ku<\/td><\/tr><tr><td>C\u00f4ng tr\u00ecnh x\u00e2y d\u1ef1ng m\u1edbi c\u1ee7a \u0110\u1ea1i h\u1ecdc El Faro Metropolitan<\/td><td>C\u00f4ng tr\u00ecnh x\u00e2y d\u1ef1ng m\u1edbi El Faro Nishi-Shinjuku 5-chome<\/td><\/tr><tr><td>(t\u00ean d\u1ef1 ki\u1ebfn) S\u01a1 \u0111\u1ed3 c\u0103n h\u1ed9 cho thu\u00ea Kamishinozaki 4-chome<\/td><td>(T\u00ean d\u1ef1 ki\u1ebfn) X\u00e2y d\u1ef1ng m\u1edbi chung c\u01b0 Tachikawa City Fujimicho 1-chome<\/td><\/tr><tr><td>(t\u00ean d\u1ef1 ki\u1ebfn) C\u00f4ng tr\u00ecnh x\u00e2y d\u1ef1ng m\u1edbi Gala Kawasaki Enokicho<\/td><td>(t\u00ean d\u1ef1 ki\u1ebfn) C\u00f4ng tr\u00ecnh x\u00e2y d\u1ef1ng m\u1edbi chung c\u01b0 Okurayama<\/td><\/tr><tr><td>Tr\u01b0\u1eddng trung h\u1ecdc Metropolitan Fuchu (4) C\u00f4ng tr\u00ecnh x\u00e2y d\u1ef1ng v\u00e0 c\u1ea3i t\u1ea1o<\/td><td>(t\u00ean d\u1ef1 ki\u1ebfn) C\u00f4ng tr\u00ecnh x\u00e2y d\u1ef1ng m\u1edbi t\u1ea1i Hakusan 5-chome, Bunkyo-ku<\/td><\/tr><tr><td>Qu\u00e1n c\u00e0 ph\u00ea nh\u1ea1c jazz Chigusa x\u00e2y d\u1ef1ng m\u1edbi<\/td><td>C\u00f4ng tr\u00ecnh c\u1ea3i t\u1ea1o tr\u01b0\u1eddng trung h\u1ecdc c\u01a1 s\u1edf Fuchu Daigo th\u00e0nh ph\u1ed1 Fuchu<\/td><\/tr><\/tbody><\/table><\/figure>\n\n<h2 class=\"wp-block-heading\">Reiwa 4<\/h2>\n\n<figure class=\"wp-block-table\"><table class=\"has-fixed-layout\"><tbody><tr><td>(t\u00ean d\u1ef1 ki\u1ebfn) C\u00f4ng tr\u00ecnh x\u00e2y d\u1ef1ng kho Daiichi Glass Misono<\/td><td>C\u00f4ng tr\u00ecnh x\u00e2y d\u1ef1ng m\u1edbi Precis Sagami-Ono<\/td><\/tr><tr><td>C\u00f4ng tr\u00ecnh x\u00e2y d\u1ef1ng m\u1edbi Lila Doete<\/td><td>X\u00e2y m\u1edbi tr\u01b0\u1eddng m\u1eabu gi\u00e1o Someji<\/td><\/tr><tr><td>(t\u00ean d\u1ef1 ki\u1ebfn) Open Residence Sendagaya 2-chome C\u00f4ng tr\u00ecnh x\u00e2y d\u1ef1ng m\u1edbi<\/td><td>Chung c\u01b0 sinh vi\u00ean Nishikubo 2-chome m\u1edbi x\u00e2y<\/td><\/tr><tr><td>(t\u00ean d\u1ef1 ki\u1ebfn) Koto-ku Monzennakacho 1-chome d\u1ef1 ki\u1ebfn \u200b\u200bx\u00e2y d\u1ef1ng c\u00f4ng tr\u00ecnh m\u1edbi<\/td><td>(t\u00ean d\u1ef1 ki\u1ebfn) D\u1ef1 \u00e1n x\u00e2y d\u1ef1ng m\u1edbi Miyamae 4-chome, Suginami-ku<\/td><\/tr><tr><td>(t\u00ean d\u1ef1 ki\u1ebfn) K\u1ebf ho\u1ea1ch t\u00e1i thi\u1ebft Kudankita 4-chome<\/td><td>(t\u00ean d\u1ef1 ki\u1ebfn) C\u00f4ng tr\u00ecnh x\u00e2y d\u1ef1ng m\u1edbi Azheim Shinagawa Osaki<\/td><\/tr><tr><td>(t\u00ean d\u1ef1 ki\u1ebfn) C\u00f4ng tr\u00ecnh x\u00e2y d\u1ef1ng m\u1edbi C\u00f4ng vi\u00ean Clio Yokohama Makita<\/td><td>C\u00f4ng tr\u00ecnh c\u1ea3i t\u1ea1o nh\u00e0 v\u1ec7 sinh tr\u01b0\u1eddng ti\u1ec3u h\u1ecdc (Tr\u01b0\u1eddng ti\u1ec3u h\u1ecdc Minami Shiraitodai)<\/td><\/tr><tr><td>K\u1ebf ho\u1ea1ch TI (x\u00e2y d\u1ef1ng l\u1ea1i k\u00fd t\u00fac x\u00e1 sinh vi\u00ean c\u1ee7a Hi\u1ec7p h\u1ed9i H\u1ecdc b\u1ed5ng Takenaka)<\/td><td>C\u00f4ng tr\u00ecnh c\u1ea3i t\u1ea1o V\u01b0\u1eddn tr\u1ebb em Suginami-ku Koenji Kita v\u00e0 hai c\u01a1 s\u1edf li\u1ec1n k\u1ec1<\/td><\/tr><tr><td>(t\u00ean d\u1ef1 ki\u1ebfn) C\u00f4ng ty TNHH INAK C\u00f4ng tr\u00ecnh x\u00e2y d\u1ef1ng chung c\u01b0 m\u1edbi<\/td><td>(t\u00ean d\u1ef1 ki\u1ebfn) C\u00f4ng tr\u00ecnh x\u00e2y d\u1ef1ng m\u1edbi d\u1ef1 \u00e1n Mita 418<\/td><\/tr><tr><td>(t\u00ean d\u1ef1 ki\u1ebfn) D\u1ef1 \u00e1n x\u00e2y d\u1ef1ng m\u1edbi chung c\u01b0 Amanuma 2-chome<\/td><td>(t\u00ean d\u1ef1 ki\u1ebfn) X\u00e2y d\u1ef1ng m\u1edbi Nh\u00e0 T\u1eadp \u0111o\u00e0n Hi\u1ec7p h\u1ed9i Y t\u1ebf Takahirokai<\/td><\/tr><tr><td>C\u00f4ng tr\u00ecnh c\u1ea3i t\u1ea1o tr\u01b0\u1eddng m\u1eabu gi\u00e1o Hamura Zenrin<\/td><td>(t\u00ean d\u1ef1 ki\u1ebfn) C\u00f4ng tr\u00ecnh x\u00e2y d\u1ef1ng m\u1edbi d\u1ef1 \u00e1n chung c\u01b0 Fuchu Miyoshicho<\/td><\/tr><tr><td>(T\u00ean d\u1ef1 ki\u1ebfn) C\u00f4ng tr\u00ecnh x\u00e2y d\u1ef1ng m\u1edbi Trung t\u00e2m tang l\u1ec5 ga Alfa Club Musashino Kitasakado<\/td><td>(t\u00ean d\u1ef1 ki\u1ebfn) D\u1ef1 \u00e1n x\u00e2y d\u1ef1ng chung c\u01b0 Nihonbashi Honmachi 4-chome<\/td><\/tr><tr><td>(t\u00ean d\u1ef1 ki\u1ebfn) C\u00f4ng tr\u00ecnh x\u00e2y d\u1ef1ng m\u1edbi Kagurazaka House<\/td><td>Qu\u1eadn Setagaya Okusawa K\u1ebf ho\u1ea1ch 5-chome<\/td><\/tr><tr><td>(t\u00ean d\u1ef1 ki\u1ebfn) Higashimukojima 5-chome d\u1ef1 ki\u1ebfn \u200b\u200bx\u00e2y d\u1ef1ng c\u00f4ng tr\u00ecnh m\u1edbi<\/td><td>(t\u00ean d\u1ef1 ki\u1ebfn) M\u1edf c\u00f4ng tr\u00ecnh m\u1edbi Residencia Yanaka 7-chome<\/td><\/tr><tr><td>(t\u00ean d\u1ef1 ki\u1ebfn) C\u00f4ng tr\u00ecnh x\u00e2y d\u1ef1ng m\u1edbi Esteme Court Kita-ku Akabane<\/td><td>(t\u00ean d\u1ef1 ki\u1ebfn) C\u00f4ng tr\u00ecnh x\u00e2y d\u1ef1ng m\u1edbi c\u1ee7a D\u1ef1 \u00e1n Kamikitazawa<\/td><\/tr><tr><td>C\u00f4ng tr\u00ecnh x\u00e2y d\u1ef1ng m\u1edbi Rupiah Court Minami Nagareyama<\/td><td>Asaka (2) X\u00e2y d\u1ef1ng v\u00e0 c\u00e1c c\u00f4ng vi\u1ec7c x\u00e2y d\u1ef1ng kh\u00e1c nh\u01b0 x\u00e2y d\u1ef1ng nh\u00e0 m\u00e1y b\u1ea3o tr\u00ec m\u1edbi<\/td><\/tr><tr><td>(t\u00ean d\u1ef1 ki\u1ebfn) C\u00f4ng tr\u00ecnh x\u00e2y d\u1ef1ng m\u1edbi chung c\u01b0 Center Minami 24-4<\/td><td>(t\u00ean d\u1ef1 ki\u1ebfn) D\u1ef1 \u00e1n x\u00e2y d\u1ef1ng m\u1edbi Shoan 1-chome, Suginami-ku<\/td><\/tr><tr><td>D\u1ef1 \u00e1n x\u00e2y d\u1ef1ng m\u1edbi Asagaya Kita 1-chome<\/td><td>C\u00f4ng tr\u00ecnh c\u1ea3i t\u1ea1o nh\u00e0 v\u1ec7 sinh tr\u01b0\u1eddng ti\u1ec3u h\u1ecdc (tr\u01b0\u1eddng ti\u1ec3u h\u1ecdc 1)<\/td><\/tr><tr><td>(t\u00ean d\u1ef1 ki\u1ebfn) C\u00f4ng tr\u00ecnh x\u00e2y d\u1ef1ng m\u1edbi Gala Musashikoyama<\/td><td>C\u00f4ng vi\u1ec7c b\u1ea3o tr\u00ec l\u1edbp h\u1ecdc th\u01b0\u1eddng xuy\u00ean c\u1ee7a Tr\u01b0\u1eddng Ti\u1ec3u h\u1ecdc Yato<\/td><\/tr><tr><td>(t\u00ean d\u1ef1 ki\u1ebfn) Open Residence Arai 1-chome C\u00f4ng tr\u00ecnh x\u00e2y d\u1ef1ng m\u1edbi<\/td><td>(t\u00ean d\u1ef1 ki\u1ebfn) C\u00f4ng tr\u00ecnh x\u00e2y d\u1ef1ng m\u1edbi Estem Plaza Nihonbashi Hamacho<\/td><\/tr><tr><td>(t\u00ean d\u1ef1 ki\u1ebfn) C\u00f4ng tr\u00ecnh x\u00e2y d\u1ef1ng m\u1edbi Midoricho 1-chome, th\u00e0nh ph\u1ed1 Fuchu<\/td><td>C\u00f4ng tr\u00ecnh x\u00e2y d\u1ef1ng m\u1edbi tr\u1ee5 s\u1edf v\u0103n ph\u00f2ng JST<\/td><\/tr><tr><td>(t\u00ean d\u1ef1 ki\u1ebfn) C\u00f4ng tr\u00ecnh x\u00e2y d\u1ef1ng chung c\u01b0 Futa 4-chome<\/td><td>C\u00f4ng vi\u1ec7c c\u1ea3i t\u1ea1o ch\u1ed7 ng\u1ed3i trong h\u1ed9i tr\u01b0\u1eddng tr\u01b0\u1eddng trung h\u1ecdc c\u01a1 s\u1edf v\u00e0 trung h\u1ecdc ph\u1ed5 th\u00f4ng KISSHO Girls<\/td><\/tr><tr><td>X\u00e2y d\u1ef1ng m\u1edbi d\u1ef1 \u00e1n giai \u0111o\u1ea1n 2 Aoyama<\/td><td>D\u1ef1 \u00e1n Honmachi th\u00e0nh ph\u1ed1 Abiko<\/td><\/tr><tr><td>C\u00f4ng tr\u00ecnh c\u1ea3i t\u1ea1o nh\u00e0 x\u01b0\u1edfng c\u1ee7a C\u00f4ng ty TNHH Kosakura<\/td><td>(T\u00ean d\u1ef1 ki\u1ebfn) C\u00f4ng tr\u00ecnh x\u00e2y d\u1ef1ng m\u1edbi \u1edf Wakabayashi 3-chome, Setagaya-ku<\/td><\/tr><tr><td>C\u00f4ng tr\u00ecnh x\u00e2y d\u1ef1ng m\u1edbi Shinjuku Wakoen<\/td><td>C\u00f4ng tr\u00ecnh c\u1ea3i t\u1ea1o t\u1ea7ng 2 c\u1ee7a T\u00f2a nh\u00e0 \u0110i\u1ec7n l\u1ef1c Musashino Yokogawa<\/td><\/tr><tr><td>C\u00f4ng ty TNHH Kyoei Shokai M<\/td><td>(t\u00ean d\u1ef1 ki\u1ebfn) C\u00f4ng tr\u00ecnh x\u00e2y d\u1ef1ng m\u1edbi Estem Plaza Taito Ward Asakusabashi<\/td><\/tr><tr><td>(t\u00ean d\u1ef1 ki\u1ebfn) Higashishinkoiwa 1-chome d\u1ef1 ki\u1ebfn \u200b\u200bx\u00e2y d\u1ef1ng c\u00f4ng tr\u00ecnh m\u1edbi<\/td><td>C\u00f4ng tr\u00ecnh c\u1ea3i t\u1ea1o Tr\u01b0\u1eddng ti\u1ec3u h\u1ecdc s\u1ed1 2 Suginami Ward Suginami v\u00e0 hai c\u01a1 s\u1edf tr\u1ef1c thu\u1ed9c<\/td><\/tr><tr><td>(t\u00ean d\u1ef1 ki\u1ebfn) C\u00f4ng tr\u00ecnh t\u00e1i thi\u1ebft tr\u1ee5 s\u1edf ch\u00ednh c\u1ee7a Ameroid<\/td><td>Tr\u1ea1m bi\u1ebfn \u00e1p Kandenko Inzai<\/td><\/tr><tr><td>(T\u00ean d\u1ef1 ki\u1ebfn) Setagaya-ku Wakabayashi 1-chome d\u1ef1 ki\u1ebfn \u200b\u200bx\u00e2y d\u1ef1ng c\u00f4ng tr\u00ecnh m\u1edbi<\/td><td>(T\u00ean d\u1ef1 ki\u1ebfn) D\u1ef1 \u00e1n x\u00e2y d\u1ef1ng m\u1edbi Iriya 2-chome, ph\u01b0\u1eddng Taito<\/td><\/tr><tr><td>C\u00f4ng tr\u00ecnh x\u00e2y d\u1ef1ng t\u1ea1i Suwa 4-chome, th\u00e0nh ph\u1ed1 Tsutomu Tama<\/td><td>(t\u00ean d\u1ef1 ki\u1ebfn) Nozawa 4-chome d\u1ef1 ki\u1ebfn \u200b\u200bx\u00e2y d\u1ef1ng c\u00f4ng tr\u00ecnh m\u1edbi<\/td><\/tr><tr><td>D\u1ef1 \u00e1n Yamatocho ph\u01b0\u1eddng Itabashi<\/td><td>(t\u00ean d\u1ef1 ki\u1ebfn) C\u00f4ng tr\u00ecnh x\u00e2y d\u1ef1ng m\u1edbi Hitotsubashi PJ<\/td><\/tr><tr><td>C\u00f4ng tr\u00ecnh s\u1eeda ch\u1eefa t\u00f2a nh\u00e0 th\u1ecb tr\u1ea5n Kawabe<\/td><td>(T\u00ean d\u1ef1 ki\u1ebfn) D\u1ef1 \u00e1n x\u00e2y d\u1ef1ng m\u1edbi khu chung c\u01b0 Shinjuku-ku Nakaochiai 2-chome<\/td><\/tr><tr><td>(t\u00ean d\u1ef1 ki\u1ebfn) C\u00f4ng tr\u00ecnh x\u00e2y d\u1ef1ng m\u1edbi Louvre Kawasaki Kaizuka Sanbankan<\/td><td>(t\u00ean d\u1ef1 ki\u1ebfn) D\u1ef1 \u00e1n Ota-ku Kugahara 1-chome<\/td><\/tr><tr><td>C\u00f4ng ty TNHH Kaneda C\u00f4ng tr\u00ecnh x\u00e2y d\u1ef1ng m\u1edbi nh\u00e0 m\u00e1y Jonanjima<\/td><td>(t\u00ean d\u1ef1 ki\u1ebfn) D\u1ef1 \u00e1n x\u00e2y d\u1ef1ng m\u1edbi Concieria Nakano Yayoicho<\/td><\/tr><tr><td>(t\u00ean d\u1ef1 ki\u1ebfn) D\u1ef1 \u00e1n Ota-ku Kugahara 1-chome<\/td><td>(t\u00ean d\u1ef1 ki\u1ebfn) K\u1ebf ho\u1ea1ch ph\u00e1t tri\u1ec3n Hamamatsucho 2-chome<\/td><\/tr><tr><td>C\u00f4ng tr\u00ecnh c\u1ea3i t\u1ea1o nh\u00e0 v\u1ec7 sinh c\u1ee7a tr\u01b0\u1eddng ti\u1ec3u h\u1ecdc Miyakami th\u00e0nh ph\u1ed1 Hachioji<\/td><td>N323 X\u00e2y d\u1ef1ng m\u1edbi<\/td><\/tr><\/tbody><\/table><\/figure>\n\n<div style=\"height:100px\" aria-hidden=\"true\" class=\"wp-block-spacer\"><\/div>\n","protected":false},"excerpt":{"rendered":"<p>\u0110\u00e2y l\u00e0 k\u1ebft qu\u1ea3 x\u00e2y d\u1ef1ng ch\u00ednh c\u1ee7a ch\u00fang t\u00f4i trong nh\u1eefng n\u0103m g\u1ea7n \u0111\u00e2y. Takasho ch\u1ee7 y\u1ebfu l\u00e0m vi\u1ec7c \u1edf Tokyo, ngo\u00e0i ra c\u00f2n \u1edf c\u00e1c qu\u1eadn Chiba, Kanagawa v\u00e0 Saitama. Ch\u00fang t\u00f4i \u0111\u1ea3m nh\u1eadn c\u00f4ng vi\u1ec7c tr\u00e1t t\u01b0\u1eddng cho nhi\u1ec1u lo\u1ea1i t\u00f2a nh\u00e0, bao g\u1ed3m c\u00f4ng vi\u1ec7c c\u1ea3i t\u1ea1o c\u00e1c c\u00f4ng tr\u00ecnh c\u00f4ng c\u1ed9ng v\u00e0 x\u00e2y d\u1ef1ng m\u1edbi c\u00e1c t\u00f2a nh\u00e0 chung c\u01b0. Reiwa 6 (t\u00ean d\u1ef1 ki\u1ebfn) D\u1ef1 \u00e1n x\u00e2y d\u1ef1ng m\u1edbi Proud Flat Yotsuya 3-chome C\u00f4ng tr\u00ecnh x\u00e2y d\u1ef1ng m\u1edbi Nerima Ward Tatenomachi PJ (t\u00ean d\u1ef1 ki\u1ebfn) C\u00f4ng tr\u00ecnh x\u00e2y d\u1ef1ng chung c\u01b0 Estem Plaza Arakawa 4-chome (T\u00ean d\u1ef1 ki\u1ebfn) D\u1ef1 \u00e1n chung c\u01b0 Sagami-Ono 2-chome, [&hellip;]<\/p>\n","protected":false},"author":1,"featured_media":0,"parent":0,"menu_order":0,"comment_status":"closed","ping_status":"closed","template":"","meta":{"swell_btn_cv_data":"","footnotes":""},"class_list":["post-937","page","type-page","status-publish","hentry"],"_links":{"self":[{"href":"https:\/\/ki-sho.co.jp\/vi\/wp-json\/wp\/v2\/pages\/937","targetHints":{"allow":["GET"]}}],"collection":[{"href":"https:\/\/ki-sho.co.jp\/vi\/wp-json\/wp\/v2\/pages"}],"about":[{"href":"https:\/\/ki-sho.co.jp\/vi\/wp-json\/wp\/v2\/types\/page"}],"author":[{"embeddable":true,"href":"https:\/\/ki-sho.co.jp\/vi\/wp-json\/wp\/v2\/users\/1"}],"replies":[{"embeddable":true,"href":"https:\/\/ki-sho.co.jp\/vi\/wp-json\/wp\/v2\/comments?post=937"}],"version-history":[{"count":2,"href":"https:\/\/ki-sho.co.jp\/vi\/wp-json\/wp\/v2\/pages\/937\/revisions"}],"predecessor-version":[{"id":941,"href":"https:\/\/ki-sho.co.jp\/vi\/wp-json\/wp\/v2\/pages\/937\/revisions\/941"}],"wp:attachment":[{"href":"https:\/\/ki-sho.co.jp\/vi\/wp-json\/wp\/v2\/media?parent=937"}],"curies":[{"name":"wp","href":"https:\/\/api.w.org\/{rel}","templated":true}]}}