{"id":925,"date":"2024-09-24T23:39:13","date_gmt":"2024-09-24T14:39:13","guid":{"rendered":"https:\/\/ki-sho.co.jp\/thao-tac-xu-ly\/"},"modified":"2024-11-29T13:18:52","modified_gmt":"2024-11-29T04:18:52","slug":"thao-tac-xu-ly","status":"publish","type":"page","link":"https:\/\/ki-sho.co.jp\/vi\/thao-tac-xu-ly\/","title":{"rendered":"Thao t\u00e1c x\u1eed l\u00fd"},"content":{"rendered":"\n<p class=\"animated fadeIn has-large-font-size\">T\u1eeb tr\u00e1t t\u01b0\u1eddng cho c\u1eeda h\u00e0ng quy m\u00f4 l\u1edbn \u0111\u1ebfn c\u1ea3i t\u1ea1o khu d\u00e2n c\u01b0, h\u00e3y giao m\u1ecdi v\u1ea5n \u0111\u1ec1 li\u00ean quan \u0111\u1ebfn tr\u00e1t t\u01b0\u1eddng cho ch\u00fang t\u00f4i. Trong s\u1ed1 15 k\u1ef9 s\u01b0 c\u1ed1t l\u00f5i c\u1ee7a ch\u00fang t\u00f4i (8 ng\u01b0\u1eddi trong s\u1ed1 h\u1ecd l\u00e0 th\u1ee3 th\u1ea1ch cao c\u1ea5p 1), ch\u00fang t\u00f4i c\u00f3 r\u1ea5t nhi\u1ec1u th\u1ee3 th\u1ee7 c\u00f4ng \u0111ang ho\u1ea1t \u0111\u1ed9ng, t\u1eeb chuy\u00ean gia v\u1ec1 s\u00e0n \u0111\u1ea5t \u0111\u1ebfn chuy\u00ean gia v\u1ec1 th\u1ea1ch cao, v\u00ec v\u1eady ch\u00fang t\u00f4i c\u00f3 th\u1ec3 cung c\u1ea5p nhi\u1ec1u lo\u1ea1i d\u1ecbch v\u1ee5.<\/p>\n\n<figure class=\"wp-block-image size-large animated fadeIn\"><img decoding=\"async\" width=\"1024\" height=\"225\" src=\"http:\/\/junjunwebdesign.work\/test_kishou\/wp-content\/uploads\/2024\/09\/3baf73fb39d5908615a22a18084ce409-1024x225.png\" alt=\"\" class=\"wp-image-139\" srcset=\"https:\/\/ki-sho.co.jp\/wp-content\/uploads\/2024\/09\/3baf73fb39d5908615a22a18084ce409-1024x225.png 1024w, https:\/\/ki-sho.co.jp\/wp-content\/uploads\/2024\/09\/3baf73fb39d5908615a22a18084ce409-300x66.png 300w, https:\/\/ki-sho.co.jp\/wp-content\/uploads\/2024\/09\/3baf73fb39d5908615a22a18084ce409-768x168.png 768w, https:\/\/ki-sho.co.jp\/wp-content\/uploads\/2024\/09\/3baf73fb39d5908615a22a18084ce409-1536x337.png 1536w, https:\/\/ki-sho.co.jp\/wp-content\/uploads\/2024\/09\/3baf73fb39d5908615a22a18084ce409-2048x449.png 2048w\" sizes=\"(max-width: 1024px) 100vw, 1024px\" \/><\/figure>\n\n<div class=\"wp-block-group u-mb-ctrl u-mb-40 has-border -border01 animated fadeInUp\"><div class=\"wp-block-group__inner-container is-layout-constrained wp-block-group-is-layout-constrained\">\n<h3 class=\"wp-block-heading u-mb-ctrl u-mb-10\">H\u1ee3p \u0111\u1ed3ng kinh doanh tr\u00e1t t\u01b0\u1eddng ho\u00e0n thi\u1ec7n<\/h3>\n\n\n\n<div class=\"wp-block-columns u-mb-ctrl u-mb-0\">\n<div class=\"wp-block-column\" style=\"flex-basis:75%\">\n<p style=\"font-size:18px\">T\u01b0\u1eddng th\u1ea1ch cao bao g\u1ed3m \u0111\u1ea5t diatomit, th\u1ea1ch cao v\u00e0 c\u00e1c v\u1eadt li\u1ec7u t\u1ef1 nhi\u00ean kh\u00e1c nh\u01b0 tro n\u00fai l\u1eeda v\u00e0 than c\u1ee7i, v\u00e0 v\u00ec c\u00e1c b\u1ee9c t\u01b0\u1eddng t\u1ef1 th\u1edf n\u00ean \u0111\u1eb7c t\u00ednh h\u1ea5p th\u1ee5 v\u00e0 gi\u1ea3i ph\u00f3ng \u0111\u1ed9 \u1ea9m c\u1ee7a ch\u00fang \u0111ang thu h\u00fat s\u1ef1 ch\u00fa \u00fd. \u0110\u1ed9 \u1ea9m \u0111\u01b0\u1ee3c duy tr\u00ec \u1edf m\u1ee9c th\u00edch h\u1ee3p, t\u1ea1o m\u00f4i tr\u01b0\u1eddng s\u1ed1ng tho\u1ea3i m\u00e1i.<\/p>\n<\/div>\n\n\n\n<div class=\"wp-block-column\" style=\"flex-basis:25%\">\n<figure class=\"wp-block-image size-full is-style-shadow\"><img decoding=\"async\" width=\"228\" height=\"165\" src=\"http:\/\/junjunwebdesign.work\/test_kishou\/wp-content\/uploads\/2024\/10\/30ea47eafe663d25942458c7c5095640.jpg\" alt=\"\" class=\"wp-image-304\" style=\"aspect-ratio:4\/3;object-fit:cover\"\/><\/figure>\n<\/div>\n<\/div>\n<\/div><\/div>\n\n<div class=\"wp-block-group u-mb-ctrl u-mb-40 has-border -border01 animated fadeInUp\"><div class=\"wp-block-group__inner-container is-layout-constrained wp-block-group-is-layout-constrained\">\n<h3 class=\"wp-block-heading u-mb-ctrl u-mb-10\">Kinh doanh h\u1ee3p \u0111\u1ed3ng x\u00e2y d\u1ef1ng s\u00e0n \u0111\u1ea5t ho\u00e0n thi\u1ec7n<\/h3>\n\n\n\n<div class=\"wp-block-columns u-mb-ctrl u-mb-0\">\n<div class=\"wp-block-column\" style=\"flex-basis:75%\">\n<p style=\"font-size:18px\">Trong nh\u00e0, nh\u1eefng khu v\u1ef1c m\u00e0 s\u00e0n \u0111\u01b0\u1ee3c \u0111\u1ec3 tr\u00ean m\u1eb7t \u0111\u1ea5t m\u00e0 kh\u00f4ng tr\u1ea3i xu\u1ed1ng ho\u1eb7c \u0111\u01b0\u1ee3c ph\u1ee7 b\u1eb1ng \u0111\u1ea5t gi\u00e3 ho\u1eb7c th\u1ea1ch cao \u0111\u01b0\u1ee3c g\u1ecdi l\u00e0 &#8220;doma&#8221;. N\u00f3 \u0111\u01b0\u1ee3c g\u1ecdi. Ch\u00fang t\u00f4i \u0111\u1ea3m nh\u1eadn tr\u1ecdn g\u00f3i c\u00f4ng vi\u1ec7c thi c\u00f4ng s\u00e0n \u0111\u1ea5t, bao g\u1ed3m c\u00f4ng t\u00e1c b\u00ea t\u00f4ng s\u00e0n \u0111\u1ea5t cho l\u1ed1i v\u00e0o, nh\u00e0 \u0111\u1ec3 xe, gara, v.v. v\u00e0 s\u00e0n \u0111\u1ea5t nung \u0111\u1eb7c tr\u01b0ng c\u1ee7a c\u00e1c ng\u00f4i nh\u00e0 Nh\u1eadt B\u1ea3n.<\/p>\n<\/div>\n\n\n\n<div class=\"wp-block-column\" style=\"flex-basis:25%\">\n<figure class=\"wp-block-image size-full is-style-shadow\"><img decoding=\"async\" width=\"228\" height=\"166\" src=\"https:\/\/ki-sho.co.jp\/wp-content\/uploads\/2024\/10\/aa0f89ddbc45e5c6dca5a14f27925bd0.jpg\" alt=\"\" class=\"wp-image-308\" style=\"aspect-ratio:4\/3;object-fit:cover\"\/><\/figure>\n<\/div>\n<\/div>\n<\/div><\/div>\n\n<div class=\"wp-block-group u-mb-ctrl u-mb-40 has-border -border01 animated fadeInUp\"><div class=\"wp-block-group__inner-container is-layout-constrained wp-block-group-is-layout-constrained\">\n<h3 class=\"wp-block-heading u-mb-ctrl u-mb-10\">Kinh doanh h\u1ee3p \u0111\u1ed3ng x\u00e2y d\u1ef1ng t\u1ef1 san ph\u1eb3ng ho\u00e0n thi\u1ec7n<\/h3>\n\n\n\n<div class=\"wp-block-columns u-mb-ctrl u-mb-0\">\n<div class=\"wp-block-column\" style=\"flex-basis:75%\">\n<p style=\"font-size:18px\">T\u1ef1 san ph\u1eb3ng l\u00e0 v\u1eadt li\u1ec7u \u0111\u01b0\u1ee3c s\u1eed d\u1ee5ng \u0111\u1ec3 l\u00e1t s\u00e0n v\u1edbi l\u1edbp ho\u00e0n thi\u1ec7n \u0111\u01b0\u1ee3c d\u00e1n. Ch\u00fang t\u00f4i s\u1ebd \u0111i\u1ec1u tra tr\u01b0\u1edbc \u0111\u1ed9 ph\u1eb3ng c\u1ee7a \u0111\u1ebf, \u0111\u1ed3ng th\u1eddi xem x\u00e9t \u0111i\u1ec1u ch\u1ec9nh \u0111\u1ed9 kh\u00f4ng \u0111\u1ed3ng \u0111\u1ec1u v\u00e0 ph\u00e2n chia qu\u00e1 tr\u00ecnh \u0111\u1ed5. T\u1ef1 san ph\u1eb3ng = \u0110\u00fang nh\u01b0 t\u00ean g\u1ecdi, b\u1eb1ng c\u00e1ch \u0111\u1ed5 n\u00f3 l\u00ean s\u00e0n v\u00e0 l\u00e0m ph\u1eb3ng n\u00f3 b\u1eb1ng chu\u1ed3n chu\u1ed3n, b\u1ea1n c\u00f3 th\u1ec3 c\u00f3 \u0111\u01b0\u1ee3c b\u1ec1 m\u1eb7t s\u00e0n nh\u1eb5n v\u00e0 c\u00f3 \u0111\u1ed9 ch\u00ednh x\u00e1c cao. N\u00f3 \u0111\u00e3 \u0111\u01b0\u1ee3c \u0111\u00f3n nh\u1eadn n\u1ed3ng nhi\u1ec7t nh\u01b0 m\u1ed9t v\u1eadt li\u1ec7u l\u00e1t s\u00e0n gi\u00fap r\u00fat ng\u1eafn th\u1eddi gian x\u00e2y d\u1ef1ng.<\/p>\n<\/div>\n\n\n\n<div class=\"wp-block-column\" style=\"flex-basis:25%\">\n<figure class=\"wp-block-image size-full is-style-shadow\"><img decoding=\"async\" width=\"228\" height=\"165\" src=\"https:\/\/ki-sho.co.jp\/wp-content\/uploads\/2024\/10\/28ccb35b054dabc32f089825980610cc.jpg\" alt=\"\" class=\"wp-image-311\" style=\"aspect-ratio:4\/3;object-fit:cover\"\/><\/figure>\n<\/div>\n<\/div>\n<\/div><\/div>\n\n<div class=\"wp-block-group u-mb-ctrl u-mb-40 has-border -border01 animated fadeInUp\"><div class=\"wp-block-group__inner-container is-layout-constrained wp-block-group-is-layout-constrained\">\n<h3 class=\"wp-block-heading u-mb-ctrl u-mb-10\">H\u1ee3p \u0111\u1ed3ng thi c\u00f4ng ch\u1ed1ng th\u1ea5m tr\u1ecdn g\u00f3i<\/h3>\n\n\n\n<div class=\"wp-block-columns u-mb-ctrl u-mb-0\">\n<div class=\"wp-block-column\" style=\"flex-basis:75%\">\n<p style=\"font-size:18px\">C\u00f3 nhi\u1ec1u lo\u1ea1i v\u1eadt li\u1ec7u ch\u1ed1ng th\u1ea5m v\u00e0 ph\u01b0\u01a1ng ph\u00e1p thi c\u00f4ng kh\u00e1c nhau nh\u01b0ng v\u1eadt li\u1ec7u v\u00e0 ph\u01b0\u01a1ng ph\u00e1p thi c\u00f4ng ch\u1ed1ng th\u1ea5m m\u00e1i nh\u00e0 th\u00f4ng d\u1ee5ng nh\u1ea5t l\u00e0 nh\u1eefng v\u1eadt li\u1ec7u v\u00e0 ph\u01b0\u01a1ng ph\u00e1p thi c\u00f4ng t\u1ea1o m\u00e0ng ch\u1ed1ng th\u1ea5m tr\u00ean b\u1ec1 m\u1eb7t b\u00ea t\u00f4ng. M\u1ed7i v\u1eadt li\u1ec7u ch\u1ed1ng th\u1ea5m v\u00e0 ph\u01b0\u01a1ng ph\u00e1p x\u00e2y d\u1ef1ng \u0111\u1ec1u c\u00f3 nh\u1eefng \u0111\u1eb7c \u0111i\u1ec3m ri\u00eang, do \u0111\u00f3, lo\u1ea1i v\u1eadt li\u1ec7u ch\u1ed1ng th\u1ea5m v\u00e0 ph\u01b0\u01a1ng ph\u00e1p x\u00e2y d\u1ef1ng \u0111\u01b0\u1ee3c \u00e1p d\u1ee5ng c\u00f3 th\u1ec3 \u0111\u01b0\u1ee3c x\u00e1c \u0111\u1ecbnh b\u1eb1ng c\u00e1ch xem x\u00e9t lo\u1ea1i, k\u1ebft c\u1ea5u, k\u00edch th\u01b0\u1edbc, v\u1ecb tr\u00ed v\u00e0 \u0111i\u1ec1u ki\u1ec7n \u0111\u1ecba \u0111i\u1ec3m c\u1ee7a t\u00f2a nh\u00e0.<\/p>\n<\/div>\n\n\n\n<div class=\"wp-block-column\" style=\"flex-basis:25%\">\n<figure class=\"wp-block-image size-full is-style-shadow\"><img decoding=\"async\" width=\"228\" height=\"165\" src=\"https:\/\/ki-sho.co.jp\/wp-content\/uploads\/2024\/10\/46a37f23f7ebdf50f2af3b265ceb5b8e.jpg\" alt=\"\" class=\"wp-image-313\" style=\"aspect-ratio:4\/3;object-fit:cover\"\/><\/figure>\n<\/div>\n<\/div>\n<\/div><\/div>\n\n<div class=\"wp-block-group u-mb-ctrl u-mb-40 has-border -border01 animated fadeInUp\"><div class=\"wp-block-group__inner-container is-layout-constrained wp-block-group-is-layout-constrained\">\n<h3 class=\"wp-block-heading u-mb-ctrl u-mb-10\">C\u00f4ng vi\u1ec7c v\u1ebd tranh<\/h3>\n\n\n\n<div class=\"wp-block-columns u-mb-ctrl u-mb-0\">\n<div class=\"wp-block-column\" style=\"flex-basis:75%\">\n<p style=\"font-size:18px\">C\u00e1c b\u1ee9c t\u01b0\u1eddng b\u00ean ngo\u00e0i c\u0169ng c\u00f3 tu\u1ed5i th\u1ecd. S\u1ef1 xu\u1ed1ng c\u1ea5p ti\u1ebfn tri\u1ec3n t\u1eebng ng\u00e0y do ti\u1ebfp x\u00fac v\u1edbi gi\u00f3 v\u00e0 m\u01b0a. Vi\u1ec7c b\u1ecf b\u00ea c\u00f4ng vi\u1ec7c s\u01a1n kh\u00f4ng ch\u1ec9 l\u00e0m h\u1ecfng t\u01b0\u1eddng m\u00e0 c\u00f2n khi\u1ebfn b\u1ea3n th\u00e2n c\u00f4ng tr\u00ecnh xu\u1ed1ng c\u1ea5p. B\u1eb1ng c\u00e1ch th\u01b0\u1eddng xuy\u00ean s\u01a1n l\u1ea1i c\u00e1c b\u1ee9c t\u01b0\u1eddng b\u00ean ngo\u00e0i, b\u1ea1n c\u00f3 th\u1ec3 k\u00e9o d\u00e0i tu\u1ed5i th\u1ecd c\u1ee7a t\u00f2a nh\u00e0. Ngo\u00e0i ra, vi\u1ec7c s\u01a1n l\u1ea1i c\u00f3 th\u1ec3 mang l\u1ea1i cho t\u00f2a nh\u00e0 m\u1ed9t di\u1ec7n m\u1ea1o ho\u00e0n to\u00e0n m\u1edbi nh\u01b0 th\u1ec3 n\u00f3 \u0111\u00e3 \u0111\u01b0\u1ee3c c\u1ea3i t\u1ea1o.<\/p>\n<\/div>\n\n\n\n<div class=\"wp-block-column\" style=\"flex-basis:25%\">\n<figure class=\"wp-block-image size-full is-style-shadow\"><img decoding=\"async\" width=\"228\" height=\"166\" src=\"https:\/\/ki-sho.co.jp\/wp-content\/uploads\/2024\/10\/87b31ad78efb06d7bc2380c526acb040.jpg\" alt=\"\" class=\"wp-image-315\" style=\"aspect-ratio:4\/3;object-fit:cover\"\/><\/figure>\n<\/div>\n<\/div>\n<\/div><\/div>\n\n<div class=\"wp-block-group u-mb-ctrl u-mb-40 has-border -border01 animated fadeInUp\"><div class=\"wp-block-group__inner-container is-layout-constrained wp-block-group-is-layout-constrained\">\n<h3 class=\"wp-block-heading u-mb-ctrl u-mb-10\">Thi c\u00f4ng b\u01a1m v\u1eefa \u00e1p l\u1ef1c ho\u00e0n thi\u1ec7n h\u1ee3p \u0111\u1ed3ng kinh doanh<\/h3>\n\n\n\n<div class=\"wp-block-columns u-mb-ctrl u-mb-0\">\n<div class=\"wp-block-column\" style=\"flex-basis:75%\">\n<p style=\"font-size:18px\">V\u1eefa l\u00e0 v\u1eadt li\u1ec7u x\u00e2y d\u1ef1ng \u0111\u01b0\u1ee3c s\u1eed d\u1ee5ng l\u00e0m v\u1eadt li\u1ec7u k\u1ebft n\u1ed1i gi\u1eefa c\u00e1c vi\u00ean g\u1ea1ch, l\u00e0m l\u1edbp n\u1ec1n cho b\u1ec1 m\u1eb7t b\u00ea t\u00f4ng v\u00e0 l\u00e0m l\u1edbp s\u01a1n ho\u00e0n thi\u1ec7n. B\u1eb1ng c\u00e1ch b\u01a1m v\u1eefa, c\u00f3 th\u1ec3 l\u1ea5p \u0111\u1ea7y c\u00e1c kho\u1ea3ng tr\u1ed1ng sau khi l\u1eafp khung, \u00e9p c\u00e1c m\u1ed1i n\u1ed1i trong kh\u1ed1i, t\u01b0\u1eddng \u0111\u00e1, v\u00f2m trong x\u00e2y d\u1ef1ng \u0111\u01b0\u1eddng h\u1ea7m, v.v. v\u00e0 l\u1ea5p \u0111\u1ea7y c\u00e1c kho\u1ea3ng tr\u1ed1ng trong c\u00e1c t\u1ea5m \u0111\u00fac s\u1eb5n.<\/p>\n<\/div>\n\n\n\n<div class=\"wp-block-column\" style=\"flex-basis:25%\">\n<figure class=\"wp-block-image size-full is-style-shadow\"><img decoding=\"async\" width=\"228\" height=\"165\" src=\"https:\/\/ki-sho.co.jp\/wp-content\/uploads\/2024\/10\/0d66a0590c8f5dcddf3d98dcd30df4e0.jpg\" alt=\"\" class=\"wp-image-316\" style=\"aspect-ratio:4\/3;object-fit:cover\"\/><\/figure>\n<\/div>\n<\/div>\n<\/div><\/div>\n\n<div class=\"wp-block-group u-mb-ctrl u-mb-40 has-border -border01 animated fadeInUp\"><div class=\"wp-block-group__inner-container is-layout-constrained wp-block-group-is-layout-constrained\">\n<h3 class=\"wp-block-heading u-mb-ctrl u-mb-10\">H\u1ee3p \u0111\u1ed3ng x\u00e2y d\u1ef1ng tr\u1ecdn g\u00f3i<\/h3>\n\n\n\n<div class=\"wp-block-columns u-mb-ctrl u-mb-0\">\n<div class=\"wp-block-column\" style=\"flex-basis:75%\">\n<p style=\"font-size:18px\">T\u01b0\u1eddng kh\u1ed1i b\u00ea t\u00f4ng t\u1eeb l\u00e2u \u0111\u00e3 h\u1eefu \u00edch nh\u01b0 nh\u1eefng c\u1ea5u tr\u00fac b\u00ean ngo\u00e0i quan tr\u1ecdng \u0111\u1ec3 \u0111\u1ea3m b\u1ea3o s\u1ef1 ri\u00eang t\u01b0, ph\u00f2ng ch\u1ed1ng t\u1ed9i ph\u1ea1m v\u00e0 ph\u00f2ng ch\u1ed1ng ch\u00e1y n\u1ed5. C\u00e1c lo\u1ea1i kh\u1ed1i bao g\u1ed3m c\u00e1c kh\u1ed1i b\u00ea t\u00f4ng th\u00f4ng th\u01b0\u1eddng th\u01b0\u1eddng \u0111\u01b0\u1ee3c s\u1eed d\u1ee5ng cho c\u00e1c khu v\u1ef1c bi\u00ean gi\u1edbi, c\u0169ng nh\u01b0 &#8220;kh\u1ed1i h\u00ecnh m\u1edd&#8221; c\u00f3 h\u00ecnh m\u1edd v\u00e0 &#8220;kh\u1ed1i trang tr\u00ed&#8221; c\u00f3 b\u1ec1 m\u1eb7t \u0111\u00e3 \u0111\u01b0\u1ee3c x\u1eed l\u00fd. C\u1ea7n ph\u1ea3i ch\u1ecdn m\u1ed9t c\u00e1i ph\u00f9 h\u1ee3p v\u1edbi t\u1eebng m\u1ee5c \u0111\u00edch. .<\/p>\n<\/div>\n\n\n\n<div class=\"wp-block-column\" style=\"flex-basis:25%\">\n<figure class=\"wp-block-image size-full is-style-shadow\"><img decoding=\"async\" width=\"228\" height=\"166\" src=\"https:\/\/ki-sho.co.jp\/wp-content\/uploads\/2024\/10\/c492457a8ce299c0067b74cf80df0d7a.jpg\" alt=\"\" class=\"wp-image-317\" style=\"aspect-ratio:4\/3;object-fit:cover\"\/><\/figure>\n<\/div>\n<\/div>\n<\/div><\/div>\n\n<div class=\"wp-block-group has-border -border01 animated fadeInUp u-mb-ctrl u-mb-60\"><div class=\"wp-block-group__inner-container is-layout-constrained wp-block-group-is-layout-constrained\">\n<h3 class=\"wp-block-heading u-mb-ctrl u-mb-10\">C\u00f4ng nghi\u1ec7p c\u1ea3i t\u1ea1o ngo\u1ea1i th\u1ea5t<\/h3>\n\n\n\n<div class=\"wp-block-columns u-mb-ctrl u-mb-0\">\n<div class=\"wp-block-column\" style=\"flex-basis:75%\">\n<p style=\"font-size:18px\">T\u1eadn d\u1ee5ng l\u1ee3i th\u1ebf kinh doanh c\u1ee7a m\u00ecnh, ch\u00fang t\u00f4i c\u0169ng x\u1eed l\u00fd vi\u1ec7c c\u1ea3i t\u1ea1o b\u00ean ngo\u00e0i. Ch\u00fang t\u00f4i x\u1eed l\u00fd t\u1ea5t c\u1ea3 c\u00f4ng vi\u1ec7c, bao g\u1ed3m h\u00e0ng r\u00e0o b\u1eb1ng kh\u1ed1i b\u00ea t\u00f4ng v\u00e0 b\u1ea3o tr\u00ec b\u00ean ngo\u00e0i b\u1eb1ng l\u1edbp s\u01a1n ho\u00e0n thi\u1ec7n \u0111\u00e3 \u0111\u01b0\u1ee3c r\u1eeda s\u1ea1ch, v\u00ec v\u1eady b\u1ea1n c\u00f3 th\u1ec3 \u0111\u1eb7t h\u00e0ng v\u1edbi chi ph\u00ed th\u1ea5p m\u00e0 kh\u00f4ng c\u1ea7n d\u1ef1a v\u00e0o ng\u01b0\u1eddi trung gian. T\u1ea5t nhi\u00ean, xin vui l\u00f2ng li\u00ean h\u1ec7 v\u1edbi ch\u00fang t\u00f4i v\u1ec1 kh\u00f4ng ch\u1ec9 vi\u1ec7c c\u1ea3i t\u1ea1o m\u00e0 c\u00f2n c\u1ea3 vi\u1ec7c x\u00e2y d\u1ef1ng m\u1edbi.<\/p>\n<\/div>\n\n\n\n<div class=\"wp-block-column\" style=\"flex-basis:25%\">\n<figure class=\"wp-block-image size-full is-style-shadow\"><img decoding=\"async\" width=\"228\" height=\"165\" src=\"https:\/\/ki-sho.co.jp\/wp-content\/uploads\/2024\/10\/b0b32ce07a38852caf4e16207eca856e.jpg\" alt=\"\" class=\"wp-image-320\" style=\"aspect-ratio:4\/3;object-fit:cover\"\/><\/figure>\n<\/div>\n<\/div>\n<\/div><\/div>\n\n<h2 class=\"wp-block-heading animated fadeIn\">Li\u00ean k\u1ebft li\u00ean quan<\/h2>\n\n<div class=\"swell-block-button is-style-btn_line animated zoomIn\"><a href=\"https:\/\/www.nissaren.or.jp\/\" target=\"_blank\" rel=\"noopener noreferrer\" class=\"swell-block-button__link\"><span><strong>Hi\u1ec7p h\u1ed9i C\u00f4ng nghi\u1ec7p Th\u1ea1ch cao Nh\u1eadt B\u1ea3n (<\/strong> Hi\u1ec7p h\u1ed9i T\u1ed5ng h\u1ee3p)<\/span><\/a><\/div>\n\n<div class=\"swell-block-button is-style-btn_line animated zoomIn\"><a href=\"https:\/\/www.tousaren.jp\/\" target=\"_blank\" rel=\"noopener noreferrer\" class=\"swell-block-button__link\"><span><strong>Hi\u1ec7p h\u1ed9i C\u00f4ng nghi\u1ec7p Th\u1ea1ch cao Tokyo, Hi\u1ec7p h\u1ed9i T\u1ed5ng h\u1ee3p<\/strong><\/span><\/a><\/div>\n\n<div class=\"swell-block-button is-style-btn_line animated zoomIn\"><a href=\"https:\/\/www.nextftp.com\/tokyotamasakan\/\" target=\"_blank\" rel=\"noopener noreferrer\" class=\"swell-block-button__link\"><span><strong>Hi\u1ec7p h\u1ed9i th\u1ea1ch cao Tokyo Tama Hi\u1ec7p h\u1ed9i t\u1ed5ng h\u1ee3p<\/strong><\/span><\/a><\/div>\n\n<div style=\"height:100px\" aria-hidden=\"true\" class=\"wp-block-spacer\"><\/div>\n","protected":false},"excerpt":{"rendered":"<p>T\u1eeb tr\u00e1t t\u01b0\u1eddng cho c\u1eeda h\u00e0ng quy m\u00f4 l\u1edbn \u0111\u1ebfn c\u1ea3i t\u1ea1o khu d\u00e2n c\u01b0, h\u00e3y giao m\u1ecdi v\u1ea5n \u0111\u1ec1 li\u00ean quan \u0111\u1ebfn tr\u00e1t t\u01b0\u1eddng cho ch\u00fang t\u00f4i. Trong s\u1ed1 15 k\u1ef9 s\u01b0 c\u1ed1t l\u00f5i c\u1ee7a ch\u00fang t\u00f4i (8 ng\u01b0\u1eddi trong s\u1ed1 h\u1ecd l\u00e0 th\u1ee3 th\u1ea1ch cao c\u1ea5p 1), ch\u00fang t\u00f4i c\u00f3 r\u1ea5t nhi\u1ec1u th\u1ee3 th\u1ee7 c\u00f4ng \u0111ang ho\u1ea1t \u0111\u1ed9ng, t\u1eeb chuy\u00ean gia v\u1ec1 s\u00e0n \u0111\u1ea5t \u0111\u1ebfn chuy\u00ean gia v\u1ec1 th\u1ea1ch cao, v\u00ec v\u1eady ch\u00fang t\u00f4i c\u00f3 th\u1ec3 cung c\u1ea5p nhi\u1ec1u lo\u1ea1i d\u1ecbch v\u1ee5. H\u1ee3p \u0111\u1ed3ng kinh doanh tr\u00e1t t\u01b0\u1eddng ho\u00e0n thi\u1ec7n T\u01b0\u1eddng th\u1ea1ch cao bao g\u1ed3m \u0111\u1ea5t diatomit, th\u1ea1ch cao v\u00e0 c\u00e1c v\u1eadt li\u1ec7u t\u1ef1 nhi\u00ean kh\u00e1c nh\u01b0 tro [&hellip;]<\/p>\n","protected":false},"author":1,"featured_media":0,"parent":0,"menu_order":0,"comment_status":"closed","ping_status":"closed","template":"","meta":{"swell_btn_cv_data":"","footnotes":""},"class_list":["post-925","page","type-page","status-publish","hentry"],"_links":{"self":[{"href":"https:\/\/ki-sho.co.jp\/vi\/wp-json\/wp\/v2\/pages\/925","targetHints":{"allow":["GET"]}}],"collection":[{"href":"https:\/\/ki-sho.co.jp\/vi\/wp-json\/wp\/v2\/pages"}],"about":[{"href":"https:\/\/ki-sho.co.jp\/vi\/wp-json\/wp\/v2\/types\/page"}],"author":[{"embeddable":true,"href":"https:\/\/ki-sho.co.jp\/vi\/wp-json\/wp\/v2\/users\/1"}],"replies":[{"embeddable":true,"href":"https:\/\/ki-sho.co.jp\/vi\/wp-json\/wp\/v2\/comments?post=925"}],"version-history":[{"count":2,"href":"https:\/\/ki-sho.co.jp\/vi\/wp-json\/wp\/v2\/pages\/925\/revisions"}],"predecessor-version":[{"id":936,"href":"https:\/\/ki-sho.co.jp\/vi\/wp-json\/wp\/v2\/pages\/925\/revisions\/936"}],"wp:attachment":[{"href":"https:\/\/ki-sho.co.jp\/vi\/wp-json\/wp\/v2\/media?parent=925"}],"curies":[{"name":"wp","href":"https:\/\/api.w.org\/{rel}","templated":true}]}}