{"id":918,"date":"2024-09-24T23:38:16","date_gmt":"2024-09-24T14:38:16","guid":{"rendered":"https:\/\/ki-sho.co.jp\/ho-so-cong-ty\/"},"modified":"2024-12-04T15:27:58","modified_gmt":"2024-12-04T06:27:58","slug":"ho-so-cong-ty","status":"publish","type":"page","link":"https:\/\/ki-sho.co.jp\/vi\/ho-so-cong-ty\/","title":{"rendered":"H\u1ed3 s\u01a1 c\u00f4ng ty"},"content":{"rendered":"\n<h2 class=\"wp-block-heading animated fadeIn\">L\u1eddi ch\u00e0o t\u1eeb ng\u01b0\u1eddi \u0111\u1ea1i di\u1ec7n<\/h2>\n\n<div class=\"wp-block-columns u-mb-ctrl u-mb-60 animated fadeIn\">\n<div class=\"wp-block-column\" style=\"font-size:20px;flex-basis:66.66%\">\n<p style=\"font-size:18px\">C\u00f4ng ty TNHH Kisho coi tr\u1ecdng s\u1ef1 h\u00e0i h\u00f2a gi\u1eefa m\u00f4i tr\u01b0\u1eddng, thi\u00ean nhi\u00ean v\u00e0 con ng\u01b0\u1eddi v\u00e0 \u0111ang n\u1ed7 l\u1ef1c c\u1ea3i ti\u1ebfn c\u00f4ng ngh\u1ec7 v\u00e0 ph\u00e1t tri\u1ec3n ngu\u1ed3n nh\u00e2n l\u1ef1c. M\u1eb7c d\u00f9 ch\u00fang t\u00f4i ch\u1ec9 m\u1edbi tr\u1edf th\u00e0nh m\u1ed9t t\u1eadp \u0111o\u00e0n trong m\u1ed9t th\u1eddi gian ng\u1eafn nh\u01b0ng t\u00f4i c\u1ea3m th\u1ea5y r\u1eb1ng ch\u00fang t\u00f4i \u0111ang ph\u00e1t tri\u1ec3n m\u1ed7i ng\u00e0y v\u1edbi t\u01b0 c\u00e1ch l\u00e0 m\u1ed9t c\u00f4ng ty.<br\/> M\u1eb7c d\u00f9 c\u00f4ng ty c\u1ee7a ch\u00fang t\u00f4i t\u1eadp trung v\u00e0o t\u00e0i n\u0103ng tr\u1ebb, nh\u01b0ng ch\u00fang t\u00f4i c\u00f3 nhi\u1ec1u ng\u01b0\u1eddi \u0111\u00e3 \u0111\u1ea1t \u0111\u01b0\u1ee3c &#8220;K\u1ef9 thu\u1eadt vi\u00ean tr\u00e1t h\u1ea1ng nh\u1ea5t&#8221;, m\u1ed9t lo\u1ea1i h\u1ec7 th\u1ed1ng ch\u1ee9ng nh\u1eadn k\u1ef9 n\u0103ng qu\u1ed1c gia, v\u00ec v\u1eady ch\u00fang t\u00f4i kh\u00f4ng ch\u1ec9 cung c\u1ea5p c\u00f4ng ngh\u1ec7 \u0111\u00e1ng tin c\u1eady m\u00e0 c\u00f2n c\u1ea3 t\u01b0 duy linh ho\u1ea1t. \u0111\u1ec3 m\u1edf r\u1ed9ng kinh doanh v\u1edbi tham v\u1ecdng n\u00e0y l\u00e0 v\u0169 kh\u00ed c\u1ee7a ch\u00fang t\u00f4i.<br\/> T\u00f4i c\u0169ng r\u1ea5t \u1ea5n t\u01b0\u1ee3ng tr\u01b0\u1edbc s\u1ef1 n\u0103ng \u0111\u1ed9ng c\u1ee7a gi\u1edbi tr\u1ebb v\u00e0 c\u1ea3m th\u1ea5y r\u1eb1ng th\u1eadt \u0111\u00e1ng gi\u00e1 khi g\u00f3p ph\u1ea7n v\u00e0o s\u1ef1 ph\u00e1t tri\u1ec3n c\u1ee7a h\u1ecd. Ch\u00fang ta mu\u1ed1n n\u00e2ng niu v\u00e0 nu\u00f4i d\u01b0\u1ee1ng nh\u1eefng m\u1ea7m non mang t\u01b0\u01a1ng lai m\u00e0 kh\u00f4ng c\u1ea7n ph\u1ea3i c\u1eaft \u0111\u1ee9t ch\u00fang.<br\/> Ch\u00fang t\u00f4i c\u0169ng ch\u1ee7 \u0111\u1ed9ng gi\u1ea3i quy\u1ebft c\u00e1c v\u1ea5n \u0111\u1ec1 m\u00f4i tr\u01b0\u1eddng v\u1edbi t\u1ea7m nh\u00ecn h\u01b0\u1edbng t\u1edbi t\u01b0\u01a1ng lai. Ch\u00fang t\u00f4i tin r\u1eb1ng b\u1eb1ng c\u00e1ch quan t\u00e2m \u0111\u1ebfn m\u00f4i tr\u01b0\u1eddng, ch\u00fang t\u00f4i s\u1ebd mang l\u1ea1i l\u1ee3i \u00edch kh\u00f4ng ch\u1ec9 cho con ng\u01b0\u1eddi m\u00e0 c\u00f2n cho c\u1ea3 tr\u00e1i \u0111\u1ea5t.<br\/> T\u1eeb gi\u1edd tr\u1edf \u0111i, ch\u00fang t\u00f4i s\u1ebd h\u01b0\u1edbng s\u1ef1 ch\u00fa \u00fd c\u1ee7a m\u00ecnh ra th\u1ebf gi\u1edbi, m\u1edf r\u1ed9ng ki\u1ebfn \u200b\u200bth\u1ee9c v\u00e0 l\u00e0m vi\u1ec7c ch\u0103m ch\u1ec9 \u0111\u1ec3 tr\u1edf th\u00e0nh m\u1ed9t c\u00f4ng ty x\u00e2y d\u1ef1ng t\u01b0\u01a1ng lai.<\/p>\n\n\n\n<p class=\"has-text-align-right\" style=\"font-size:20px\">Gi\u00e1m \u0111\u1ed1c \u0111\u1ea1i di\u1ec7n Takataka Kishimoto<\/p>\n<\/div>\n\n\n\n<div class=\"wp-block-column\" style=\"font-size:20px;flex-basis:33.33%\">\n<figure class=\"wp-block-image size-large is-style-shadow\"><img decoding=\"async\" width=\"768\" height=\"1024\" src=\"http:\/\/junjunwebdesign.work\/test_kishou\/wp-content\/uploads\/2024\/09\/994c21e71b7ba3f30bd0d2afa06d339c-768x1024.jpg\" alt=\"&#x110;&#x1EA1;i di&#x1EC7;n Kishimoto\" class=\"wp-image-204\" style=\"aspect-ratio:3\/4;object-fit:cover\" srcset=\"https:\/\/ki-sho.co.jp\/wp-content\/uploads\/2024\/09\/994c21e71b7ba3f30bd0d2afa06d339c-768x1024.jpg 768w, https:\/\/ki-sho.co.jp\/wp-content\/uploads\/2024\/09\/994c21e71b7ba3f30bd0d2afa06d339c-225x300.jpg 225w, https:\/\/ki-sho.co.jp\/wp-content\/uploads\/2024\/09\/994c21e71b7ba3f30bd0d2afa06d339c-1152x1536.jpg 1152w, https:\/\/ki-sho.co.jp\/wp-content\/uploads\/2024\/09\/994c21e71b7ba3f30bd0d2afa06d339c-1536x2048.jpg 1536w, https:\/\/ki-sho.co.jp\/wp-content\/uploads\/2024\/09\/994c21e71b7ba3f30bd0d2afa06d339c-scaled.jpg 1920w\" sizes=\"(max-width: 768px) 100vw, 768px\" \/><\/figure>\n<\/div>\n<\/div>\n\n<h2 class=\"wp-block-heading animated fadeIn\">H\u1ed3 s\u01a1 c\u00f4ng ty<\/h2>\n\n<figure class=\"wp-block-table is-all-centered td_to_th_ u-mb-ctrl u-mb-60 sp_block_ animated fadeIn\"><table><tbody style=\"--tbody-th-color--bg:var(--color_gray);--tbody-th-color--txt:var(--swl-text_color--black)\"><tr><td>T\u00ean c\u00f4ng ty<\/td><td class=\"has-text-align-left\" data-align=\"left\">C\u00f4ng ty TNHH Takasho<\/td><\/tr><tr><td>v\u0103n ph\u00f2ng ch\u00ednh<\/td><td class=\"has-text-align-left\" data-align=\"left\">3-68-32 Yotsuya, Fuchu-shi, Tokyo<br\/>\u0111\u1ea1i di\u1ec7n \u0111i\u1ec7n tho\u1ea1i\u00a0042(405)9927<br\/>FAX\u00a0\u00a0\u00a0 \u00a0 \u00a0  042(405)9292<br\/>E-mail\u00a0\u00a0 <a href=\"mailto:sakan@ki-sho.co.jp\">sakan@ki-sho.co.jp<\/a><br\/> URL\u00a0 \u00a0\u00a0 \u00a0 <a href=\"http:\/\/www.ki-sho.co.jp\/\">https:\/\/www.ki-sho.co.jp\/<\/a><\/td><\/tr><tr><td>Ph\u00f2ng kinh doanh v\u00e0 \u0111\u1ed5i m\u1edbi<\/td><td class=\"has-text-align-left\" data-align=\"left\">6-19-4 Yotsuya, Th\u00e0nh ph\u1ed1 Fuchu, Tokyo<\/td><\/tr><tr><td>Khu k\u00fd t\u00fac x\u00e1 nh\u00e2n vi\u00ean v\u00e0 kho ch\u1ee9a v\u1eadt t\u01b0<\/td><td class=\"has-text-align-left\" data-align=\"left\">4-46-23 Yotsuya, Fuchu-shi, Tokyo<\/td><\/tr><tr><td>ng\u00e0y k\u1ef7 ni\u1ec7m th\u00e0nh l\u1eadp<\/td><td class=\"has-text-align-left\" data-align=\"left\">Ra m\u1eaft v\u1edbi t\u00ean Kishimoto Kogyo v\u00e0o ng\u00e0y 1 th\u00e1ng 9 n\u0103m 1998. \u0110\u1ed5i t\u00ean th\u00e0nh Takasho Co., Ltd. v\u00e0o ng\u00e0y 19 th\u00e1ng 10 n\u0103m 2006 v\u00e0 ti\u1ebfp t\u1ee5c cho \u0111\u1ebfn ng\u00e0y nay.<\/td><\/tr><tr><td>th\u1ee7 \u0111\u00f4<\/td><td class=\"has-text-align-left\" data-align=\"left\">10 tri\u1ec7u y\u00ean<\/td><\/tr><tr><td>Chi ti\u1ebft doanh nghi\u1ec7p<\/td><td class=\"has-text-align-left\" data-align=\"left\">1. H\u1ee3p \u0111\u1ed3ng kinh doanh tr\u00e1t t\u01b0\u1eddng ho\u00e0n thi\u1ec7n 2. H\u1ee3p \u0111\u1ed3ng kinh doanh x\u00e2y d\u1ef1ng s\u00e0n \u0111\u1ea5t ho\u00e0n thi\u1ec7n 3. H\u1ee3p \u0111\u1ed3ng thi c\u00f4ng ch\u1ed1ng th\u1ea5m tr\u1ecdn g\u00f3i 4. T\u1ef1 san n\u1ec1n x\u00e2y d\u1ef1ng h\u1ee3p \u0111\u1ed3ng kinh doanh tr\u1ecdn g\u00f3i 5. H\u1ee3p \u0111\u1ed3ng ho\u00e0n thi\u1ec7n c\u00f4ng tr\u00ecnh b\u01a1m v\u1eefa \u00e1p l\u1ef1c 6. Kinh doanh li\u00ean quan \u0111\u1ebfn m\u1ecdi v\u1ea5n \u0111\u1ec1<\/td><\/tr><tr><td>Gi\u1ea5y ph\u00e9p ng\u00e0nh x\u00e2y d\u1ef1ng t\u1ed5ng h\u1ee3p<\/td><td class=\"has-text-align-left\" data-align=\"left\">C\u00f4ng t\u00e1c tr\u00e1t t\u01b0\u1eddng Gi\u1ea5y ph\u00e9p c\u1ee7a Th\u1ed1ng \u0111\u1ed1c Tokyo (General-2) s\u1ed1 13<\/td><\/tr><tr><td>C\u00e1c t\u1ed5 ch\u1ee9c li\u00ean k\u1ebft<\/td><td class=\"has-text-align-left\" data-align=\"left\">(M\u1ed9t c\u00f4ng ty) Gi\u00e1m \u0111\u1ed1c, Li\u00ean \u0111o\u00e0n Th\u1ea1ch cao Nh\u1eadt B\u1ea3n (M\u1ed9t c\u00f4ng ty) Li\u00ean \u0111o\u00e0n Th\u1ea1ch cao Nh\u1eadt B\u1ea3n, Ph\u00f3 Ch\u1ee7 t\u1ecbch, Li\u00ean \u0111o\u00e0n Th\u1ea1ch cao Tokyo Ch\u1ee7 t\u1ecbch, Li\u00ean \u0111o\u00e0n Th\u1ea1ch cao Tokyo Tama (URL: http:\/\/www.nextftp.com\/tokyotamasakan\/ )<\/td><\/tr><tr><td>T\u00ean s\u0129 quan<\/td><td class=\"has-text-align-left\" data-align=\"left\">Gi\u00e1m \u0111\u1ed1c \u0111\u1ea1i di\u1ec7n: Takataka Kishimoto Gi\u00e1m \u0111\u1ed1c: Kayo Kishimoto Gi\u00e1m \u0111\u1ed1c: Kengo Ojima (Ph\u00f3 Ch\u1ee7 t\u1ecbch, Reiwa-kai, Ban Thanh ni\u00ean, Li\u00ean \u0111o\u00e0n c\u00e1c Hi\u1ec7p h\u1ed9i Th\u1ea1ch cao Tokyo; Gi\u00e1m \u0111\u1ed1c, Ban Thanh ni\u00ean, Hi\u1ec7p h\u1ed9i Th\u1ea1ch cao Tokyo Tama)<\/td><\/tr><tr><td>S\u1ed1 l\u01b0\u1ee3ng nh\u00e2n vi\u00ean<\/td><td class=\"has-text-align-left\" data-align=\"left\">10 nh\u00e2n vi\u00ean, 5 k\u1ef9 thu\u1eadt vi\u00ean tr\u00e1t c\u01a1 b\u1ea3n \u0111\u00e3 \u0111\u0103ng k\u00fd, 15 k\u1ef9 thu\u1eadt vi\u00ean c\u01a1 b\u1ea3n (trong \u0111\u00f3 c\u00f3 12 k\u1ef9 thu\u1eadt vi\u00ean tr\u00e1t l\u1edbp 1), 57 nh\u00e2n vi\u00ean t\u1ed5ng h\u1ee3p, t\u1ed5ng c\u1ed9ng 85 ng\u01b0\u1eddi<\/td><\/tr><tr><td>L\u1ecbch s\u1eed<\/td><td class=\"has-text-align-left\" data-align=\"left\">V\u00e0o ng\u00e0y 1 th\u00e1ng 9 n\u0103m 1998, ch\u00fang t\u00f4i th\u00e0nh l\u1eadp c\u00f4ng ty t\u01b0 nh\u00e2n v\u1edbi t\u00ean Kishimoto Kogyo, nh\u01b0ng do s\u1ed1 l\u01b0\u1ee3ng nh\u00e2n s\u1ef1 l\u1edbn n\u00ean ch\u00fang t\u00f4i \u0111\u1ed5i t\u00ean th\u00e0nh Takasho Co., Ltd. v\u00e0 m\u1edf r\u1ed9ng sang Tokyo, Kanagawa, Chiba v\u00e0 Saitama. \u00d4ng tr\u1edf th\u00e0nh gi\u00e1m \u0111\u1ed1c c\u1ee7a Hi\u1ec7p h\u1ed9i th\u1ea1ch cao Nh\u1eadt B\u1ea3n (m\u1ed9t c\u00f4ng ty), ph\u00f3 ch\u1ee7 t\u1ecbch Hi\u1ec7p h\u1ed9i th\u1ea1ch cao Tokyo (m\u1ed9t c\u00f4ng ty), \u0111\u1ed3ng th\u1eddi l\u00e0 ng\u01b0\u1eddi \u0111\u1ee9ng \u0111\u1ea7u Li\u00ean minh th\u1ea1ch cao Tokyo Tama, v\u00e0 ti\u1ebfp t\u1ee5c ti\u1ebfn xa h\u01a1n.<\/td><\/tr><tr><td>Khu v\u1ef1c b\u00e1n h\u00e0ng<\/td><td class=\"has-text-align-left\" data-align=\"left\">Tokyo, t\u1ec9nh Kanagawa, t\u1ec9nh Saitama, t\u1ec9nh Chiba v\u00e0 c\u00e1c khu v\u1ef1c Kanto kh\u00e1c<\/td><\/tr><\/tbody><\/table><\/figure>\n\n<h2 class=\"wp-block-heading animated fadeIn\">truy c\u1eadp<\/h2>\n\n<div class=\"wp-block-columns animated fadeIn\">\n<div class=\"wp-block-column\" style=\"flex-basis:100%\">\n<iframe src=\"https:\/\/www.google.com\/maps\/embed?pb=!1m18!1m12!1m3!1d918.349362138757!2d139.43540250908927!3d35.6703463672648!2m3!1f0!2f0!3f0!3m2!1i1024!2i768!4f13.1!3m3!1m2!1s0x6018e39ac3d8f063%3A0xb4fcac6bf0515d59!2z44CSMTgzLTAwMzUg5p2x5Lqs6YO95bqc5Lit5biC5Zub6LC377yW5LiB55uu77yR77yZ4oiS77yU!5e0!3m2!1sja!2sjp!4v1730883381043!5m2!1sja!2sjp\" width=\"100%\" height=\"450\" style=\"border:0;\" allowfullscreen=\"\" loading=\"lazy\" referrerpolicy=\"no-referrer-when-downgrade\"><\/iframe>\n<\/div>\n<\/div>\n\n<div class=\"wp-block-columns animated fadeIn\">\n<div class=\"wp-block-column\">\n<h3 class=\"wp-block-heading has-text-align-center\">V\u0103n ph\u00f2ng kinh doanh<\/h3>\n\n\n\n<figure class=\"wp-block-image size-full is-resized\"><img decoding=\"async\" width=\"585\" height=\"443\" src=\"https:\/\/ki-sho.co.jp\/wp-content\/uploads\/2024\/11\/5c8e607e4baa37e46c52d1fe513079ca.png\" alt=\"V&#x103;n ph&#xF2;ng kinh doanh\" class=\"wp-image-471\" style=\"width:438px;height:auto\" srcset=\"https:\/\/ki-sho.co.jp\/wp-content\/uploads\/2024\/11\/5c8e607e4baa37e46c52d1fe513079ca.png 585w, https:\/\/ki-sho.co.jp\/wp-content\/uploads\/2024\/11\/5c8e607e4baa37e46c52d1fe513079ca-300x227.png 300w\" sizes=\"(max-width: 585px) 100vw, 585px\" \/><\/figure>\n\n\n\n<p class=\"has-text-align-center\">6-19-4 Yotsuya, Th\u00e0nh ph\u1ed1 Fuchu, Tokyo<\/p>\n<\/div>\n\n\n\n<div class=\"wp-block-column\">\n<h3 class=\"wp-block-heading has-text-align-center\">Khu k\u00fd t\u00fac x\u00e1 nh\u00e2n vi\u00ean v\u00e0 kho ch\u1ee9a v\u1eadt t\u01b0<\/h3>\n\n\n\n<figure class=\"wp-block-image size-full\"><img decoding=\"async\" width=\"583\" height=\"441\" src=\"http:\/\/junjunwebdesign.work\/test_kishou\/wp-content\/uploads\/2024\/11\/9d863e1d695fd86bf84ad7cd5edfe79f.png\" alt=\"K&#xFD; t&#xFA;c x&#xE1; nh&#xE2;n vi&#xEA;n\" class=\"wp-image-472\" srcset=\"https:\/\/ki-sho.co.jp\/wp-content\/uploads\/2024\/11\/9d863e1d695fd86bf84ad7cd5edfe79f.png 583w, https:\/\/ki-sho.co.jp\/wp-content\/uploads\/2024\/11\/9d863e1d695fd86bf84ad7cd5edfe79f-300x227.png 300w\" sizes=\"(max-width: 583px) 100vw, 583px\" \/><\/figure>\n\n\n\n<p class=\"has-text-align-center\">4-46-23 Yotsuya, Fuchu-shi, Tokyo<\/p>\n<\/div>\n<\/div>\n\n<div style=\"height:100px\" aria-hidden=\"true\" class=\"wp-block-spacer\"><\/div>\n","protected":false},"excerpt":{"rendered":"<p>L\u1eddi ch\u00e0o t\u1eeb ng\u01b0\u1eddi \u0111\u1ea1i di\u1ec7n C\u00f4ng ty TNHH Kisho coi tr\u1ecdng s\u1ef1 h\u00e0i h\u00f2a gi\u1eefa m\u00f4i tr\u01b0\u1eddng, thi\u00ean nhi\u00ean v\u00e0 con ng\u01b0\u1eddi v\u00e0 \u0111ang n\u1ed7 l\u1ef1c c\u1ea3i ti\u1ebfn c\u00f4ng ngh\u1ec7 v\u00e0 ph\u00e1t tri\u1ec3n ngu\u1ed3n nh\u00e2n l\u1ef1c. M\u1eb7c d\u00f9 ch\u00fang t\u00f4i ch\u1ec9 m\u1edbi tr\u1edf th\u00e0nh m\u1ed9t t\u1eadp \u0111o\u00e0n trong m\u1ed9t th\u1eddi gian ng\u1eafn nh\u01b0ng t\u00f4i c\u1ea3m th\u1ea5y r\u1eb1ng ch\u00fang t\u00f4i \u0111ang ph\u00e1t tri\u1ec3n m\u1ed7i ng\u00e0y v\u1edbi t\u01b0 c\u00e1ch l\u00e0 m\u1ed9t c\u00f4ng ty. M\u1eb7c d\u00f9 c\u00f4ng ty c\u1ee7a ch\u00fang t\u00f4i t\u1eadp trung v\u00e0o t\u00e0i n\u0103ng tr\u1ebb, nh\u01b0ng ch\u00fang t\u00f4i c\u00f3 nhi\u1ec1u ng\u01b0\u1eddi \u0111\u00e3 \u0111\u1ea1t \u0111\u01b0\u1ee3c &#8220;K\u1ef9 thu\u1eadt vi\u00ean tr\u00e1t h\u1ea1ng nh\u1ea5t&#8221;, m\u1ed9t lo\u1ea1i h\u1ec7 th\u1ed1ng ch\u1ee9ng nh\u1eadn k\u1ef9 n\u0103ng qu\u1ed1c gia, [&hellip;]<\/p>\n","protected":false},"author":1,"featured_media":0,"parent":0,"menu_order":0,"comment_status":"closed","ping_status":"closed","template":"","meta":{"swell_btn_cv_data":"","footnotes":""},"class_list":["post-918","page","type-page","status-publish","hentry"],"_links":{"self":[{"href":"https:\/\/ki-sho.co.jp\/vi\/wp-json\/wp\/v2\/pages\/918","targetHints":{"allow":["GET"]}}],"collection":[{"href":"https:\/\/ki-sho.co.jp\/vi\/wp-json\/wp\/v2\/pages"}],"about":[{"href":"https:\/\/ki-sho.co.jp\/vi\/wp-json\/wp\/v2\/types\/page"}],"author":[{"embeddable":true,"href":"https:\/\/ki-sho.co.jp\/vi\/wp-json\/wp\/v2\/users\/1"}],"replies":[{"embeddable":true,"href":"https:\/\/ki-sho.co.jp\/vi\/wp-json\/wp\/v2\/comments?post=918"}],"version-history":[{"count":3,"href":"https:\/\/ki-sho.co.jp\/vi\/wp-json\/wp\/v2\/pages\/918\/revisions"}],"predecessor-version":[{"id":1103,"href":"https:\/\/ki-sho.co.jp\/vi\/wp-json\/wp\/v2\/pages\/918\/revisions\/1103"}],"wp:attachment":[{"href":"https:\/\/ki-sho.co.jp\/vi\/wp-json\/wp\/v2\/media?parent=918"}],"curies":[{"name":"wp","href":"https:\/\/api.w.org\/{rel}","templated":true}]}}