{"id":885,"date":"2024-09-24T23:12:58","date_gmt":"2024-09-24T14:12:58","guid":{"rendered":"https:\/\/ki-sho.co.jp\/dung-dau\/"},"modified":"2024-12-05T01:02:02","modified_gmt":"2024-12-04T16:02:02","slug":"dung-dau","status":"publish","type":"page","link":"https:\/\/ki-sho.co.jp\/vi\/","title":{"rendered":"\u0110\u1ee8NG \u0110\u1ea6U"},"content":{"rendered":"\n<p class=\"is-style-section_ttl animated fadeIn slow\"><\/p>\n\n<div class=\"swell-block-fullWide pc-py-80 sp-py-40 has-bg-img alignfull lazyload pc_only top_text\" style=\"background-color:rgba(247, 247, 247, 0.5)\" data-bg=\"http:\/\/junjunwebdesign.work\/test_kishou\/wp-content\/uploads\/2024\/09\/kishou_bg_img_aerth-1.jpg\"><div class=\"swell-block-fullWide__inner l-article\">\n<div class=\"wp-block-columns\">\n<div class=\"wp-block-column animated fadeIn\" style=\"flex-basis:100%\">\n<p class=\"animated fadeIn delay-100ms o-anim-hover has-medium-font-size\" style=\"letter-spacing:0.05em;line-height:1.7\"><span class=\"swl-fz u-fz-l\">C\u00f4ng ty TNHH Takasho \u0111\u01b0\u1ee3c th\u00e0nh l\u1eadp v\u00e0o n\u0103m 2006 v\u00e0 \u0111\u00e3 x\u00e2y d\u1ef1ng c\u01a1 s\u1edf kinh doanh tr\u00ean kh\u1eafp v\u00f9ng Kanto v\u1edbi ph\u01b0\u01a1ng ch\u00e2m <strong>\u201ct\u1ea1o ra m\u1ed9t m\u00f4i tr\u01b0\u1eddng h\u1eefu \u00edch cho \u0111\u1eddi s\u1ed1ng x\u00e3 h\u1ed9i c\u1ee7a ng\u01b0\u1eddi d\u00e2n v\u00e0 c\u1ed9ng \u0111\u1ed3ng\u201d.<\/strong><br\/> Cho \u0111\u1ebfn ng\u00e0y nay, ch\u00fang ta \u0111\u00e3 c\u00f3 th\u1ec3 s\u1ed1ng m\u1ed9t cu\u1ed9c s\u1ed1ng phong ph\u00fa b\u1eb1ng c\u00e1ch duy tr\u00ec tr\u00e1i \u0111\u1ea5t trong m\u00f4i tr\u01b0\u1eddng to\u00e0n c\u1ea7u h\u1ea1n ch\u1ebf.<br\/> \u0110\u1ec3 g\u00f3p ph\u1ea7n l\u00e0m phong ph\u00fa th\u00eam cu\u1ed9c s\u1ed1ng c\u1ee7a m\u1ecdi ng\u01b0\u1eddi, c\u00f4ng ty ch\u00fang t\u00f4i \u0111\u00e3 n\u1ed7 l\u1ef1c c\u1ea3i ti\u1ebfn v\u00e0 ho\u00e0n thi\u1ec7n c\u00f4ng ngh\u1ec7 c\u1ee7a m\u00ecnh.<br\/> Tuy nhi\u00ean, trong t\u01b0\u01a1ng lai, ng\u00e0nh x\u00e2y d\u1ef1ng ph\u1ea3i \u01b0u ti\u00ean b\u1ea3o v\u1ec7 m\u00f4i tr\u01b0\u1eddng \u1edf quy m\u00f4 khu v\u1ef1c.<br\/> L\u00e0 m\u1ed9t c\u00f4ng ty t\u1ea1o ra t\u01b0\u01a1ng lai, Takasho Co., Ltd. xem x\u00e9t c\u00e1c kh\u00f4ng gian v\u00e0 c\u1ea5u tr\u00fac t\u1eeb phong c\u00e1ch s\u1ed1ng c\u1ee7a m\u1ed7i c\u00e1 nh\u00e2n, \u00fd t\u01b0\u1edfng v\u00e0 suy ngh\u0129 c\u1ee7a c\u00f4ng ty c\u0169ng nh\u01b0 t\u1ea7m nh\u00ecn <span class=\"swl-inline-color has-swl-deep-01-color\"><strong>c\u1ee7a<\/strong><\/span> khu v\u1ef1c.<\/span><\/p>\n<\/div>\n<\/div>\n<\/div><\/div>\n\n<div class=\"swell-block-fullWide pc-py-80 sp-py-40 has-bg-img alignfull lazyload sp_only top_text\" style=\"background-color:rgba(247, 247, 247, 0.5)\" data-bg=\"http:\/\/junjunwebdesign.work\/test_kishou\/wp-content\/uploads\/2024\/09\/kishou_bg_img_aerth-1.jpg\"><div class=\"swell-block-fullWide__inner l-article\">\n<div class=\"wp-block-columns\">\n<div class=\"wp-block-column\" style=\"flex-basis:15%\"><\/div>\n\n\n\n<div class=\"wp-block-column animated fadeIn\" style=\"flex-basis:70%\">\n<p class=\"animated fadeIn delay-100ms o-anim-hover\"><span style=\"font-size:18px\" class=\"swl-fz\">C\u00f4ng ty TNHH Takasho \u0111\u01b0\u1ee3c th\u00e0nh l\u1eadp v\u00e0o n\u0103m 2006 v\u00e0 \u0111\u00e3 x\u00e2y d\u1ef1ng c\u01a1 s\u1edf kinh doanh tr\u00ean kh\u1eafp v\u00f9ng Kanto v\u1edbi ph\u01b0\u01a1ng ch\u00e2m <strong>\u201ct\u1ea1o ra m\u1ed9t m\u00f4i tr\u01b0\u1eddng h\u1eefu \u00edch cho \u0111\u1eddi s\u1ed1ng x\u00e3 h\u1ed9i c\u1ee7a ng\u01b0\u1eddi d\u00e2n v\u00e0 c\u1ed9ng \u0111\u1ed3ng\u201d.<\/strong><br\/> Cho \u0111\u1ebfn ng\u00e0y nay, ch\u00fang ta \u0111\u00e3 c\u00f3 th\u1ec3 s\u1ed1ng m\u1ed9t cu\u1ed9c s\u1ed1ng phong ph\u00fa b\u1eb1ng c\u00e1ch duy tr\u00ec tr\u00e1i \u0111\u1ea5t trong m\u00f4i tr\u01b0\u1eddng to\u00e0n c\u1ea7u h\u1ea1n ch\u1ebf.<br\/> \u0110\u1ec3 g\u00f3p ph\u1ea7n l\u00e0m phong ph\u00fa th\u00eam cu\u1ed9c s\u1ed1ng c\u1ee7a m\u1ecdi ng\u01b0\u1eddi, c\u00f4ng ty ch\u00fang t\u00f4i \u0111\u00e3 n\u1ed7 l\u1ef1c c\u1ea3i ti\u1ebfn v\u00e0 ho\u00e0n thi\u1ec7n c\u00f4ng ngh\u1ec7 c\u1ee7a m\u00ecnh.<br\/> Tuy nhi\u00ean, trong t\u01b0\u01a1ng lai, ng\u00e0nh x\u00e2y d\u1ef1ng ph\u1ea3i \u01b0u ti\u00ean b\u1ea3o v\u1ec7 m\u00f4i tr\u01b0\u1eddng \u1edf quy m\u00f4 khu v\u1ef1c.<br\/> L\u00e0 m\u1ed9t c\u00f4ng ty t\u1ea1o ra t\u01b0\u01a1ng lai, Takasho Co., Ltd. xem x\u00e9t c\u00e1c kh\u00f4ng gian v\u00e0 c\u1ea5u tr\u00fac t\u1eeb phong c\u00e1ch s\u1ed1ng c\u1ee7a m\u1ed7i c\u00e1 nh\u00e2n, \u00fd t\u01b0\u1edfng v\u00e0 suy ngh\u0129 c\u1ee7a c\u00f4ng ty c\u0169ng nh\u01b0 t\u1ea7m nh\u00ecn <span class=\"swl-inline-color has-swl-deep-01-color\"><strong>c\u1ee7a<\/strong><\/span> khu v\u1ef1c.<\/span><\/p>\n<\/div>\n\n\n\n<div class=\"wp-block-column\" style=\"flex-basis:15%\"><\/div>\n<\/div>\n<\/div><\/div>\n\n<div class=\"swell-block-fullWide pc-py-80 sp-py-40 alignfull u-mb-ctrl u-mb-40\" style=\"background-color:#ffffff\"><div class=\"swell-block-fullWide__inner l-container\">\n<h2 class=\"wp-block-heading has-text-align-center animated fadeIn is-style-section_ttl has-huge-font-size\"><img decoding=\"async\" width=\"600\" height=\"150\" class=\"wp-image-251\" style=\"width: 600px;\" src=\"http:\/\/junjunwebdesign.work\/test_kishou\/wp-content\/uploads\/2024\/10\/Features.jpg\" alt=\"&#x110;&#x1EB7;c &#x111;i&#x1EC3;m c&#x1EE7;a Takasho\" srcset=\"https:\/\/ki-sho.co.jp\/wp-content\/uploads\/2024\/10\/Features.jpg 2400w, https:\/\/ki-sho.co.jp\/wp-content\/uploads\/2024\/10\/Features-300x75.jpg 300w, https:\/\/ki-sho.co.jp\/wp-content\/uploads\/2024\/10\/Features-1024x256.jpg 1024w, https:\/\/ki-sho.co.jp\/wp-content\/uploads\/2024\/10\/Features-768x192.jpg 768w, https:\/\/ki-sho.co.jp\/wp-content\/uploads\/2024\/10\/Features-1536x384.jpg 1536w, https:\/\/ki-sho.co.jp\/wp-content\/uploads\/2024\/10\/Features-2048x512.jpg 2048w\" sizes=\"(max-width: 600px) 100vw, 600px\" \/><\/h2>\n\n\n\n<div class=\"wp-block-columns alignwide\">\n<div class=\"wp-block-column\" style=\"flex-basis:33%\">\n<h3 class=\"wp-block-heading has-text-align-center animated fadeIn slow is-style-default u-mb-ctrl u-mb-20 has-text-color has-link-color wp-elements-140bd00f521681f53796e939071a047a\" style=\"color:#0c3388\"><span class=\"swl-fz u-fz-l\">C\u00e1c bi\u1ec7n ph\u00e1p an to\u00e0n<\/span><\/h3>\n\n\n\n<figure class=\"wp-block-image size-large is-style-shadow animated fadeInUp slow\"><img decoding=\"async\" width=\"1024\" height=\"512\" src=\"https:\/\/ki-sho.co.jp\/wp-content\/uploads\/2024\/09\/1-1024x512.jpg\" alt=\"\" class=\"wp-image-160\" srcset=\"https:\/\/ki-sho.co.jp\/wp-content\/uploads\/2024\/09\/1-1024x512.jpg 1024w, https:\/\/ki-sho.co.jp\/wp-content\/uploads\/2024\/09\/1-300x150.jpg 300w, https:\/\/ki-sho.co.jp\/wp-content\/uploads\/2024\/09\/1-768x384.jpg 768w, https:\/\/ki-sho.co.jp\/wp-content\/uploads\/2024\/09\/1.jpg 1260w\" sizes=\"(max-width: 1024px) 100vw, 1024px\" \/><\/figure>\n<\/div>\n\n\n\n<div class=\"wp-block-column\" style=\"flex-basis:33%\">\n<h3 class=\"wp-block-heading has-text-align-center animated fadeIn slow is-style-default u-mb-ctrl u-mb-20 has-text-color has-link-color wp-elements-0417cbb9e2cc587bf6f8099fb71f4fe3\" style=\"color:#0c3388\"><span class=\"swl-fz u-fz-l\">Ph\u00e1t tri\u1ec3n ngu\u1ed3n nh\u00e2n l\u1ef1c<\/span><\/h3>\n\n\n\n<figure class=\"wp-block-image size-large is-style-shadow animated fadeInUp slow\"><img decoding=\"async\" width=\"1024\" height=\"512\" src=\"https:\/\/ki-sho.co.jp\/wp-content\/uploads\/2024\/09\/3-1024x512.jpg\" alt=\"\" class=\"wp-image-161\" srcset=\"https:\/\/ki-sho.co.jp\/wp-content\/uploads\/2024\/09\/3-1024x512.jpg 1024w, https:\/\/ki-sho.co.jp\/wp-content\/uploads\/2024\/09\/3-300x150.jpg 300w, https:\/\/ki-sho.co.jp\/wp-content\/uploads\/2024\/09\/3-768x384.jpg 768w, https:\/\/ki-sho.co.jp\/wp-content\/uploads\/2024\/09\/3.jpg 1260w\" sizes=\"(max-width: 1024px) 100vw, 1024px\" \/><\/figure>\n<\/div>\n\n\n\n<div class=\"wp-block-column\" style=\"flex-basis:33%\">\n<h3 class=\"wp-block-heading has-text-align-center animated fadeIn slow is-style-default u-mb-ctrl u-mb-20 has-swl-main-color has-text-color has-link-color wp-elements-b6d16e9a4c61af0e2a11d1b21f5e3115\"><span class=\"swl-fz u-fz-l\">C\u00e1c bi\u1ec7n ph\u00e1p m\u00f4i tr\u01b0\u1eddng<\/span><\/h3>\n\n\n\n<figure class=\"wp-block-image size-large is-style-shadow animated fadeInUp slow\"><img decoding=\"async\" width=\"1024\" height=\"512\" src=\"https:\/\/ki-sho.co.jp\/wp-content\/uploads\/2024\/09\/4-1024x512.jpg\" alt=\"\" class=\"wp-image-162\" srcset=\"https:\/\/ki-sho.co.jp\/wp-content\/uploads\/2024\/09\/4-1024x512.jpg 1024w, https:\/\/ki-sho.co.jp\/wp-content\/uploads\/2024\/09\/4-300x150.jpg 300w, https:\/\/ki-sho.co.jp\/wp-content\/uploads\/2024\/09\/4-768x384.jpg 768w, https:\/\/ki-sho.co.jp\/wp-content\/uploads\/2024\/09\/4.jpg 1260w\" sizes=\"(max-width: 1024px) 100vw, 1024px\" \/><\/figure>\n<\/div>\n<\/div>\n\n\n\n<div style=\"height:10px\" aria-hidden=\"true\" class=\"wp-block-spacer\"><\/div>\n\n\n\n<div class=\"swell-block-button is-style-btn_shiny\"><a href=\"https:\/\/ki-sho.co.jp\/vi\/dac-diem-cua-takasho\/\" target=\"_blank\" rel=\"noopener noreferrer\" class=\"swell-block-button__link\"><span>Xem chi ti\u1ebft<\/span><\/a><\/div>\n<\/div><\/div>\n\n<div class=\"swell-block-fullWide pc-py-60 sp-py-40 has-bg-img alignfull lazyload\" style=\"background-color:rgba(255, 255, 255, 0.1)\" data-bg=\"http:\/\/junjunwebdesign.work\/test_kishou\/wp-content\/uploads\/2024\/09\/a5383aa8df9c3d883c177a1f329af2b1.jpg\"><div class=\"swell-block-fullWide__inner l-article\">\n<h2 class=\"wp-block-heading is-style-section_ttl animated fadeIn\"><img decoding=\"async\" width=\"600\" height=\"150\" class=\"wp-image-257\" style=\"width: 600px;\" src=\"http:\/\/junjunwebdesign.work\/test_kishou\/wp-content\/uploads\/2024\/10\/Services-3.png\" alt=\"Thao t&#xE1;c x&#x1EED; l&#xFD;\" srcset=\"https:\/\/ki-sho.co.jp\/wp-content\/uploads\/2024\/10\/Services-3.png 2400w, https:\/\/ki-sho.co.jp\/wp-content\/uploads\/2024\/10\/Services-3-300x75.png 300w, https:\/\/ki-sho.co.jp\/wp-content\/uploads\/2024\/10\/Services-3-1024x256.png 1024w, https:\/\/ki-sho.co.jp\/wp-content\/uploads\/2024\/10\/Services-3-768x192.png 768w, https:\/\/ki-sho.co.jp\/wp-content\/uploads\/2024\/10\/Services-3-1536x384.png 1536w, https:\/\/ki-sho.co.jp\/wp-content\/uploads\/2024\/10\/Services-3-2048x512.png 2048w\" sizes=\"(max-width: 600px) 100vw, 600px\" \/><\/h2>\n\n\n\n<div class=\"wp-block-columns\">\n<div class=\"wp-block-column\">\n<p class=\"has-text-align-left animated fadeIn slow\"><span class=\"swl-fz u-fz-l\">H\u00e3y giao m\u1ecdi nhu c\u1ea7u li\u00ean quan \u0111\u1ebfn tr\u00e1t t\u01b0\u1eddng c\u1ee7a b\u1ea1n \u1edf khu v\u1ef1c Hachioji\/Tama cho ch\u00fang t\u00f4i, t\u1eeb vi\u1ec7c tr\u00e1t c\u1eeda h\u00e0ng m\u00e0 b\u1ea1n r\u1ea5t mong mu\u1ed1n cho \u0111\u1ebfn c\u1ea3i t\u1ea1o nh\u00e0 c\u1eeda!<br\/>Trong s\u1ed1 15 k\u1ef9 s\u01b0 t\u1ea1m th\u1eddi c\u1ee7a ch\u00fang t\u00f4i (8 trong s\u1ed1 \u0111\u00f3 l\u00e0 th\u1ee3 th\u1ea1ch cao c\u1ea5p 1), ch\u00fang t\u00f4i c\u00f3 r\u1ea5t nhi\u1ec1u th\u1ee3 th\u1ee7 c\u00f4ng, t\u1eeb chuy\u00ean gia s\u00e0n \u0111\u1ea5t \u0111\u1ebfn chuy\u00ean gia th\u1ea1ch cao, v\u00ec v\u1eady ch\u00fang t\u00f4i c\u00f3 th\u1ec3 cung c\u1ea5p nhi\u1ec1u lo\u1ea1i d\u1ecbch v\u1ee5.<\/span><\/p>\n<\/div>\n<\/div>\n\n\n\n<div class=\"swell-block-button is-style-btn_shiny\"><a href=\"https:\/\/ki-sho.co.jp\/vi\/thao-tac-xu-ly\/\" class=\"swell-block-button__link\"><span>Xem chi ti\u1ebft<\/span><\/a><\/div>\n<\/div><\/div>\n\n<div class=\"swell-block-fullWide pc-py-60 sp-py-40 alignfull u-mb-ctrl u-mb-0\" style=\"background-color:#f1f1f4\"><div class=\"swell-block-fullWide__inner l-article\">\n<h2 class=\"wp-block-heading is-style-section_ttl animated fadeIn\"><img decoding=\"async\" width=\"600\" height=\"150\" class=\"wp-image-254\" style=\"width: 600px;\" src=\"http:\/\/junjunwebdesign.work\/test_kishou\/wp-content\/uploads\/2024\/10\/Recruitment-information.jpg\" alt=\"Th&#xF4;ng tin tuy&#x1EC3;n d&#x1EE5;ng\" srcset=\"https:\/\/ki-sho.co.jp\/wp-content\/uploads\/2024\/10\/Recruitment-information.jpg 2400w, https:\/\/ki-sho.co.jp\/wp-content\/uploads\/2024\/10\/Recruitment-information-300x75.jpg 300w, https:\/\/ki-sho.co.jp\/wp-content\/uploads\/2024\/10\/Recruitment-information-1024x256.jpg 1024w, https:\/\/ki-sho.co.jp\/wp-content\/uploads\/2024\/10\/Recruitment-information-768x192.jpg 768w, https:\/\/ki-sho.co.jp\/wp-content\/uploads\/2024\/10\/Recruitment-information-1536x384.jpg 1536w, https:\/\/ki-sho.co.jp\/wp-content\/uploads\/2024\/10\/Recruitment-information-2048x512.jpg 2048w\" sizes=\"(max-width: 600px) 100vw, 600px\" \/><\/h2>\n\n\n\n<div class=\"wp-block-columns\">\n<div class=\"wp-block-column\">\n<div class=\"swell-block-bannerLink\"><a href=\"https:\/\/ki-sho.co.jp\/vi\/thong-tin-tuyen-dung\/\" class=\"c-bannerLink\"><figure class=\"c-bannerLink__figure\"><img decoding=\"async\" width=\"1200\" height=\"300\" src=\"https:\/\/ki-sho.co.jp\/wp-content\/uploads\/2024\/12\/493fcc14561e116caafd583262ecdd5a-1.png\" class=\"c-bannerLink__img wp-image-1126\" alt=\"\" srcset=\"https:\/\/ki-sho.co.jp\/wp-content\/uploads\/2024\/12\/493fcc14561e116caafd583262ecdd5a-1.png 1200w, https:\/\/ki-sho.co.jp\/wp-content\/uploads\/2024\/12\/493fcc14561e116caafd583262ecdd5a-1-300x75.png 300w, https:\/\/ki-sho.co.jp\/wp-content\/uploads\/2024\/12\/493fcc14561e116caafd583262ecdd5a-1-1024x256.png 1024w, https:\/\/ki-sho.co.jp\/wp-content\/uploads\/2024\/12\/493fcc14561e116caafd583262ecdd5a-1-768x192.png 768w\" sizes=\"(max-width: 1200px) 100vw, 1200px\" \/><\/figure><div class=\"c-bannerLink__text\"><div class=\"c-bannerLink__title\"><span class=\"swl-fz u-fz-xl\"><strong>Th\u00f4ng tin tuy\u1ec3n d\u1ee5ng<\/strong><\/span><\/div><div class=\"c-bannerLink__description\"><span class=\"swl-fz u-fz-xl\">B\u1ea1n c\u00f3 mu\u1ed1n l\u00e0m vi\u1ec7c v\u1edbi ch\u00fang t\u00f4i kh\u00f4ng?<\/span><\/div><\/div><\/a><\/div>\n<\/div>\n<\/div>\n<\/div><\/div>\n\n<div class=\"swell-block-fullWide pc-py-60 sp-py-40 alignfull\" style=\"background-color:#ffffff\"><div class=\"swell-block-fullWide__inner l-article\">\n<h2 class=\"wp-block-heading is-style-section_ttl animated fadeIn\"><img decoding=\"async\" width=\"600\" height=\"150\" class=\"wp-image-255\" style=\"width: 600px;\" src=\"http:\/\/junjunwebdesign.work\/test_kishou\/wp-content\/uploads\/2024\/10\/Company-overview.jpg\" alt=\"H&#x1ED3; s&#x1A1; c&#xF4;ng ty\" srcset=\"https:\/\/ki-sho.co.jp\/wp-content\/uploads\/2024\/10\/Company-overview.jpg 2400w, https:\/\/ki-sho.co.jp\/wp-content\/uploads\/2024\/10\/Company-overview-300x75.jpg 300w, https:\/\/ki-sho.co.jp\/wp-content\/uploads\/2024\/10\/Company-overview-1024x256.jpg 1024w, https:\/\/ki-sho.co.jp\/wp-content\/uploads\/2024\/10\/Company-overview-768x192.jpg 768w, https:\/\/ki-sho.co.jp\/wp-content\/uploads\/2024\/10\/Company-overview-1536x384.jpg 1536w, https:\/\/ki-sho.co.jp\/wp-content\/uploads\/2024\/10\/Company-overview-2048x512.jpg 2048w\" sizes=\"(max-width: 600px) 100vw, 600px\" \/><\/h2>\n\n\n\n<div class=\"wp-block-columns\">\n<div class=\"wp-block-column\">\n<h3 class=\"wp-block-heading has-text-align-center animated fadeIn has-swl-main-color has-text-color has-link-color wp-elements-99a3ba9f63922ba401f89ea9f7b6af9c\">H\u1ed3 s\u01a1 c\u00f4ng ty<\/h3>\n\n\n<div class=\"wp-block-image animated fadeIn slow\">\n<figure class=\"aligncenter size-full is-resized\"><img decoding=\"async\" width=\"147\" height=\"111\" src=\"http:\/\/junjunwebdesign.work\/test_kishou\/wp-content\/uploads\/2024\/09\/8bc62af8e5a38dea020696820b40417f-1.png\" alt=\"\" class=\"wp-image-195\" style=\"width:298px;height:auto\"\/><\/figure>\n<\/div>\n\n\n<div style=\"height:10px\" aria-hidden=\"true\" class=\"wp-block-spacer\"><\/div>\n\n\n\n<div class=\"swell-block-button animated fadeIn is-style-btn_shiny\"><a href=\"https:\/\/ki-sho.co.jp\/vi\/ho-so-cong-ty\/\" target=\"_blank\" rel=\"noopener noreferrer\" class=\"swell-block-button__link\"><span>\u0110\u1ecdc th\u00eam<\/span><\/a><\/div>\n<\/div>\n\n\n\n<div class=\"wp-block-column\">\n<h3 class=\"wp-block-heading has-text-align-center animated fadeIn has-swl-main-color has-text-color has-link-color wp-elements-513433457500eb870c1cdf32b3e0fe46\">L\u1eddi ch\u00e0o t\u1eeb ng\u01b0\u1eddi \u0111\u1ea1i di\u1ec7n<\/h3>\n\n\n<div class=\"wp-block-image is-style-shadow u-mb-ctrl u-mb-10 animated fadeIn slow\">\n<figure class=\"aligncenter size-large is-resized\"><img decoding=\"async\" width=\"768\" height=\"1024\" src=\"https:\/\/ki-sho.co.jp\/wp-content\/uploads\/2024\/09\/994c21e71b7ba3f30bd0d2afa06d339c-768x1024.jpg\" alt=\"\" class=\"wp-image-204\" style=\"width:167px;height:auto\" srcset=\"https:\/\/ki-sho.co.jp\/wp-content\/uploads\/2024\/09\/994c21e71b7ba3f30bd0d2afa06d339c-768x1024.jpg 768w, https:\/\/ki-sho.co.jp\/wp-content\/uploads\/2024\/09\/994c21e71b7ba3f30bd0d2afa06d339c-225x300.jpg 225w, https:\/\/ki-sho.co.jp\/wp-content\/uploads\/2024\/09\/994c21e71b7ba3f30bd0d2afa06d339c-1152x1536.jpg 1152w, https:\/\/ki-sho.co.jp\/wp-content\/uploads\/2024\/09\/994c21e71b7ba3f30bd0d2afa06d339c-1536x2048.jpg 1536w, https:\/\/ki-sho.co.jp\/wp-content\/uploads\/2024\/09\/994c21e71b7ba3f30bd0d2afa06d339c-scaled.jpg 1920w\" sizes=\"(max-width: 768px) 100vw, 768px\" \/><\/figure>\n<\/div>\n\n\n<div style=\"height:10px\" aria-hidden=\"true\" class=\"wp-block-spacer\"><\/div>\n\n\n\n<div class=\"swell-block-button animated fadeIn is-style-btn_shiny\"><a href=\"https:\/\/ki-sho.co.jp\/vi\/ho-so-cong-ty\/\" target=\"_blank\" rel=\"noopener noreferrer\" class=\"swell-block-button__link\"><span>\u0110\u1ecdc th\u00eam<\/span><\/a><\/div>\n<\/div>\n<\/div>\n<\/div><\/div>\n\n<div class=\"swell-block-fullWide pc-py-80 sp-py-60 has-bg-img -fixbg alignfull lazyload animated fadeIn\" style=\"background-color:rgba(12, 51, 136, 0.5)\" data-bg=\"http:\/\/junjunwebdesign.work\/test_kishou\/wp-content\/uploads\/2024\/09\/kishou_contact_bg_img-1.jpg\"><div class=\"swell-block-fullWide__inner l-article\">\n<h2 class=\"wp-block-heading is-style-section_ttl animated fadeIn slow\"><span style=\"font-size:32px\" class=\"swl-fz\"><span class=\"swl-inline-color has-white-color\">Li\u00ean h\u1ec7 v\u1edbi ch\u00fang t\u00f4i<\/span><\/span><\/h2>\n\n\n\n\n\n\n\n<div class=\"wp-block-columns\">\n<div class=\"wp-block-column\">\n<div class=\"swell-block-button is-style-more_btn animated fadeIn\" style=\"--the-fz:1em\"><a href=\"https:\/\/ki-sho.co.jp\/contact\/\" class=\"swell-block-button__link\"><span><strong>Th\u1eafc m\u1eafc v\u1ec1 n\u1ed9i dung kinh doanh<\/strong><\/span><\/a><\/div>\n<\/div>\n\n\n\n<div class=\"wp-block-column\">\n<div class=\"swell-block-button is-style-more_btn animated fadeIn\" style=\"--the-fz:1em\"><a href=\"https:\/\/ki-sho.co.jp\/contact\/\" class=\"swell-block-button__link\"><span><strong>Th\u1eafc m\u1eafc v\u1ec1 tuy\u1ec3n d\u1ee5ng<\/strong><\/span><\/a><\/div>\n<\/div>\n<\/div>\n<\/div><\/div>\n","protected":false},"excerpt":{"rendered":"","protected":false},"author":1,"featured_media":0,"parent":0,"menu_order":0,"comment_status":"closed","ping_status":"closed","template":"","meta":{"swell_btn_cv_data":"","footnotes":""},"class_list":["post-885","page","type-page","status-publish","hentry"],"_links":{"self":[{"href":"https:\/\/ki-sho.co.jp\/vi\/wp-json\/wp\/v2\/pages\/885","targetHints":{"allow":["GET"]}}],"collection":[{"href":"https:\/\/ki-sho.co.jp\/vi\/wp-json\/wp\/v2\/pages"}],"about":[{"href":"https:\/\/ki-sho.co.jp\/vi\/wp-json\/wp\/v2\/types\/page"}],"author":[{"embeddable":true,"href":"https:\/\/ki-sho.co.jp\/vi\/wp-json\/wp\/v2\/users\/1"}],"replies":[{"embeddable":true,"href":"https:\/\/ki-sho.co.jp\/vi\/wp-json\/wp\/v2\/comments?post=885"}],"version-history":[{"count":4,"href":"https:\/\/ki-sho.co.jp\/vi\/wp-json\/wp\/v2\/pages\/885\/revisions"}],"predecessor-version":[{"id":1132,"href":"https:\/\/ki-sho.co.jp\/vi\/wp-json\/wp\/v2\/pages\/885\/revisions\/1132"}],"wp:attachment":[{"href":"https:\/\/ki-sho.co.jp\/vi\/wp-json\/wp\/v2\/media?parent=885"}],"curies":[{"name":"wp","href":"https:\/\/api.w.org\/{rel}","templated":true}]}}