{"id":839,"date":"2024-09-23T18:29:28","date_gmt":"2024-09-23T09:29:28","guid":{"rendered":"https:\/\/ki-sho.co.jp\/dac-diem-cua-takasho\/"},"modified":"2024-11-29T13:12:39","modified_gmt":"2024-11-29T04:12:39","slug":"dac-diem-cua-takasho","status":"publish","type":"page","link":"https:\/\/ki-sho.co.jp\/vi\/dac-diem-cua-takasho\/","title":{"rendered":"\u0110\u1eb7c \u0111i\u1ec3m c\u1ee7a Takasho"},"content":{"rendered":"\n<h2 class=\"wp-block-heading animated fadeIn\">C\u00e1c bi\u1ec7n ph\u00e1p an to\u00e0n<\/h2>\n<div class=\"wp-block-image is-style-shadow animated fadeIn\">\n<figure class=\"aligncenter size-large is-resized\"><img decoding=\"async\" width=\"1024\" height=\"512\" src=\"http:\/\/junjunwebdesign.work\/test_kishou\/wp-content\/uploads\/2024\/09\/1-1024x512.jpg\" alt=\"\" class=\"wp-image-160\" style=\"width:630px\" srcset=\"https:\/\/ki-sho.co.jp\/wp-content\/uploads\/2024\/09\/1-1024x512.jpg 1024w, https:\/\/ki-sho.co.jp\/wp-content\/uploads\/2024\/09\/1-300x150.jpg 300w, https:\/\/ki-sho.co.jp\/wp-content\/uploads\/2024\/09\/1-768x384.jpg 768w, https:\/\/ki-sho.co.jp\/wp-content\/uploads\/2024\/09\/1.jpg 1260w\" sizes=\"(max-width: 1024px) 100vw, 1024px\" \/><\/figure>\n<\/div>\n<ul style=\"font-size:18px\" class=\"wp-block-list is-style-num_circle u-mb-ctrl u-mb-60 animated fadeIn\">\n<li>Ch\u00fang t\u00f4i \u0111ang th\u00fac \u0111\u1ea9y c\u00e1c bi\u1ec7n ph\u00e1p ng\u0103n ng\u1eeba tai n\u1ea1n lao \u0111\u1ed9ng b\u1eb1ng c\u00e1ch thu th\u1eadp c\u00e1c tr\u01b0\u1eddng h\u1ee3p tai n\u1ea1n v\u00e0 th\u00f4ng tin li\u00ean quan r\u1ed3i cung c\u1ea5p cho t\u1ea5t c\u1ea3 nh\u00e2n vi\u00ean.<\/li>\n\n\n\n<li>Ch\u00fang t\u00f4i ti\u1ebfn h\u00e0nh kh\u00e1m s\u1ee9c kh\u1ecfe cho t\u1ea5t c\u1ea3 nh\u00e2n vi\u00ean v\u00e0 ti\u1ebfn h\u00e0nh qu\u1ea3n l\u00fd s\u1ee9c kh\u1ecfe ph\u00f9 h\u1ee3p d\u1ef1a tr\u00ean k\u1ebft qu\u1ea3.<\/li>\n\n\n\n<li>Ch\u00fang t\u00f4i ki\u1ec3m tra t\u00ecnh tr\u1ea1ng s\u1ee9c kh\u1ecfe c\u1ee7a nh\u00e2n vi\u00ean khi b\u1eaft \u0111\u1ea7u l\u00e0m vi\u1ec7c v\u00e0 ki\u1ec3m tra qu\u1ea7n \u00e1o b\u1ea3o h\u1ed9 v\u00e0 thi\u1ebft b\u1ecb b\u1ea3o h\u1ed9 h\u00e0ng ng\u00e0y.<\/li>\n\n\n\n<li>Ch\u00fang t\u00f4i ti\u1ebfn h\u00e0nh tu\u1ea7n tra an to\u00e0n v\u00e0 cung c\u1ea5p h\u01b0\u1edbng d\u1eabn an to\u00e0n tr\u1ef1c ti\u1ebfp cho c\u00f4ng nh\u00e2n t\u1ea1i ch\u1ed7.<\/li>\n\n\n\n<li>\u0110\u1ec3 ng\u0103n ng\u1eeba tai n\u1ea1n giao th\u00f4ng, ch\u00fang t\u00f4i cung c\u1ea5p gi\u00e1o d\u1ee5c v\u1ec1 an to\u00e0n giao th\u00f4ng cho ng\u01b0\u1eddi l\u00e1i xe v\u00e0 ch\u1ecdn c\u00e1c tuy\u1ebfn \u0111\u01b0\u1eddng \u0111i l\u1ea1i an to\u00e0n.<\/li>\n<\/ul>\n\n<h2 class=\"wp-block-heading animated fadeIn\">Ph\u00e1t tri\u1ec3n ngu\u1ed3n nh\u00e2n l\u1ef1c<\/h2>\n<div class=\"wp-block-image is-style-shadow animated fadeIn\">\n<figure class=\"aligncenter size-large is-resized\"><img decoding=\"async\" width=\"1024\" height=\"512\" src=\"http:\/\/junjunwebdesign.work\/test_kishou\/wp-content\/uploads\/2024\/09\/3-1024x512.jpg\" alt=\"Ph&#xE1;t tri&#x1EC3;n ngu&#x1ED3;n nh&#xE2;n l&#x1EF1;c\" class=\"wp-image-161\" style=\"width:630px\" srcset=\"https:\/\/ki-sho.co.jp\/wp-content\/uploads\/2024\/09\/3-1024x512.jpg 1024w, https:\/\/ki-sho.co.jp\/wp-content\/uploads\/2024\/09\/3-300x150.jpg 300w, https:\/\/ki-sho.co.jp\/wp-content\/uploads\/2024\/09\/3-768x384.jpg 768w, https:\/\/ki-sho.co.jp\/wp-content\/uploads\/2024\/09\/3.jpg 1260w\" sizes=\"(max-width: 1024px) 100vw, 1024px\" \/><\/figure>\n<\/div>\n<p class=\"u-mb-ctrl u-mb-60 animated fadeIn\" style=\"font-size:18px\">T\u1ea1i Kisho, ch\u00fang t\u00f4i \u0111ang n\u1ed7 l\u1ef1c r\u1ea5t nhi\u1ec1u trong vi\u1ec7c ph\u00e1t tri\u1ec3n ngu\u1ed3n nh\u00e2n l\u1ef1c. To\u00e0n b\u1ed9 c\u00f4ng ty h\u1ed7 tr\u1ee3 sinh vi\u00ean t\u00edch c\u1ef1c tham gia c\u00e1c kh\u00f3a \u0111\u00e0o t\u1ea1o do ng\u01b0\u1eddi h\u01b0\u1edbng d\u1eabn h\u01b0\u1edbng d\u1eabn v\u00e0 \u0111\u1ea1t \u0111\u01b0\u1ee3c tr\u00ecnh \u0111\u1ed9 k\u1ef9 n\u0103ng tr\u00e1t t\u01b0\u1eddng h\u1ea1ng nh\u1ea5t. Tr\u01b0\u1edbc khi thi, b\u1ea1n s\u1ebd nh\u1eadn \u0111\u01b0\u1ee3c s\u1ef1 h\u01b0\u1edbng d\u1eabn t\u1eeb \u0111\u1ed9i ng\u0169 nh\u00e2n vi\u00ean gi\u00e0u kinh nghi\u1ec7m n\u00ean b\u1ea1n c\u00f3 th\u1ec3 y\u00ean t\u00e2m h\u1ecdc t\u1eadp. Ngo\u00e0i ra, khi b\u1eaft tay v\u00e0o c\u00f4ng vi\u1ec7c, b\u1ea1n c\u00f3 th\u1ec3 m\u1edf r\u1ed9ng ph\u1ea1m vi c\u00f4ng vi\u1ec7c v\u00e0 n\u00e2ng cao hi\u1ec7u qu\u1ea3, t\u1eeb \u0111\u00f3 mang l\u1ea1i nhi\u1ec1u l\u1ee3i \u00edch cho c\u1ea3 c\u00f4ng ty v\u00e0 nh\u00e2n vi\u00ean. Ch\u00fang t\u00f4i \u0111\u1eb7t k\u1ef3 v\u1ecdng cao v\u00e0o s\u1ef1 ph\u00e1t tri\u1ec3n c\u1ee7a ngu\u1ed3n nh\u00e2n l\u1ef1c tr\u1ebb.<\/p>\n\n<h2 class=\"wp-block-heading animated fadeIn\">C\u00e1c bi\u1ec7n ph\u00e1p m\u00f4i tr\u01b0\u1eddng<\/h2>\n<div class=\"wp-block-image is-style-shadow animated fadeIn\">\n<figure class=\"aligncenter size-large is-resized\"><img decoding=\"async\" width=\"1024\" height=\"512\" src=\"http:\/\/junjunwebdesign.work\/test_kishou\/wp-content\/uploads\/2024\/09\/4-1024x512.jpg\" alt=\"\" class=\"wp-image-162\" style=\"width:630px\" srcset=\"https:\/\/ki-sho.co.jp\/wp-content\/uploads\/2024\/09\/4-1024x512.jpg 1024w, https:\/\/ki-sho.co.jp\/wp-content\/uploads\/2024\/09\/4-300x150.jpg 300w, https:\/\/ki-sho.co.jp\/wp-content\/uploads\/2024\/09\/4-768x384.jpg 768w, https:\/\/ki-sho.co.jp\/wp-content\/uploads\/2024\/09\/4.jpg 1260w\" sizes=\"(max-width: 1024px) 100vw, 1024px\" \/><\/figure>\n<\/div>\n<p class=\"animated fadeIn\" style=\"font-size:18px\">Ch\u00fang t\u00f4i kh\u00f4ng ch\u1ec9 coi tr\u1ecdng c\u00f4ng ngh\u1ec7 v\u00e0 ngu\u1ed3n nh\u00e2n l\u1ef1c m\u00e0 c\u00f2n c\u1ea3 v\u1eadt li\u1ec7u ch\u00fang t\u00f4i s\u1eed d\u1ee5ng. Gi\u1edbi thi\u1ec7u t\u00e0i li\u1ec7u \u0111\u1ea1i di\u1ec7n. V\u1eefa: N\u00f3 c\u00f3 kh\u1ea3 n\u0103ng ch\u1ed1ng ch\u00e1y v\u00e0 \u0111\u1ed9 b\u1ec1n tuy\u1ec7t v\u1eddi, \u0111\u1eb7c bi\u1ec7t t\u1ed1t trong vi\u1ec7c ki\u1ec3m so\u00e1t \u0111\u1ed9 \u1ea9m. V\u00ec s\u1eed d\u1ee5ng ch\u1ea5t li\u1ec7u t\u1ef1 nhi\u00ean n\u00ean l\u00e0 v\u1eadt li\u1ec7u \u1ed1p t\u01b0\u1eddng th\u00e2n thi\u1ec7n v\u1edbi con ng\u01b0\u1eddi, kh\u00f4ng th\u1ea3i ra c\u00e1c h\u00f3a ch\u1ea5t \u0111\u1ed9c h\u1ea1i g\u00e2y \u00f4 nhi\u1ec5m m\u00f4i tr\u01b0\u1eddng trong nh\u00e0. Ngay c\u1ea3 khi n\u00f3 \u0111\u01b0\u1ee3c x\u1eed l\u00fd, n\u00f3 s\u1ebd tr\u1edf l\u1ea1i thi\u00ean nhi\u00ean v\u00e0 kh\u00f4ng g\u00e2y \u00f4 nhi\u1ec5m m\u00f4i tr\u01b0\u1eddng to\u00e0n c\u1ea7u.<\/p>\n\n\n\n<div class=\"wp-block-columns u-mb-ctrl u-mb-60 animated fadeIn\">\n<div class=\"wp-block-column\">\n<h3 class=\"wp-block-heading has-text-align-center\"><strong><span style=\"font-size:20px\" class=\"swl-fz\">th\u1ea1ch cao<\/span><\/strong><\/h3>\n\n\n\n<p>L\u00e0 v\u1eadt li\u1ec7u t\u1ef1 nhi\u00ean c\u00f3 kh\u1ea3 n\u0103ng ch\u1ed1ng ch\u00e1y, \u0111\u1ed9 b\u1ec1n v\u00e0 kh\u1ea3 n\u0103ng ki\u1ec3m so\u00e1t \u0111\u1ed9 \u1ea9m tuy\u1ec7t v\u1eddi. N\u00f3 kh\u00f4ng t\u1ea1o ra c\u00e1c h\u00f3a ch\u1ea5t \u0111\u1ed9c h\u1ea1i, tr\u1edf v\u1ec1 thi\u00ean nhi\u00ean ngay c\u1ea3 khi th\u1ea3i b\u1ecf v\u00e0 kh\u00f4ng g\u00e2y \u00f4 nhi\u1ec5m m\u00f4i tr\u01b0\u1eddng.<\/p>\n\n\n<div class=\"wp-block-image animated fadeInUp\">\n<figure class=\"aligncenter size-full is-resized\"><img decoding=\"async\" width=\"640\" height=\"480\" src=\"https:\/\/ki-sho.co.jp\/wp-content\/uploads\/2024\/09\/5079718_s-1.jpg\" alt=\"\" class=\"wp-image-112\" style=\"width:309px;height:auto\" srcset=\"https:\/\/ki-sho.co.jp\/wp-content\/uploads\/2024\/09\/5079718_s-1.jpg 640w, https:\/\/ki-sho.co.jp\/wp-content\/uploads\/2024\/09\/5079718_s-1-300x225.jpg 300w\" sizes=\"(max-width: 640px) 100vw, 640px\" \/><\/figure>\n<\/div><\/div>\n\n\n\n<div class=\"wp-block-column\">\n<h3 class=\"wp-block-heading has-text-align-center\"><strong><span style=\"font-size:20px\" class=\"swl-fz\">\u0110\u1ea5t t\u1ea3o c\u00e1t<\/span><\/strong><\/h3>\n\n\n\n<p>N\u00f3 c\u00f3 c\u00e1c \u0111\u1eb7c t\u00ednh tuy\u1ec7t v\u1eddi nh\u01b0 h\u1ea5p ph\u1ee5 v\u00e0 ph\u00e2n h\u1ee7y formaldehyde, nguy\u00ean nh\u00e2n g\u00e2y ra h\u1ed9i ch\u1ee9ng nh\u00e0 b\u1ec7nh, c\u0169ng nh\u01b0 ki\u1ec3m so\u00e1t \u0111\u1ed9 \u1ea9m, c\u00e1ch nhi\u1ec7t v\u00e0 c\u00e1ch \u00e2m. N\u00f3 l\u00e0 m\u1ed9t trong nh\u1eefng v\u1eadt li\u1ec7u nh\u1eadn \u0111\u01b0\u1ee3c nhi\u1ec1u s\u1ef1 quan t\u00e2m nh\u1ea5t trong nh\u1eefng n\u0103m g\u1ea7n \u0111\u00e2y.<\/p>\n\n\n<div class=\"wp-block-image animated fadeInUp\">\n<figure class=\"aligncenter size-full is-resized\"><img decoding=\"async\" width=\"640\" height=\"427\" src=\"https:\/\/ki-sho.co.jp\/wp-content\/uploads\/2024\/09\/5091606_s-1.jpg\" alt=\"\" class=\"wp-image-113\" style=\"width:343px;height:auto\" srcset=\"https:\/\/ki-sho.co.jp\/wp-content\/uploads\/2024\/09\/5091606_s-1.jpg 640w, https:\/\/ki-sho.co.jp\/wp-content\/uploads\/2024\/09\/5091606_s-1-300x200.jpg 300w\" sizes=\"(max-width: 640px) 100vw, 640px\" \/><\/figure>\n<\/div><\/div>\n<\/div>\n\n<div style=\"height:100px\" aria-hidden=\"true\" class=\"wp-block-spacer\"><\/div>\n","protected":false},"excerpt":{"rendered":"<p>C\u00e1c bi\u1ec7n ph\u00e1p an to\u00e0n Ph\u00e1t tri\u1ec3n ngu\u1ed3n nh\u00e2n l\u1ef1c T\u1ea1i Kisho, ch\u00fang t\u00f4i \u0111ang n\u1ed7 l\u1ef1c r\u1ea5t nhi\u1ec1u trong vi\u1ec7c ph\u00e1t tri\u1ec3n ngu\u1ed3n nh\u00e2n l\u1ef1c. To\u00e0n b\u1ed9 c\u00f4ng ty h\u1ed7 tr\u1ee3 sinh vi\u00ean t\u00edch c\u1ef1c tham gia c\u00e1c kh\u00f3a \u0111\u00e0o t\u1ea1o do ng\u01b0\u1eddi h\u01b0\u1edbng d\u1eabn h\u01b0\u1edbng d\u1eabn v\u00e0 \u0111\u1ea1t \u0111\u01b0\u1ee3c tr\u00ecnh \u0111\u1ed9 k\u1ef9 n\u0103ng tr\u00e1t t\u01b0\u1eddng h\u1ea1ng nh\u1ea5t. Tr\u01b0\u1edbc khi thi, b\u1ea1n s\u1ebd nh\u1eadn \u0111\u01b0\u1ee3c s\u1ef1 h\u01b0\u1edbng d\u1eabn t\u1eeb \u0111\u1ed9i ng\u0169 nh\u00e2n vi\u00ean gi\u00e0u kinh nghi\u1ec7m n\u00ean b\u1ea1n c\u00f3 th\u1ec3 y\u00ean t\u00e2m h\u1ecdc t\u1eadp. Ngo\u00e0i ra, khi b\u1eaft tay v\u00e0o c\u00f4ng vi\u1ec7c, b\u1ea1n c\u00f3 th\u1ec3 m\u1edf r\u1ed9ng ph\u1ea1m vi c\u00f4ng vi\u1ec7c v\u00e0 n\u00e2ng cao hi\u1ec7u qu\u1ea3, t\u1eeb \u0111\u00f3 mang [&hellip;]<\/p>\n","protected":false},"author":1,"featured_media":0,"parent":0,"menu_order":0,"comment_status":"closed","ping_status":"closed","template":"","meta":{"swell_btn_cv_data":"","footnotes":""},"class_list":["post-839","page","type-page","status-publish","hentry"],"_links":{"self":[{"href":"https:\/\/ki-sho.co.jp\/vi\/wp-json\/wp\/v2\/pages\/839","targetHints":{"allow":["GET"]}}],"collection":[{"href":"https:\/\/ki-sho.co.jp\/vi\/wp-json\/wp\/v2\/pages"}],"about":[{"href":"https:\/\/ki-sho.co.jp\/vi\/wp-json\/wp\/v2\/types\/page"}],"author":[{"embeddable":true,"href":"https:\/\/ki-sho.co.jp\/vi\/wp-json\/wp\/v2\/users\/1"}],"replies":[{"embeddable":true,"href":"https:\/\/ki-sho.co.jp\/vi\/wp-json\/wp\/v2\/comments?post=839"}],"version-history":[{"count":2,"href":"https:\/\/ki-sho.co.jp\/vi\/wp-json\/wp\/v2\/pages\/839\/revisions"}],"predecessor-version":[{"id":850,"href":"https:\/\/ki-sho.co.jp\/vi\/wp-json\/wp\/v2\/pages\/839\/revisions\/850"}],"wp:attachment":[{"href":"https:\/\/ki-sho.co.jp\/vi\/wp-json\/wp\/v2\/media?parent=839"}],"curies":[{"name":"wp","href":"https:\/\/api.w.org\/{rel}","templated":true}]}}