{"id":837,"date":"2024-10-25T01:11:30","date_gmt":"2024-10-24T16:11:30","guid":{"rendered":"https:\/\/ki-sho.co.jp\/chinh-sach-bao-mat\/"},"modified":"2024-11-29T13:12:40","modified_gmt":"2024-11-29T04:12:40","slug":"chinh-sach-bao-mat","status":"publish","type":"page","link":"https:\/\/ki-sho.co.jp\/vi\/chinh-sach-bao-mat\/","title":{"rendered":"Ch\u00ednh s\u00e1ch b\u1ea3o m\u1eadt"},"content":{"rendered":"\n<p>C\u00f4ng ty TNHH Takasho (sau \u0111\u00e2y g\u1ecdi l\u00e0 &#8220;C\u00f4ng ty&#8221;) s\u1ebd x\u1eed l\u00fd th\u00f4ng tin c\u00e1 nh\u00e2n c\u1ee7a ng\u01b0\u1eddi d\u00f9ng trong c\u00e1c d\u1ecbch v\u1ee5 \u0111\u01b0\u1ee3c cung c\u1ea5p tr\u00ean trang web n\u00e0y (sau \u0111\u00e2y g\u1ecdi l\u00e0 &#8220;D\u1ecbch v\u1ee5&#8221;) nh\u01b0 sau. sau \u0111\u00e2y g\u1ecdi l\u00e0 &#8220;ch\u00ednh s\u00e1ch n\u00e0y&#8221;).<\/p>\n\n<h2 class=\"wp-block-heading\">\u0110i\u1ec1u 1 (Th\u00f4ng tin c\u00e1 nh\u00e2n)<\/h2>\n\n<p>&#8220;Th\u00f4ng tin c\u00e1 nh\u00e2n&#8221; l\u00e0 &#8220;th\u00f4ng tin c\u00e1 nh\u00e2n&#8221; nh\u01b0 \u0111\u01b0\u1ee3c \u0111\u1ecbnh ngh\u0129a trong \u0110\u1ea1o lu\u1eadt b\u1ea3o v\u1ec7 th\u00f4ng tin c\u00e1 nh\u00e2n v\u00e0 l\u00e0 th\u00f4ng tin v\u1ec1 m\u1ed9t c\u00e1 nh\u00e2n \u0111ang s\u1ed1ng, bao g\u1ed3m t\u00ean, ng\u00e0y sinh, \u0111\u1ecba ch\u1ec9, s\u1ed1 \u0111i\u1ec7n tho\u1ea1i, th\u00f4ng tin li\u00ean h\u1ec7, v.v. \u0110\u00e2y l\u00e0 th\u00f4ng tin c\u00f3 th\u1ec3 nh\u1eadn d\u1ea1ng m\u1ed9t c\u00e1 nh\u00e2n c\u1ee5 th\u1ec3 th\u00f4ng qua c\u00e1c m\u00f4 t\u1ea3, v.v. v\u00e0 th\u00f4ng tin c\u00f3 th\u1ec3 nh\u1eadn d\u1ea1ng m\u1ed9t c\u00e1 nh\u00e2n c\u1ee5 th\u1ec3 ch\u1ec9 t\u1eeb nh\u1eefng th\u00f4ng tin \u0111\u00f3, ch\u1eb3ng h\u1ea1n nh\u01b0 d\u1eef li\u1ec7u li\u00ean quan \u0111\u1ebfn ngo\u1ea1i h\u00ecnh, d\u1ea5u v\u00e2n tay, gi\u1ecdng n\u00f3i v\u00e0 s\u1ed1 c\u00f4ng ty b\u1ea3o hi\u1ec3m tr\u00ean th\u1ebb b\u1ea3o hi\u1ec3m y t\u1ebf (th\u00f4ng tin nh\u1eadn d\u1ea1ng c\u00e1 nh\u00e2n) .<\/p>\n\n<h2 class=\"wp-block-heading\">\u0110i\u1ec1u 2 (Ph\u01b0\u01a1ng ph\u00e1p thu th\u1eadp th\u00f4ng tin c\u00e1 nh\u00e2n)<\/h2>\n\n<p>Khi ng\u01b0\u1eddi d\u00f9ng \u0111\u0103ng k\u00fd s\u1eed d\u1ee5ng, ch\u00fang t\u00f4i c\u00f3 th\u1ec3 y\u00eau c\u1ea7u th\u00f4ng tin c\u00e1 nh\u00e2n nh\u01b0 t\u00ean, ng\u00e0y sinh, \u0111\u1ecba ch\u1ec9, s\u1ed1 \u0111i\u1ec7n tho\u1ea1i, \u0111\u1ecba ch\u1ec9 email, s\u1ed1 t\u00e0i kho\u1ea3n ng\u00e2n h\u00e0ng, s\u1ed1 th\u1ebb t\u00edn d\u1ee5ng, s\u1ed1 gi\u1ea5y ph\u00e9p l\u00e1i xe, v.v. Ngo\u00e0i ra, th\u00f4ng tin li\u00ean quan \u0111\u1ebfn h\u1ed3 s\u01a1 giao d\u1ecbch v\u00e0 thanh to\u00e1n, bao g\u1ed3m th\u00f4ng tin c\u00e1 nh\u00e2n c\u1ee7a ng\u01b0\u1eddi d\u00f9ng, \u0111\u01b0\u1ee3c th\u1ef1c hi\u1ec7n gi\u1eefa ng\u01b0\u1eddi d\u00f9ng v\u00e0 \u0111\u1ed1i t\u00e1c kinh doanh (bao g\u1ed3m nh\u00e0 cung c\u1ea5p th\u00f4ng tin, nh\u00e0 qu\u1ea3ng c\u00e1o, \u0111i\u1ec3m ph\u00e2n ph\u1ed1i qu\u1ea3ng c\u00e1o, v.v.) c\u00f3 th\u1ec3 \u0111\u01b0\u1ee3c c\u00e1c \u0111\u1ed1i t\u00e1c kinh doanh c\u1ee7a ch\u00fang t\u00f4i (sau \u0111\u00e2y g\u1ecdi l\u00e0 &#8221; (sau \u0111\u00e2y g\u1ecdi l\u00e0) s\u1eed d\u1ee5ng sau \u0111\u00e2y g\u1ecdi l\u00e0 &#8220;\u0111\u1ed1i t\u00e1c&#8221;), v.v.<\/p>\n\n<h2 class=\"wp-block-heading\">\u0110i\u1ec1u 3 (M\u1ee5c \u0111\u00edch thu th\u1eadp v\u00e0 s\u1eed d\u1ee5ng th\u00f4ng tin c\u00e1 nh\u00e2n)<\/h2>\n\n<p>M\u1ee5c \u0111\u00edch m\u00e0 c\u00f4ng ty ch\u00fang t\u00f4i thu th\u1eadp v\u00e0 s\u1eed d\u1ee5ng th\u00f4ng tin c\u00e1 nh\u00e2n nh\u01b0 sau.<\/p>\n\n<ol class=\"wp-block-list\">\n<li>\u0110\u1ec3 cung c\u1ea5p v\u00e0 v\u1eadn h\u00e0nh c\u00e1c d\u1ecbch v\u1ee5 c\u1ee7a ch\u00fang t\u00f4i<\/li>\n\n\n\n<li>\u0110\u1ec3 tr\u1ea3 l\u1eddi c\u00e1c c\u00e2u h\u1ecfi t\u1eeb ng\u01b0\u1eddi d\u00f9ng (bao g\u1ed3m c\u1ea3 vi\u1ec7c x\u00e1c minh danh t\u00ednh)<\/li>\n\n\n\n<li>\u0110\u1ec3 g\u1eedi email th\u00f4ng b\u00e1o cho ng\u01b0\u1eddi d\u00f9ng v\u1ec1 c\u00e1c t\u00ednh n\u0103ng m\u1edbi, th\u00f4ng tin c\u1eadp nh\u1eadt, chi\u1ebfn d\u1ecbch, v.v. v\u1ec1 d\u1ecbch v\u1ee5 h\u1ecd \u0111ang s\u1eed d\u1ee5ng v\u00e0 c\u00e1c d\u1ecbch v\u1ee5 kh\u00e1c do c\u00f4ng ty ch\u00fang t\u00f4i cung c\u1ea5p.<\/li>\n\n\n\n<li>\u0110\u1ec3 li\u00ean h\u1ec7 v\u1edbi b\u1ea1n khi c\u1ea7n thi\u1ebft, ch\u1eb3ng h\u1ea1n nh\u01b0 b\u1ea3o tr\u00ec v\u00e0 c\u00e1c th\u00f4ng b\u00e1o quan tr\u1ecdng.<\/li>\n\n\n\n<li>\u0110\u1ec3 x\u00e1c \u0111\u1ecbnh nh\u1eefng ng\u01b0\u1eddi d\u00f9ng vi ph\u1ea1m \u0110i\u1ec1u kho\u1ea3n s\u1eed d\u1ee5ng ho\u1eb7c nh\u1eefng ng\u01b0\u1eddi c\u1ed1 g\u1eafng s\u1eed d\u1ee5ng d\u1ecbch v\u1ee5 cho m\u1ee5c \u0111\u00edch gian l\u1eadn ho\u1eb7c kh\u00f4ng ph\u00f9 h\u1ee3p v\u00e0 t\u1eeb ch\u1ed1i vi\u1ec7c s\u1eed d\u1ee5ng c\u1ee7a h\u1ecd.<\/li>\n\n\n\n<li>Cho ph\u00e9p ng\u01b0\u1eddi d\u00f9ng xem, thay \u0111\u1ed5i ho\u1eb7c x\u00f3a th\u00f4ng tin \u0111\u00e3 \u0111\u0103ng k\u00fd c\u1ee7a ch\u00ednh m\u00ecnh v\u00e0 xem tr\u1ea1ng th\u00e1i s\u1eed d\u1ee5ng.<\/li>\n\n\n\n<li>\u0110\u1ec3 l\u1eadp h\u00f3a \u0111\u01a1n cho ng\u01b0\u1eddi d\u00f9ng v\u1ec1 ph\u00ed s\u1eed d\u1ee5ng c\u00e1c d\u1ecbch v\u1ee5 ph\u1ea3i tr\u1ea3 ph\u00ed<\/li>\n\n\n\n<li>M\u1ee5c \u0111\u00edch b\u1ed5 sung cho c\u00e1c m\u1ee5c \u0111\u00edch s\u1eed d\u1ee5ng tr\u00ean<\/li>\n<\/ol>\n\n<h2 class=\"wp-block-heading\">\u0110i\u1ec1u 4 (Thay \u0111\u1ed5i m\u1ee5c \u0111\u00edch s\u1eed d\u1ee5ng)<\/h2>\n\n<ol class=\"wp-block-list\">\n<li>C\u00f4ng ty ch\u00fang t\u00f4i s\u1ebd ch\u1ec9 thay \u0111\u1ed5i m\u1ee5c \u0111\u00edch s\u1eed d\u1ee5ng th\u00f4ng tin c\u00e1 nh\u00e2n n\u1ebfu nh\u1eadn th\u1ea5y m\u1ed9t c\u00e1ch h\u1ee3p l\u00fd r\u1eb1ng m\u1ee5c \u0111\u00edch s\u1eed d\u1ee5ng c\u00f3 li\u00ean quan \u0111\u1ebfn m\u1ee5c \u0111\u00edch tr\u01b0\u1edbc khi thay \u0111\u1ed5i.<\/li>\n\n\n\n<li>N\u1ebfu m\u1ee5c \u0111\u00edch s\u1eed d\u1ee5ng thay \u0111\u1ed5i, m\u1ee5c \u0111\u00edch thay \u0111\u1ed5i s\u1ebd \u0111\u01b0\u1ee3c th\u00f4ng b\u00e1o t\u1edbi ng\u01b0\u1eddi d\u00f9ng ho\u1eb7c th\u00f4ng b\u00e1o tr\u00ean website n\u00e0y theo ph\u01b0\u01a1ng th\u1ee9c do C\u00f4ng ty quy \u0111\u1ecbnh.<\/li>\n<\/ol>\n\n<h2 class=\"wp-block-heading\">\u0110i\u1ec1u 5 (Cung c\u1ea5p th\u00f4ng tin c\u00e1 nh\u00e2n cho b\u00ean th\u1ee9 ba)<\/h2>\n\n<ol class=\"wp-block-list\">\n<li>C\u00f4ng ty ch\u00fang t\u00f4i s\u1ebd kh\u00f4ng cung c\u1ea5p th\u00f4ng tin c\u00e1 nh\u00e2n cho b\u00ean th\u1ee9 ba m\u00e0 kh\u00f4ng c\u00f3 s\u1ef1 \u0111\u1ed3ng \u00fd tr\u01b0\u1edbc c\u1ee7a ng\u01b0\u1eddi d\u00f9ng, ngo\u1ea1i tr\u1eeb c\u00e1c tr\u01b0\u1eddng h\u1ee3p sau. Tuy nhi\u00ean, \u0111i\u1ec1u n\u00e0y kh\u00f4ng bao g\u1ed3m c\u00e1c tr\u01b0\u1eddng h\u1ee3p \u0111\u01b0\u1ee3c \u0110\u1ea1o lu\u1eadt b\u1ea3o v\u1ec7 th\u00f4ng tin c\u00e1 nh\u00e2n c\u0169ng nh\u01b0 c\u00e1c lu\u1eadt v\u00e0 quy \u0111\u1ecbnh kh\u00e1c cho ph\u00e9p.\n<ol class=\"wp-block-list\">\n<li>Khi c\u1ea7n thi\u1ebft \u0111\u1ec3 b\u1ea3o v\u1ec7 t\u00ednh m\u1ea1ng, th\u00e2n th\u1ec3, t\u00e0i s\u1ea3n c\u1ee7a m\u1ed9t ng\u01b0\u1eddi v\u00e0 kh\u00f3 c\u00f3 \u0111\u01b0\u1ee3c s\u1ef1 \u0111\u1ed3ng \u00fd c\u1ee7a ng\u01b0\u1eddi \u0111\u00f3.<\/li>\n\n\n\n<li>Khi vi\u1ec7c \u0111\u1eb7c bi\u1ec7t c\u1ea7n thi\u1ebft l\u00e0 c\u1ea3i thi\u1ec7n s\u1ee9c kh\u1ecfe c\u1ed9ng \u0111\u1ed3ng ho\u1eb7c th\u00fac \u0111\u1ea9y vi\u1ec7c gi\u00e1o d\u1ee5c tr\u1ebb em l\u00e0nh m\u1ea1nh v\u00e0 kh\u00f3 c\u00f3 \u0111\u01b0\u1ee3c s\u1ef1 \u0111\u1ed3ng \u00fd c\u1ee7a ng\u01b0\u1eddi li\u00ean quan.<\/li>\n\n\n\n<li>Trong tr\u01b0\u1eddng h\u1ee3p c\u1ea7n h\u1ee3p t\u00e1c v\u1edbi c\u01a1 quan qu\u1ed1c gia, ch\u00ednh quy\u1ec1n \u0111\u1ecba ph\u01b0\u01a1ng ho\u1eb7c ng\u01b0\u1eddi \u0111\u01b0\u1ee3c h\u1ecd \u1ee7y th\u00e1c th\u1ef1c hi\u1ec7n c\u00e1c c\u00f4ng vi\u1ec7c theo quy \u0111\u1ecbnh c\u1ee7a ph\u00e1p lu\u1eadt, vi\u1ec7c c\u00f3 \u0111\u01b0\u1ee3c s\u1ef1 \u0111\u1ed3ng \u00fd c\u1ee7a ng\u01b0\u1eddi li\u00ean quan c\u00f3 th\u1ec3 c\u1ea3n tr\u1edf vi\u1ec7c th\u1ef1c hi\u1ec7n c\u00f4ng vi\u1ec7c. c\u00f3 nguy c\u01a1<\/li>\n\n\n\n<li>Khi c\u00e1c v\u1ea5n \u0111\u1ec1 sau \u0111\u00e3 \u0111\u01b0\u1ee3c th\u00f4ng b\u00e1o ho\u1eb7c th\u00f4ng b\u00e1o tr\u01b0\u1edbc v\u00e0 C\u00f4ng ty \u0111\u00e3 th\u00f4ng b\u00e1o cho \u1ee6y ban b\u1ea3o v\u1ec7 th\u00f4ng tin c\u00e1 nh\u00e2n:\n<ol class=\"wp-block-list\">\n<li>M\u1ee5c \u0111\u00edch s\u1eed d\u1ee5ng bao g\u1ed3m vi\u1ec7c cung c\u1ea5p cho b\u00ean th\u1ee9 ba<\/li>\n\n\n\n<li>C\u00e1c m\u1ee5c d\u1eef li\u1ec7u \u0111\u01b0\u1ee3c cung c\u1ea5p cho b\u00ean th\u1ee9 ba<\/li>\n\n\n\n<li>Ph\u01b0\u01a1ng ti\u1ec7n ho\u1eb7c ph\u01b0\u01a1ng ph\u00e1p cung c\u1ea5p cho b\u00ean th\u1ee9 ba<\/li>\n\n\n\n<li>Ng\u1eebng cung c\u1ea5p th\u00f4ng tin c\u00e1 nh\u00e2n cho b\u00ean th\u1ee9 ba theo y\u00eau c\u1ea7u c\u1ee7a c\u00e1 nh\u00e2n<\/li>\n\n\n\n<li>C\u00e1ch ch\u1ea5p nh\u1eadn y\u00eau c\u1ea7u c\u1ee7a m\u1ed9t ng\u01b0\u1eddi<\/li>\n<\/ol>\n<\/li>\n<\/ol>\n<\/li>\n\n\n\n<li>B\u1ea5t k\u1ec3 c\u00e1c quy \u0111\u1ecbnh c\u1ee7a \u0111o\u1ea1n tr\u01b0\u1edbc, trong c\u00e1c tr\u01b0\u1eddng h\u1ee3p sau, ng\u01b0\u1eddi \u0111\u01b0\u1ee3c cung c\u1ea5p th\u00f4ng tin s\u1ebd kh\u00f4ng thu\u1ed9c nh\u00f3m b\u00ean th\u1ee9 ba.\n<ol class=\"wp-block-list\">\n<li>Khi c\u00f4ng ty ch\u00fang t\u00f4i \u1ee7y th\u00e1c to\u00e0n b\u1ed9 ho\u1eb7c m\u1ed9t ph\u1ea7n vi\u1ec7c x\u1eed l\u00fd th\u00f4ng tin c\u00e1 nh\u00e2n trong ph\u1ea1m vi c\u1ea7n thi\u1ebft \u0111\u1ec3 \u0111\u1ea1t \u0111\u01b0\u1ee3c m\u1ee5c \u0111\u00edch s\u1eed d\u1ee5ng.<\/li>\n\n\n\n<li>Khi th\u00f4ng tin c\u00e1 nh\u00e2n \u0111\u01b0\u1ee3c cung c\u1ea5p do k\u1ebf th\u1eeba ho\u1ea1t \u0111\u1ed9ng kinh doanh do s\u00e1p nh\u1eadp ho\u1eb7c v\u00ec l\u00fd do kh\u00e1c<\/li>\n\n\n\n<li>Trong tr\u01b0\u1eddng h\u1ee3p th\u00f4ng tin c\u00e1 nh\u00e2n \u0111\u01b0\u1ee3c s\u1eed d\u1ee5ng chung v\u1edbi m\u1ed9t ng\u01b0\u1eddi c\u1ee5 th\u1ec3, m\u1ed9t tuy\u00ean b\u1ed1 v\u1ec1 \u0111i\u1ec1u \u0111\u00f3 c\u0169ng nh\u01b0 c\u00e1c m\u1ee5c th\u00f4ng tin c\u00e1 nh\u00e2n s\u1ebd \u0111\u01b0\u1ee3c s\u1eed d\u1ee5ng chung, ph\u1ea1m vi c\u1ee7a nh\u1eefng ng\u01b0\u1eddi d\u00f9ng chung, m\u1ee5c \u0111\u00edch s\u1eed d\u1ee5ng c\u1ee7a ng\u01b0\u1eddi d\u00f9ng \u0111\u00f3 v\u00e0 n\u1ebfu ng\u01b0\u1eddi \u0111\u00f3 \u0111\u01b0\u1ee3c th\u00f4ng b\u00e1o tr\u01b0\u1edbc t\u00ean c\u1ee7a ng\u01b0\u1eddi ch\u1ecbu tr\u00e1ch nhi\u1ec7m qu\u1ea3n l\u00fd th\u00f4ng tin c\u00e1 nh\u00e2n ho\u1eb7c ng\u01b0\u1eddi \u0111\u00f3 \u0111\u01b0\u1ee3c th\u00f4ng b\u00e1o d\u1ec5 d\u00e0ng v\u1ec1 \u0111i\u1ec1u \u0111\u00f3.<\/li>\n<\/ol>\n<\/li>\n<\/ol>\n\n<h2 class=\"wp-block-heading\">\u0110i\u1ec1u 6 (Ti\u1ebft l\u1ed9 th\u00f4ng tin c\u00e1 nh\u00e2n)<\/h2>\n\n<ol class=\"wp-block-list\">\n<li>Khi ch\u00fang t\u00f4i \u0111\u01b0\u1ee3c m\u1ed9t ng\u01b0\u1eddi y\u00eau c\u1ea7u ti\u1ebft l\u1ed9 th\u00f4ng tin c\u00e1 nh\u00e2n, ch\u00fang t\u00f4i s\u1ebd ti\u1ebft l\u1ed9 th\u00f4ng tin n\u00e0y cho ng\u01b0\u1eddi \u0111\u00f3 ngay l\u1eadp t\u1ee9c. Tuy nhi\u00ean, n\u1ebfu vi\u1ec7c ti\u1ebft l\u1ed9 thu\u1ed9c b\u1ea5t k\u1ef3 tr\u01b0\u1eddng h\u1ee3p n\u00e0o sau \u0111\u00e2y, ch\u00fang t\u00f4i c\u00f3 th\u1ec3 kh\u00f4ng ti\u1ebft l\u1ed9 t\u1ea5t c\u1ea3 ho\u1eb7c m\u1ed9t ph\u1ea7n th\u00f4ng tin v\u00e0 n\u1ebfu ch\u00fang t\u00f4i quy\u1ebft \u0111\u1ecbnh kh\u00f4ng ti\u1ebft l\u1ed9 th\u00f4ng tin \u0111\u00f3, ch\u00fang t\u00f4i s\u1ebd th\u00f4ng b\u00e1o cho b\u1ea1n v\u1ec1 \u0111i\u1ec1u \u0111\u00f3 ngay l\u1eadp t\u1ee9c. Xin l\u01b0u \u00fd r\u1eb1ng s\u1ebd ph\u1ea3i tr\u1ea3 kho\u1ea3n ph\u00ed 1.000 y\u00ean cho m\u1ed7i l\u1ea7n ti\u1ebft l\u1ed9 th\u00f4ng tin c\u00e1 nh\u00e2n.\n<ol class=\"wp-block-list\">\n<li>Khi c\u00f3 nguy c\u01a1 g\u00e2y t\u1ed5n h\u1ea1i \u0111\u1ebfn t\u00ednh m\u1ea1ng, th\u00e2n th\u1ec3, t\u00e0i s\u1ea3n ho\u1eb7c c\u00e1c quy\u1ec1n, l\u1ee3i \u00edch kh\u00e1c c\u1ee7a ng\u01b0\u1eddi \u0111\u00f3 ho\u1eb7c b\u00ean th\u1ee9 ba.<\/li>\n\n\n\n<li>Trong tr\u01b0\u1eddng h\u1ee3p c\u00f3 nguy c\u01a1 c\u1ea3n tr\u1edf \u0111\u00e1ng k\u1ec3 \u0111\u1ebfn vi\u1ec7c th\u1ef1c hi\u1ec7n \u0111\u00fang ho\u1ea1t \u0111\u1ed9ng kinh doanh c\u1ee7a ch\u00fang t\u00f4i.<\/li>\n\n\n\n<li>Trong tr\u01b0\u1eddng h\u1ee3p n\u00f3 vi ph\u1ea1m c\u00e1c lu\u1eadt v\u00e0 quy \u0111\u1ecbnh kh\u00e1c.<\/li>\n<\/ol>\n<\/li>\n\n\n\n<li>B\u1ea5t k\u1ec3 c\u00e1c quy \u0111\u1ecbnh c\u1ee7a \u0111o\u1ea1n tr\u01b0\u1edbc, v\u1ec1 nguy\u00ean t\u1eafc, th\u00f4ng tin ngo\u00e0i th\u00f4ng tin c\u00e1 nh\u00e2n, ch\u1eb3ng h\u1ea1n nh\u01b0 th\u00f4ng tin l\u1ecbch s\u1eed v\u00e0 th\u00f4ng tin \u0111\u1eb7c tr\u01b0ng, \u200b\u200bs\u1ebd kh\u00f4ng \u0111\u01b0\u1ee3c ti\u1ebft l\u1ed9.<\/li>\n<\/ol>\n\n<h2 class=\"wp-block-heading\">\u0110i\u1ec1u 7 (Ch\u1ec9nh s\u1eeda v\u00e0 x\u00f3a th\u00f4ng tin c\u00e1 nh\u00e2n)<\/h2>\n\n<ol class=\"wp-block-list\">\n<li>N\u1ebfu th\u00f4ng tin c\u00e1 nh\u00e2n c\u1ee7a ng\u01b0\u1eddi d\u00f9ng do C\u00f4ng ty n\u1eafm gi\u1eef kh\u00f4ng ch\u00ednh x\u00e1c, ng\u01b0\u1eddi d\u00f9ng c\u00f3 th\u1ec3 y\u00eau c\u1ea7u C\u00f4ng ty s\u1eeda, th\u00eam ho\u1eb7c x\u00f3a th\u00f4ng tin c\u00e1 nh\u00e2n \u0111\u00f3 (sau \u0111\u00e2y g\u1ecdi l\u00e0 &#8221;Ch\u1ec9nh s\u1eeda, v.v.&#8221;) theo quy tr\u00ecnh do C\u00f4ng ty thi\u1ebft l\u1eadp . ) c\u00f3 th\u1ec3 \u0111\u01b0\u1ee3c y\u00eau c\u1ea7u.<\/li>\n\n\n\n<li>N\u1ebfu C\u00f4ng ty nh\u1eadn \u0111\u01b0\u1ee3c y\u00eau c\u1ea7u t\u1eeb ng\u01b0\u1eddi d\u00f9ng nh\u01b0 \u0111\u01b0\u1ee3c n\u00eau trong \u0111o\u1ea1n tr\u01b0\u1edbc v\u00e0 x\u00e1c \u0111\u1ecbnh r\u1eb1ng c\u1ea7n ph\u1ea3i \u0111\u00e1p \u1ee9ng y\u00eau c\u1ea7u \u0111\u00f3, C\u00f4ng ty s\u1ebd s\u1eeda th\u00f4ng tin c\u00e1 nh\u00e2n ngay l\u1eadp t\u1ee9c.<\/li>\n\n\n\n<li>Khi C\u00f4ng ty th\u1ef1c hi\u1ec7n ch\u1ec9nh s\u1eeda, v.v. d\u1ef1a tr\u00ean c\u00e1c quy \u0111\u1ecbnh c\u1ee7a \u0111o\u1ea1n tr\u01b0\u1edbc ho\u1eb7c quy\u1ebft \u0111\u1ecbnh kh\u00f4ng th\u1ef1c hi\u1ec7n ch\u1ec9nh s\u1eeda, v.v., C\u00f4ng ty s\u1ebd th\u00f4ng b\u00e1o ngay cho Ng\u01b0\u1eddi d\u00f9ng.<\/li>\n<\/ol>\n\n<h2 class=\"wp-block-heading\">\u0110i\u1ec1u 8 (T\u1ea1m d\u1eebng s\u1eed d\u1ee5ng th\u00f4ng tin c\u00e1 nh\u00e2n, v.v.)<\/h2>\n\n<ol class=\"wp-block-list\">\n<li>C\u00f4ng ty ch\u00fang t\u00f4i c\u00f3 th\u1ec3 t\u1ea1m d\u1eebng ho\u1eb7c x\u00f3a vi\u1ec7c s\u1eed d\u1ee5ng th\u00f4ng tin c\u00e1 nh\u00e2n (sau \u0111\u00e2y g\u1ecdi l\u00e0 &#8221;S\u1eed d\u1ee5ng th\u00f4ng tin c\u00e1 nh\u00e2n&#8221;) v\u00ec l\u00fd do th\u00f4ng tin c\u00e1 nh\u00e2n \u0111\u01b0\u1ee3c x\u1eed l\u00fd ngo\u00e0i ph\u1ea1m vi m\u1ee5c \u0111\u00edch s\u1eed d\u1ee5ng ho\u1eb7c th\u00f4ng tin \u0111\u00f3 \u0111\u01b0\u1ee3c l\u1ea5y b\u1edfi b\u1eb1ng c\u00e1c ph\u01b0\u01a1ng ti\u1ec7n b\u1ea5t h\u1ee3p ph\u00e1p. N\u1ebfu ch\u00fang t\u00f4i \u0111\u01b0\u1ee3c y\u00eau c\u1ea7u l\u00e0m nh\u01b0 v\u1eady, ch\u00fang t\u00f4i s\u1ebd ti\u1ebfn h\u00e0nh \u0111i\u1ec1u tra c\u1ea7n thi\u1ebft ngay l\u1eadp t\u1ee9c.<\/li>\n\n\n\n<li>N\u1ebfu ch\u00fang t\u00f4i x\u00e1c \u0111\u1ecbnh r\u1eb1ng c\u1ea7n ph\u1ea3i \u0111\u00e1p \u1ee9ng y\u00eau c\u1ea7u d\u1ef1a tr\u00ean k\u1ebft qu\u1ea3 \u0111i\u1ec1u tra \u1edf \u0111o\u1ea1n tr\u01b0\u1edbc, ch\u00fang t\u00f4i s\u1ebd \u0111\u00ecnh ch\u1ec9 vi\u1ec7c s\u1eed d\u1ee5ng th\u00f4ng tin c\u00e1 nh\u00e2n ngay l\u1eadp t\u1ee9c.<\/li>\n\n\n\n<li>N\u1ebfu C\u00f4ng ty t\u1ea1m d\u1eebng s\u1eed d\u1ee5ng, v.v. d\u1ef1a tr\u00ean c\u00e1c quy \u0111\u1ecbnh c\u1ee7a \u0111o\u1ea1n tr\u01b0\u1edbc ho\u1eb7c n\u1ebfu C\u00f4ng ty quy\u1ebft \u0111\u1ecbnh kh\u00f4ng t\u1ea1m d\u1eebng s\u1eed d\u1ee5ng, v.v., C\u00f4ng ty s\u1ebd th\u00f4ng b\u00e1o ngay cho ng\u01b0\u1eddi d\u00f9ng.<\/li>\n\n\n\n<li>B\u1ea5t k\u1ec3 hai \u0111o\u1ea1n tr\u01b0\u1edbc, trong tr\u01b0\u1eddng h\u1ee3p vi\u1ec7c \u0111\u00ecnh ch\u1ec9 s\u1eed d\u1ee5ng, v.v. s\u1ebd \u0111\u00f2i h\u1ecfi m\u1ed9t kho\u1ea3n chi ph\u00ed l\u1edbn ho\u1eb7c khi vi\u1ec7c \u0111\u00ecnh ch\u1ec9 s\u1eed d\u1ee5ng, v.v. g\u1eb7p kh\u00f3 kh\u0103n, c\u00e1c bi\u1ec7n ph\u00e1p thay th\u1ebf c\u1ea7n thi\u1ebft \u0111\u1ec3 b\u1ea3o v\u1ec7 quy\u1ec1n v\u00e0 l\u1ee3i \u00edch c\u1ee7a ng\u01b0\u1eddi d\u00f9ng c\u00f3 th\u1ec3 \u0111\u01b0\u1ee3c th\u1ef1c hi\u1ec7n. Trong nh\u1eefng tr\u01b0\u1eddng h\u1ee3p nh\u01b0 v\u1eady, bi\u1ec7n ph\u00e1p thay th\u1ebf n\u00e0y ph\u1ea3i \u0111\u01b0\u1ee3c th\u1ef1c hi\u1ec7n.<\/li>\n<\/ol>\n\n<h2 class=\"wp-block-heading\">\u0110i\u1ec1u 9 (Thay \u0111\u1ed5i ch\u00ednh s\u00e1ch b\u1ea3o m\u1eadt)<\/h2>\n\n<ol class=\"wp-block-list\">\n<li>N\u1ed9i dung c\u1ee7a ch\u00ednh s\u00e1ch n\u00e0y c\u00f3 th\u1ec3 \u0111\u01b0\u1ee3c thay \u0111\u1ed5i m\u00e0 kh\u00f4ng c\u1ea7n th\u00f4ng b\u00e1o cho ng\u01b0\u1eddi d\u00f9ng, ngo\u1ea1i tr\u1eeb lu\u1eadt ph\u00e1p v\u00e0 c\u00e1c v\u1ea5n \u0111\u1ec1 kh\u00e1c \u0111\u01b0\u1ee3c quy \u0111\u1ecbnh kh\u00e1c trong ch\u00ednh s\u00e1ch n\u00e0y.<\/li>\n\n\n\n<li>Tr\u1eeb khi c\u00f4ng ty ch\u00fang t\u00f4i c\u00f3 quy \u0111\u1ecbnh kh\u00e1c, ch\u00ednh s\u00e1ch quy\u1ec1n ri\u00eang t\u01b0 s\u1eeda \u0111\u1ed5i s\u1ebd c\u00f3 hi\u1ec7u l\u1ef1c k\u1ec3 t\u1eeb th\u1eddi \u0111i\u1ec3m \u0111\u01b0\u1ee3c \u0111\u0103ng tr\u00ean trang web n\u00e0y.<\/li>\n<\/ol>\n\n<h2 class=\"wp-block-heading\">\u0110i\u1ec1u 10 (Y\u00eau c\u1ea7u)<\/h2>\n\n<p>N\u1ebfu c\u00f3 th\u1eafc m\u1eafc v\u1ec1 ch\u00ednh s\u00e1ch n\u00e0y, vui l\u00f2ng li\u00ean h\u1ec7 v\u1edbi \u0111i\u1ec3m li\u00ean h\u1ec7 b\u00ean d\u01b0\u1edbi.<\/p>\n\n<p>\u0110\u1ecba ch\u1ec9: 3-68-32 Yotsuya, Fuchu-shi, Tokyo T\u00ean c\u00f4ng ty: Takasho Co., Ltd. Gi\u00e1m \u0111\u1ed1c \u0111\u1ea1i di\u1ec7n: Takataka Kishimoto<br\/> \u0110\u1ecba ch\u1ec9 email: E-mail sakan@ki-sho.co.jp<br\/> \u0110i\u1ec7n tho\u1ea1i: 042 (405) 9927<\/p>\n\n<div style=\"height:100px\" aria-hidden=\"true\" class=\"wp-block-spacer\"><\/div>\n","protected":false},"excerpt":{"rendered":"<p>C\u00f4ng ty TNHH Takasho (sau \u0111\u00e2y g\u1ecdi l\u00e0 &#8220;C\u00f4ng ty&#8221;) s\u1ebd x\u1eed l\u00fd th\u00f4ng tin c\u00e1 nh\u00e2n c\u1ee7a ng\u01b0\u1eddi d\u00f9ng trong c\u00e1c d\u1ecbch v\u1ee5 \u0111\u01b0\u1ee3c cung c\u1ea5p tr\u00ean trang web n\u00e0y (sau \u0111\u00e2y g\u1ecdi l\u00e0 &#8220;D\u1ecbch v\u1ee5&#8221;) nh\u01b0 sau. sau \u0111\u00e2y g\u1ecdi l\u00e0 &#8220;ch\u00ednh s\u00e1ch n\u00e0y&#8221;). \u0110i\u1ec1u 1 (Th\u00f4ng tin c\u00e1 nh\u00e2n) &#8220;Th\u00f4ng tin c\u00e1 nh\u00e2n&#8221; l\u00e0 &#8220;th\u00f4ng tin c\u00e1 nh\u00e2n&#8221; nh\u01b0 \u0111\u01b0\u1ee3c \u0111\u1ecbnh ngh\u0129a trong \u0110\u1ea1o lu\u1eadt b\u1ea3o v\u1ec7 th\u00f4ng tin c\u00e1 nh\u00e2n v\u00e0 l\u00e0 th\u00f4ng tin v\u1ec1 m\u1ed9t c\u00e1 nh\u00e2n \u0111ang s\u1ed1ng, bao g\u1ed3m t\u00ean, ng\u00e0y sinh, \u0111\u1ecba ch\u1ec9, s\u1ed1 \u0111i\u1ec7n tho\u1ea1i, th\u00f4ng tin li\u00ean h\u1ec7, v.v. \u0110\u00e2y l\u00e0 th\u00f4ng tin c\u00f3 th\u1ec3 nh\u1eadn d\u1ea1ng m\u1ed9t c\u00e1 nh\u00e2n [&hellip;]<\/p>\n","protected":false},"author":1,"featured_media":0,"parent":0,"menu_order":0,"comment_status":"closed","ping_status":"closed","template":"","meta":{"swell_btn_cv_data":"","footnotes":""},"class_list":["post-837","page","type-page","status-publish","hentry"],"_links":{"self":[{"href":"https:\/\/ki-sho.co.jp\/vi\/wp-json\/wp\/v2\/pages\/837","targetHints":{"allow":["GET"]}}],"collection":[{"href":"https:\/\/ki-sho.co.jp\/vi\/wp-json\/wp\/v2\/pages"}],"about":[{"href":"https:\/\/ki-sho.co.jp\/vi\/wp-json\/wp\/v2\/types\/page"}],"author":[{"embeddable":true,"href":"https:\/\/ki-sho.co.jp\/vi\/wp-json\/wp\/v2\/users\/1"}],"replies":[{"embeddable":true,"href":"https:\/\/ki-sho.co.jp\/vi\/wp-json\/wp\/v2\/comments?post=837"}],"version-history":[{"count":2,"href":"https:\/\/ki-sho.co.jp\/vi\/wp-json\/wp\/v2\/pages\/837\/revisions"}],"predecessor-version":[{"id":842,"href":"https:\/\/ki-sho.co.jp\/vi\/wp-json\/wp\/v2\/pages\/837\/revisions\/842"}],"wp:attachment":[{"href":"https:\/\/ki-sho.co.jp\/vi\/wp-json\/wp\/v2\/media?parent=837"}],"curies":[{"name":"wp","href":"https:\/\/api.w.org\/{rel}","templated":true}]}}