{"id":830,"date":"2024-11-30T21:25:02","date_gmt":"2024-11-30T12:25:02","guid":{"rendered":"https:\/\/ki-sho.co.jp\/lien-he-voi-chung-toi\/"},"modified":"2024-11-30T21:25:04","modified_gmt":"2024-11-30T12:25:04","slug":"lien-he-voi-chung-toi","status":"publish","type":"page","link":"https:\/\/ki-sho.co.jp\/vi\/lien-he-voi-chung-toi\/","title":{"rendered":"Li\u00ean h\u1ec7 v\u1edbi ch\u00fang t\u00f4i"},"content":{"rendered":"\n<p class=\"has-border -border01 is-style-bg_stripe u-mb-ctrl u-mb-40\" style=\"font-size:18px\">Xin vui l\u00f2ng li\u00ean h\u1ec7 v\u1edbi ch\u00fang t\u00f4i n\u1ebfu b\u1ea1n c\u00f3 b\u1ea5t k\u1ef3 c\u00e2u h\u1ecfi ho\u1eb7c m\u1ed1i quan t\u00e2m n\u00e0o.<br\/> Vui l\u00f2ng ki\u1ec3m tra &#8221; <strong><a href=\"https:\/\/ki-sho.co.jp\/privacypolicy\/\" target=\"_blank\" rel=\"noreferrer noopener nofollow\">Ch\u00ednh s\u00e1ch quy\u1ec1n ri\u00eang t\u01b0<\/a><\/strong> &#8220;, \u0111i\u1ec1n v\u00e0o c\u00e1c tr\u01b0\u1eddng b\u00ean d\u01b0\u1edbi v\u00e0 nh\u1ea5n n\u00fat g\u1eedi.<\/p>\n\n\n<div class=\"wpcf7 no-js\" id=\"wpcf7-f851-o1\" lang=\"vi-VN\" dir=\"ltr\" data-wpcf7-id=\"851\">\n<div class=\"screen-reader-response\"><p role=\"status\" aria-live=\"polite\" aria-atomic=\"true\"><\/p> <ul><\/ul><\/div>\n<form action=\"\/vi\/wp-json\/wp\/v2\/pages\/830#wpcf7-f851-o1\" method=\"post\" class=\"wpcf7-form init\" aria-label=\"Contact form\" novalidate=\"novalidate\" data-status=\"init\">\n<fieldset class=\"hidden-fields-container\"><input type=\"hidden\" name=\"_wpcf7\" value=\"851\" \/><input type=\"hidden\" name=\"_wpcf7_version\" value=\"6.1.5\" \/><input type=\"hidden\" name=\"_wpcf7_locale\" value=\"vi_VN\" \/><input type=\"hidden\" name=\"_wpcf7_unit_tag\" value=\"wpcf7-f851-o1\" \/><input type=\"hidden\" name=\"_wpcf7_container_post\" value=\"0\" \/><input type=\"hidden\" name=\"_wpcf7_posted_data_hash\" value=\"\" \/><input type=\"hidden\" name=\"_wpcf7_recaptcha_response\" value=\"\" \/>\n<\/fieldset>\n<table class=\"CF7_table\">\n\t<tr>\n\t\t<th>\n\t\t\t<p>N\u1ed9i dung t\u01b0 v\u1ea5n <span class=\"CF7_req\">b\u1eaft bu\u1ed9c<\/span>\n\t\t\t<\/p>\n\t\t<\/th>\n\t\t<td>\n\t\t\t<p><span class=\"wpcf7-form-control-wrap\" data-name=\"checkbox-inq\"><span class=\"wpcf7-form-control wpcf7-checkbox wpcf7-validates-as-required\"><span class=\"wpcf7-list-item first\"><input type=\"checkbox\" name=\"checkbox-inq[]\" value=\"T\u01b0 v\u1ea5n\" \/><span class=\"wpcf7-list-item-label\">T\u01b0 v\u1ea5n<\/span><\/span><span class=\"wpcf7-list-item\"><input type=\"checkbox\" name=\"checkbox-inq[]\" value=\"Tr\u00edch d\u1eabn\" \/><span class=\"wpcf7-list-item-label\">Tr\u00edch d\u1eabn<\/span><\/span><span class=\"wpcf7-list-item\"><input type=\"checkbox\" name=\"checkbox-inq[]\" value=\"cu\u1ed9c \u0111i\u1ec1u tra\" \/><span class=\"wpcf7-list-item-label\">cu\u1ed9c \u0111i\u1ec1u tra<\/span><\/span><span class=\"wpcf7-list-item last\"><input type=\"checkbox\" name=\"checkbox-inq[]\" value=\"Tuy\u1ec3n d\u1ee5ng&quot;&quot;Kh\u00e1c\" \/><span class=\"wpcf7-list-item-label\">Tuy\u1ec3n d\u1ee5ng&quot;&quot;Kh\u00e1c<\/span><\/span><\/span><\/span>\n\t\t\t<\/p>\n\t\t<\/td>\n\t<\/tr>\n\t<tr>\n\t\t<th>\n\t\t\t<p><span class=\"CF7_req\">T\u00ean b\u1eaft bu\u1ed9c<\/span>\n\t\t\t<\/p>\n\t\t<\/th>\n<span class=\"wpcf7-form-control-wrap\" data-name=\"your-name\"><input size=\"40\" maxlength=\"400\" class=\"wpcf7-form-control wpcf7-text wpcf7-validates-as-required\" aria-required=\"true\" aria-invalid=\"false\" placeholder=\"&lt;td&gt;V\u00ed d\u1ee5: t\u00ean c\u1ee7a b\u1ea1n&lt;\/td&gt;\" value=\"\" type=\"text\" name=\"your-name\" \/><\/span>\n\t<\/tr>\n\t<tr>\n\t\t<th>\n\t\t\t<p>\u0110\u1ecba ch\u1ec9 email <span class=\"CF7_req\">b\u1eaft bu\u1ed9c<\/span>\n\t\t\t<\/p>\n\t\t<\/th>\n<span class=\"wpcf7-form-control-wrap\" data-name=\"your-email\"><input size=\"40\" maxlength=\"400\" class=\"wpcf7-form-control wpcf7-email wpcf7-validates-as-required wpcf7-text wpcf7-validates-as-email\" aria-required=\"true\" aria-invalid=\"false\" placeholder=\"&lt;td&gt;V\u00ed d\u1ee5: \u00d7\u00d7\u00d7@\u00d7\u00d7\u00d7.com&lt;\/td&gt;\" value=\"\" type=\"email\" name=\"your-email\" \/><\/span>\n\t<\/tr>\n\t<tr>\n\t\t<th>\n\t\t\t<p>T\u00ean c\u00f4ng ty <span class=\"CF7_unreq\">t\u00f9y ch\u1ecdn<\/span>\n\t\t\t<\/p>\n\t\t<\/th>\n\t\t<td>\n\t\t\t<p><span class=\"wpcf7-form-control-wrap\" data-name=\"your-company\"><input size=\"40\" maxlength=\"400\" class=\"wpcf7-form-control wpcf7-text\" aria-invalid=\"false\" placeholder=\"V\u00ed d\u1ee5: \u25ef\u25ef C\u00f4ng ty TNHH\" value=\"\" type=\"text\" name=\"your-company\" \/><\/span>\n\t\t\t<\/p>\n\t\t<\/td>\n\t<\/tr>\n\t<tr>\n\t\t<th>\n\t\t\t<p>M\u00e3 b\u01b0u \u0111i\u1ec7n <span class=\"CF7_req\">b\u1eaft bu\u1ed9c<\/span>\n\t\t\t<\/p>\n\t\t<\/th>\n<span class=\"wpcf7-form-control-wrap\" data-name=\"zip\"><input size=\"40\" maxlength=\"400\" class=\"wpcf7-form-control wpcf7-text wpcf7-validates-as-required\" id=\"zip\" aria-required=\"true\" aria-invalid=\"false\" placeholder=\"&lt;td&gt;V\u00ed d\u1ee5: 123-4567&lt;\/td&gt;\" value=\"\" type=\"text\" name=\"zip\" \/><\/span>\n\t<\/tr>\n\t<tr>\n\t\t<th>\n\t\t\t<p>T\u1ec9nh <span class=\"CF7_req\">b\u1eaft bu\u1ed9c<\/span>\n\t\t\t<\/p>\n\t\t<\/th>\n<span class=\"wpcf7-form-control-wrap\" data-name=\"pref\"><input size=\"40\" maxlength=\"400\" class=\"wpcf7-form-control wpcf7-text wpcf7-validates-as-required\" id=\"pref\" aria-required=\"true\" aria-invalid=\"false\" placeholder=\"&lt;td&gt;V\u00ed d\u1ee5: Tokyo&lt;\/td&gt;\" value=\"\" type=\"text\" name=\"pref\" \/><\/span>\n\t<\/tr>\n\t<tr>\n\t\t<th>\n\t\t\t<p><span class=\"CF7_req\">\u0110\u1ecba ch\u1ec9 b\u1eaft bu\u1ed9c<\/span>\n\t\t\t<\/p>\n\t\t<\/th>\n<span class=\"wpcf7-form-control-wrap\" data-name=\"addr\"><input size=\"40\" maxlength=\"400\" class=\"wpcf7-form-control wpcf7-text wpcf7-validates-as-required\" id=\"addr\" aria-required=\"true\" aria-invalid=\"false\" placeholder=\"&lt;td class=&quot;address-100&quot;&gt;V\u00ed d\u1ee5: 12345 Ginza, Chuo-ku&lt;\/td&gt;\" value=\"\" type=\"text\" name=\"addr\" \/><\/span>\n\t<\/tr>\n\t<tr>\n\t\t<th>\n\t\t\t<p>S\u1ed1 \u0111i\u1ec7n tho\u1ea1i <span class=\"CF7_req\">b\u1eaft bu\u1ed9c<\/span>\n\t\t\t<\/p>\n\t\t<\/th>\n<span class=\"wpcf7-form-control-wrap\" data-name=\"your-tel\"><input size=\"40\" maxlength=\"400\" class=\"wpcf7-form-control wpcf7-text wpcf7-validates-as-required\" aria-required=\"true\" aria-invalid=\"false\" placeholder=\"&lt;td&gt;V\u00ed d\u1ee5: 03-1234-5678&lt;\/td&gt;\" value=\"\" type=\"text\" name=\"your-tel\" \/><\/span>\n\t<\/tr>\n\t<tr>\n\t\t<th>\n\t\t\t<p>N\u1ed9i dung th\u01b0 <span class=\"CF7_req\">b\u1eaft bu\u1ed9c<\/span>\n\t\t\t<\/p>\n\t\t<\/th>\n<span class=\"wpcf7-form-control-wrap\" data-name=\"your-message\"><textarea cols=\"40\" rows=\"10\" maxlength=\"2000\" class=\"wpcf7-form-control wpcf7-textarea wpcf7-validates-as-required\" aria-required=\"true\" aria-invalid=\"false\" placeholder=\"&lt;td class=&quot;message-100&quot;&gt;Vui l\u00f2ng nh\u1eadp chi ti\u1ebft y\u00eau c\u1ea7u c\u1ee7a b\u1ea1n&lt;\/td&gt;\" name=\"your-message\"><\/textarea><\/span>\n\t<\/tr>\n<\/table>\n<p class=\"CF7_btn\"><input class=\"wpcf7-form-control wpcf7-submit has-spinner\" type=\"submit\" value=\"g\u1eedi\" \/>\n<\/p><div class=\"wpcf7-response-output\" aria-hidden=\"true\"><\/div>\n<\/form>\n<\/div>\n\n\n<div style=\"height:100px\" aria-hidden=\"true\" class=\"wp-block-spacer\"><\/div>\n\n\n","protected":false},"excerpt":{"rendered":"<p>Xin vui l\u00f2ng li\u00ean h\u1ec7 v\u1edbi ch\u00fang t\u00f4i n\u1ebfu b\u1ea1n c\u00f3 b\u1ea5t k\u1ef3 c\u00e2u h\u1ecfi ho\u1eb7c m\u1ed1i quan t\u00e2m n\u00e0o. Vui l\u00f2ng ki\u1ec3m tra &#8221; Ch\u00ednh s\u00e1ch quy\u1ec1n ri\u00eang t\u01b0 &#8220;, \u0111i\u1ec1n v\u00e0o c\u00e1c tr\u01b0\u1eddng b\u00ean d\u01b0\u1edbi v\u00e0 nh\u1ea5n n\u00fat g\u1eedi.<\/p>\n","protected":false},"author":1,"featured_media":0,"parent":0,"menu_order":0,"comment_status":"closed","ping_status":"closed","template":"","meta":{"swell_btn_cv_data":"","footnotes":""},"class_list":["post-830","page","type-page","status-publish","hentry"],"_links":{"self":[{"href":"https:\/\/ki-sho.co.jp\/vi\/wp-json\/wp\/v2\/pages\/830","targetHints":{"allow":["GET"]}}],"collection":[{"href":"https:\/\/ki-sho.co.jp\/vi\/wp-json\/wp\/v2\/pages"}],"about":[{"href":"https:\/\/ki-sho.co.jp\/vi\/wp-json\/wp\/v2\/types\/page"}],"author":[{"embeddable":true,"href":"https:\/\/ki-sho.co.jp\/vi\/wp-json\/wp\/v2\/users\/1"}],"replies":[{"embeddable":true,"href":"https:\/\/ki-sho.co.jp\/vi\/wp-json\/wp\/v2\/comments?post=830"}],"version-history":[{"count":2,"href":"https:\/\/ki-sho.co.jp\/vi\/wp-json\/wp\/v2\/pages\/830\/revisions"}],"predecessor-version":[{"id":834,"href":"https:\/\/ki-sho.co.jp\/vi\/wp-json\/wp\/v2\/pages\/830\/revisions\/834"}],"wp:attachment":[{"href":"https:\/\/ki-sho.co.jp\/vi\/wp-json\/wp\/v2\/media?parent=830"}],"curies":[{"name":"wp","href":"https:\/\/api.w.org\/{rel}","templated":true}]}}