{"id":750,"date":"2024-11-30T21:25:02","date_gmt":"2024-11-30T12:25:02","guid":{"rendered":"https:\/\/ki-sho.co.jp\/%e0%b8%95%e0%b8%b4%e0%b8%94%e0%b8%95%e0%b9%88%e0%b8%ad%e0%b9%80%e0%b8%a3%e0%b8%b2\/"},"modified":"2024-11-30T21:25:04","modified_gmt":"2024-11-30T12:25:04","slug":"%e0%b8%95%e0%b8%b4%e0%b8%94%e0%b8%95%e0%b9%88%e0%b8%ad%e0%b9%80%e0%b8%a3%e0%b8%b2","status":"publish","type":"page","link":"https:\/\/ki-sho.co.jp\/th\/%e0%b8%95%e0%b8%b4%e0%b8%94%e0%b8%95%e0%b9%88%e0%b8%ad%e0%b9%80%e0%b8%a3%e0%b8%b2\/","title":{"rendered":"\u0e15\u0e34\u0e14\u0e15\u0e48\u0e2d\u0e40\u0e23\u0e32"},"content":{"rendered":"\n<p class=\"has-border -border01 is-style-bg_stripe u-mb-ctrl u-mb-40\" style=\"font-size:18px\">\u0e42\u0e1b\u0e23\u0e14\u0e15\u0e34\u0e14\u0e15\u0e48\u0e2d\u0e40\u0e23\u0e32\u0e2b\u0e32\u0e01\u0e21\u0e35\u0e04\u0e33\u0e16\u0e32\u0e21\u0e2b\u0e23\u0e37\u0e2d\u0e02\u0e49\u0e2d\u0e01\u0e31\u0e07\u0e27\u0e25\u0e43\u0e14 \u0e46 \u0e17\u0e35\u0e48\u0e04\u0e38\u0e13\u0e2d\u0e32\u0e08\u0e21\u0e35<br\/> \u0e42\u0e1b\u0e23\u0e14\u0e15\u0e23\u0e27\u0e08\u0e2a\u0e2d\u0e1a &#8221; <strong><a href=\"https:\/\/ki-sho.co.jp\/privacypolicy\/\" target=\"_blank\" rel=\"noreferrer noopener nofollow\">\u0e19\u0e42\u0e22\u0e1a\u0e32\u0e22\u0e04\u0e27\u0e32\u0e21\u0e40\u0e1b\u0e47\u0e19\u0e2a\u0e48\u0e27\u0e19\u0e15\u0e31\u0e27<\/a><\/strong> &#8221; \u0e01\u0e23\u0e2d\u0e01\u0e02\u0e49\u0e2d\u0e21\u0e39\u0e25\u0e43\u0e19\u0e0a\u0e48\u0e2d\u0e07\u0e14\u0e49\u0e32\u0e19\u0e25\u0e48\u0e32\u0e07\u0e41\u0e25\u0e49\u0e27\u0e01\u0e14\u0e1b\u0e38\u0e48\u0e21\u0e2a\u0e48\u0e07<\/p>\n\n\n<div class=\"wpcf7 no-js\" id=\"wpcf7-f754-o1\" lang=\"th\" dir=\"ltr\" data-wpcf7-id=\"754\">\n<div class=\"screen-reader-response\"><p role=\"status\" aria-live=\"polite\" aria-atomic=\"true\"><\/p> <ul><\/ul><\/div>\n<form action=\"\/th\/wp-json\/wp\/v2\/pages\/750#wpcf7-f754-o1\" method=\"post\" class=\"wpcf7-form init\" aria-label=\"Contact form\" novalidate=\"novalidate\" data-status=\"init\">\n<fieldset class=\"hidden-fields-container\"><input type=\"hidden\" name=\"_wpcf7\" value=\"754\" \/><input type=\"hidden\" name=\"_wpcf7_version\" value=\"6.1.5\" \/><input type=\"hidden\" name=\"_wpcf7_locale\" value=\"th\" \/><input type=\"hidden\" name=\"_wpcf7_unit_tag\" value=\"wpcf7-f754-o1\" \/><input type=\"hidden\" name=\"_wpcf7_container_post\" value=\"0\" \/><input type=\"hidden\" name=\"_wpcf7_posted_data_hash\" value=\"\" \/><input type=\"hidden\" name=\"_wpcf7_recaptcha_response\" value=\"\" \/>\n<\/fieldset>\n<table class=\"CF7_table\">\n\t<tr>\n\t\t<th>\n\t\t\t<p>\u0e40\u0e19\u0e37\u0e49\u0e2d\u0e2b\u0e32\u0e01\u0e32\u0e23\u0e43\u0e2b\u0e49\u0e04\u0e33\u0e1b\u0e23\u0e36\u0e01\u0e29\u0e32 <span class=\"CF7_req\">\u0e17\u0e35\u0e48\u0e08\u0e33\u0e40\u0e1b\u0e47\u0e19<\/span>\n\t\t\t<\/p>\n\t\t<\/th>\n\t\t<td>\n\t\t\t<p><span class=\"wpcf7-form-control-wrap\" data-name=\"checkbox-inq\"><span class=\"wpcf7-form-control wpcf7-checkbox wpcf7-validates-as-required\"><span class=\"wpcf7-list-item first\"><input type=\"checkbox\" name=\"checkbox-inq[]\" value=\"\u0e01\u0e32\u0e23\u0e43\u0e2b\u0e49\u0e04\u0e33\u0e1b\u0e23\u0e36\u0e01\u0e29\u0e32\" \/><span class=\"wpcf7-list-item-label\">\u0e01\u0e32\u0e23\u0e43\u0e2b\u0e49\u0e04\u0e33\u0e1b\u0e23\u0e36\u0e01\u0e29\u0e32<\/span><\/span><span class=\"wpcf7-list-item\"><input type=\"checkbox\" name=\"checkbox-inq[]\" value=\"\u0e2d\u0e49\u0e32\u0e07\" \/><span class=\"wpcf7-list-item-label\">\u0e2d\u0e49\u0e32\u0e07<\/span><\/span><span class=\"wpcf7-list-item\"><input type=\"checkbox\" name=\"checkbox-inq[]\" value=\"\u0e2a\u0e2d\u0e1a\u0e16\u0e32\u0e21\u0e23\u0e32\u0e22\u0e25\u0e30\u0e40\u0e2d\u0e35\u0e22\u0e14\u0e40\u0e1e\u0e34\u0e48\u0e21\u0e40\u0e15\u0e34\u0e21\" \/><span class=\"wpcf7-list-item-label\">\u0e2a\u0e2d\u0e1a\u0e16\u0e32\u0e21\u0e23\u0e32\u0e22\u0e25\u0e30\u0e40\u0e2d\u0e35\u0e22\u0e14\u0e40\u0e1e\u0e34\u0e48\u0e21\u0e40\u0e15\u0e34\u0e21<\/span><\/span><span class=\"wpcf7-list-item last\"><input type=\"checkbox\" name=\"checkbox-inq[]\" value=\"\u0e23\u0e31\u0e1a\u0e2a\u0e21\u0e31\u0e04\u0e23&quot;&quot;\u0e2d\u0e37\u0e48\u0e19\u0e46\" \/><span class=\"wpcf7-list-item-label\">\u0e23\u0e31\u0e1a\u0e2a\u0e21\u0e31\u0e04\u0e23&quot;&quot;\u0e2d\u0e37\u0e48\u0e19\u0e46<\/span><\/span><\/span><\/span>\n\t\t\t<\/p>\n\t\t<\/td>\n\t<\/tr>\n\t<tr>\n\t\t<th>\n\t\t\t<p><span class=\"CF7_req\">\u0e08\u0e33\u0e40\u0e1b\u0e47\u0e19\u0e0a\u0e37\u0e48\u0e2d<\/span>\n\t\t\t<\/p>\n\t\t<\/th>\n<span class=\"wpcf7-form-control-wrap\" data-name=\"your-name\"><input size=\"40\" maxlength=\"400\" class=\"wpcf7-form-control wpcf7-text wpcf7-validates-as-required\" aria-required=\"true\" aria-invalid=\"false\" placeholder=\"&lt;td&gt;\u0e15\u0e31\u0e27\u0e2d\u0e22\u0e48\u0e32\u0e07: \u0e0a\u0e37\u0e48\u0e2d\u0e02\u0e2d\u0e07\u0e04\u0e38\u0e13&lt;\/td&gt;\" value=\"\" type=\"text\" name=\"your-name\" \/><\/span>\n\t<\/tr>\n\t<tr>\n\t\t<th>\n\t\t\t<p>\u0e17\u0e35\u0e48\u0e2d\u0e22\u0e39\u0e48\u0e2d\u0e35\u0e40\u0e21\u0e25 <span class=\"CF7_req\">\u0e17\u0e35\u0e48\u0e08\u0e33\u0e40\u0e1b\u0e47\u0e19<\/span>\n\t\t\t<\/p>\n\t\t<\/th>\n<span class=\"wpcf7-form-control-wrap\" data-name=\"your-email\"><input size=\"40\" maxlength=\"400\" class=\"wpcf7-form-control wpcf7-email wpcf7-validates-as-required wpcf7-text wpcf7-validates-as-email\" aria-required=\"true\" aria-invalid=\"false\" placeholder=\"&lt;td&gt;\u0e15\u0e31\u0e27\u0e2d\u0e22\u0e48\u0e32\u0e07: \u00d7\u00d7\u00d7@\u00d7\u00d7\u00d7.com&lt;\/td&gt;\" value=\"\" type=\"email\" name=\"your-email\" \/><\/span>\n\t<\/tr>\n\t<tr>\n\t\t<th>\n\t\t\t<p>\u0e0a\u0e37\u0e48\u0e2d\u0e1a\u0e23\u0e34\u0e29\u0e31\u0e17 <span class=\"CF7_unreq\">\u0e40\u0e1e\u0e34\u0e48\u0e21\u0e40\u0e15\u0e34\u0e21<\/span>\n\t\t\t<\/p>\n\t\t<\/th>\n\t\t<td>\n\t\t\t<p><span class=\"wpcf7-form-control-wrap\" data-name=\"your-company\"><input size=\"40\" maxlength=\"400\" class=\"wpcf7-form-control wpcf7-text\" aria-invalid=\"false\" placeholder=\"\u0e15\u0e31\u0e27\u0e2d\u0e22\u0e48\u0e32\u0e07: \u25ef\u25ef Co., Ltd.\" value=\"\" type=\"text\" name=\"your-company\" \/><\/span>\n\t\t\t<\/p>\n\t\t<\/td>\n\t<\/tr>\n\t<tr>\n\t\t<th>\n\t\t\t<p>\u0e23\u0e2b\u0e31\u0e2a\u0e44\u0e1b\u0e23\u0e29\u0e13\u0e35\u0e22\u0e4c <span class=\"CF7_req\">\u0e17\u0e35\u0e48\u0e08\u0e33\u0e40\u0e1b\u0e47\u0e19<\/span>\n\t\t\t<\/p>\n\t\t<\/th>\n<span class=\"wpcf7-form-control-wrap\" data-name=\"zip\"><input size=\"40\" maxlength=\"400\" class=\"wpcf7-form-control wpcf7-text wpcf7-validates-as-required\" id=\"zip\" aria-required=\"true\" aria-invalid=\"false\" placeholder=\"&lt;td&gt;\u0e15\u0e31\u0e27\u0e2d\u0e22\u0e48\u0e32\u0e07: 123-4567&lt;\/td&gt;\" value=\"\" type=\"text\" name=\"zip\" \/><\/span>\n\t<\/tr>\n\t<tr>\n\t\t<th>\n\t\t\t<p>\u0e08\u0e31\u0e07\u0e2b\u0e27\u0e31\u0e14 <span class=\"CF7_req\">\u0e17\u0e35\u0e48\u0e15\u0e49\u0e2d\u0e07\u0e01\u0e32\u0e23<\/span>\n\t\t\t<\/p>\n\t\t<\/th>\n<span class=\"wpcf7-form-control-wrap\" data-name=\"pref\"><input size=\"40\" maxlength=\"400\" class=\"wpcf7-form-control wpcf7-text wpcf7-validates-as-required\" id=\"pref\" aria-required=\"true\" aria-invalid=\"false\" placeholder=\"&lt;td&gt;\u0e15\u0e31\u0e27\u0e2d\u0e22\u0e48\u0e32\u0e07: \u0e42\u0e15\u0e40\u0e01\u0e35\u0e22\u0e27&lt;\/td&gt;\" value=\"\" type=\"text\" name=\"pref\" \/><\/span>\n\t<\/tr>\n\t<tr>\n\t\t<th>\n\t\t\t<p><span class=\"CF7_req\">\u0e08\u0e33\u0e40\u0e1b\u0e47\u0e19\u0e15\u0e49\u0e2d\u0e07\u0e23\u0e30\u0e1a\u0e38\u0e17\u0e35\u0e48\u0e2d\u0e22\u0e39\u0e48<\/span>\n\t\t\t<\/p>\n\t\t<\/th>\n<span class=\"wpcf7-form-control-wrap\" data-name=\"addr\"><input size=\"40\" maxlength=\"400\" class=\"wpcf7-form-control wpcf7-text wpcf7-validates-as-required\" id=\"addr\" aria-required=\"true\" aria-invalid=\"false\" placeholder=\"&lt;td class=&quot;address-100&quot;&gt;\u0e15\u0e31\u0e27\u0e2d\u0e22\u0e48\u0e32\u0e07: 12345 \u0e01\u0e34\u0e19\u0e0b\u0e48\u0e32, \u0e0a\u0e39\u0e42\u0e2d-\u0e04\u0e38&lt;\/td&gt;\" value=\"\" type=\"text\" name=\"addr\" \/><\/span>\n\t<\/tr>\n\t<tr>\n\t\t<th>\n\t\t\t<p>\u0e2b\u0e21\u0e32\u0e22\u0e40\u0e25\u0e02\u0e42\u0e17\u0e23\u0e28\u0e31\u0e1e\u0e17\u0e4c <span class=\"CF7_req\">\u0e17\u0e35\u0e48\u0e08\u0e33\u0e40\u0e1b\u0e47\u0e19<\/span>\n\t\t\t<\/p>\n\t\t<\/th>\n<span class=\"wpcf7-form-control-wrap\" data-name=\"your-tel\"><input size=\"40\" maxlength=\"400\" class=\"wpcf7-form-control wpcf7-text wpcf7-validates-as-required\" aria-required=\"true\" aria-invalid=\"false\" placeholder=\"&lt;td&gt;\u0e15\u0e31\u0e27\u0e2d\u0e22\u0e48\u0e32\u0e07: 03-1234-5678&lt;\/td&gt;\" value=\"\" type=\"text\" name=\"your-tel\" \/><\/span>\n\t<\/tr>\n\t<tr>\n\t\t<th>\n\t\t\t<p>\u0e40\u0e19\u0e37\u0e49\u0e2d\u0e2b\u0e32\u0e02\u0e49\u0e2d\u0e04\u0e27\u0e32\u0e21 <span class=\"CF7_req\">\u0e17\u0e35\u0e48\u0e08\u0e33\u0e40\u0e1b\u0e47\u0e19<\/span>\n\t\t\t<\/p>\n\t\t<\/th>\n<span class=\"wpcf7-form-control-wrap\" data-name=\"your-message\"><textarea cols=\"40\" rows=\"10\" maxlength=\"2000\" class=\"wpcf7-form-control wpcf7-textarea wpcf7-validates-as-required\" aria-required=\"true\" aria-invalid=\"false\" placeholder=\"&lt;td class=&quot;message-100&quot;&gt;\u0e01\u0e23\u0e38\u0e13\u0e32\u0e01\u0e23\u0e2d\u0e01\u0e23\u0e32\u0e22\u0e25\u0e30\u0e40\u0e2d\u0e35\u0e22\u0e14\u0e04\u0e33\u0e16\u0e32\u0e21\u0e02\u0e2d\u0e07\u0e04\u0e38\u0e13&lt;\/td&gt;\" name=\"your-message\"><\/textarea><\/span>\n\t<\/tr>\n<\/table>\n<p class=\"CF7_btn\"><input class=\"wpcf7-form-control wpcf7-submit has-spinner\" type=\"submit\" value=\"\u0e2a\u0e48\u0e07\" \/>\n<\/p><div class=\"wpcf7-response-output\" aria-hidden=\"true\"><\/div>\n<\/form>\n<\/div>\n\n\n<div style=\"height:100px\" aria-hidden=\"true\" class=\"wp-block-spacer\"><\/div>\n\n\n","protected":false},"excerpt":{"rendered":"<p>\u0e42\u0e1b\u0e23\u0e14\u0e15\u0e34\u0e14\u0e15\u0e48\u0e2d\u0e40\u0e23\u0e32\u0e2b\u0e32\u0e01\u0e21\u0e35\u0e04\u0e33\u0e16\u0e32\u0e21\u0e2b\u0e23\u0e37\u0e2d\u0e02\u0e49\u0e2d\u0e01\u0e31\u0e07\u0e27\u0e25\u0e43\u0e14 \u0e46 \u0e17\u0e35\u0e48\u0e04\u0e38\u0e13\u0e2d\u0e32\u0e08\u0e21\u0e35 \u0e42\u0e1b\u0e23\u0e14\u0e15\u0e23\u0e27\u0e08\u0e2a\u0e2d\u0e1a &#8221; \u0e19\u0e42\u0e22\u0e1a\u0e32\u0e22\u0e04\u0e27\u0e32\u0e21\u0e40\u0e1b\u0e47\u0e19\u0e2a\u0e48\u0e27\u0e19\u0e15\u0e31\u0e27 &#8221; \u0e01\u0e23\u0e2d\u0e01\u0e02\u0e49\u0e2d\u0e21 [&hellip;]<\/p>\n","protected":false},"author":1,"featured_media":0,"parent":0,"menu_order":0,"comment_status":"closed","ping_status":"closed","template":"","meta":{"swell_btn_cv_data":"","footnotes":""},"class_list":["post-750","page","type-page","status-publish","hentry"],"_links":{"self":[{"href":"https:\/\/ki-sho.co.jp\/th\/wp-json\/wp\/v2\/pages\/750","targetHints":{"allow":["GET"]}}],"collection":[{"href":"https:\/\/ki-sho.co.jp\/th\/wp-json\/wp\/v2\/pages"}],"about":[{"href":"https:\/\/ki-sho.co.jp\/th\/wp-json\/wp\/v2\/types\/page"}],"author":[{"embeddable":true,"href":"https:\/\/ki-sho.co.jp\/th\/wp-json\/wp\/v2\/users\/1"}],"replies":[{"embeddable":true,"href":"https:\/\/ki-sho.co.jp\/th\/wp-json\/wp\/v2\/comments?post=750"}],"version-history":[{"count":1,"href":"https:\/\/ki-sho.co.jp\/th\/wp-json\/wp\/v2\/pages\/750\/revisions"}],"predecessor-version":[{"id":752,"href":"https:\/\/ki-sho.co.jp\/th\/wp-json\/wp\/v2\/pages\/750\/revisions\/752"}],"wp:attachment":[{"href":"https:\/\/ki-sho.co.jp\/th\/wp-json\/wp\/v2\/media?parent=750"}],"curies":[{"name":"wp","href":"https:\/\/api.w.org\/{rel}","templated":true}]}}